{"id":356,"date":"2023-10-27T11:54:14","date_gmt":"2023-10-27T09:54:14","guid":{"rendered":"https:\/\/worldplast.eu\/startseite\/"},"modified":"2024-02-22T16:54:47","modified_gmt":"2024-02-22T15:54:47","slug":"transport-wtryskarek","status":"publish","type":"page","link":"https:\/\/worldplast.eu\/pl\/","title":{"rendered":"Home"},"content":{"rendered":"\n<section class=\"banner\" style=\"height: 800px\">\n\t\n\t\n\t\t\t<div class=\"slide\" style=\"height: 800px\">\n\n\t\t\t\t<img decoding=\"async\" src=\"https:\/\/worldplast.eu\/wp-content\/uploads\/2024\/02\/Bild1.webp\" alt=\"Worldplast Transport maszyn do tworzyw sztucznych\">\n\n\t\t\t\t<div class=\"slide_overlay\">\n\n\t\t\t\t\t<div class=\"container h-100\">\n\n\t\t\t\t\t\t<div class=\"row h-100\">\n\n\t\t\t\t\t\t\t<div class=\"col-lg-12\">\n\n\t\t\t\t\t\t\t\t<span class=\"banner-headline\">Worldplast Transport maszyn do tworzyw sztucznych<\/span>\n\n\t\t\t\t\t\t\t\t<span class=\"banner-subline\">Transport maszyn do tworzyw sztucznych w Europie \u2013 bezpiecznie i niezawodnie<\/span>\n\n\t\t\t\t\t\t\t\t<a class=\"banner-link button\" target=\"\" href=\"https:\/\/worldplast.eu\/pl\/sprzedaz-uzywanych\/\">Wi\u0119cej o nas<\/a>\n\n\t\t\t\t\t\t\t<\/div>\n\n\t\t\t\t\t\t<\/div>\n\n\t\t\t\t\t<\/div>\n\n\t\t\t\t<\/div>\n\n\t\t\t<\/div>\n\n\t\t\n\t\t\t<div class=\"slide\" style=\"height: 800px\">\n\n\t\t\t\t<img decoding=\"async\" src=\"https:\/\/worldplast.eu\/wp-content\/uploads\/2024\/02\/seite-haupt.webp\" alt=\"Worldplast relokacja zak\u0142ad\u00f3w\">\n\n\t\t\t\t<div class=\"slide_overlay\">\n\n\t\t\t\t\t<div class=\"container h-100\">\n\n\t\t\t\t\t\t<div class=\"row h-100\">\n\n\t\t\t\t\t\t\t<div class=\"col-lg-12\">\n\n\t\t\t\t\t\t\t\t<span class=\"banner-headline\">Worldplast relokacja zak\u0142ad\u00f3w<\/span>\n\n\t\t\t\t\t\t\t\t<span class=\"banner-subline\">Wykonujemy kompleksowe relokacje zak\u0142ad\u00f3w, linii produkcyjnych, wtryskowni itp. Dysponujemy nowoczesnym zapleczem transportowym. <\/span>\n\n\t\t\t\t\t\t\t\t<a class=\"banner-link button\" target=\"\" href=\"https:\/\/worldplast.eu\/pl\/maschinen-transport\/\">Wi\u0119cej o nas<\/a>\n\n\t\t\t\t\t\t\t<\/div>\n\n\t\t\t\t\t\t<\/div>\n\n\t\t\t\t\t<\/div>\n\n\t\t\t\t<\/div>\n\n\t\t\t<\/div>\n\n\t\t\n\t\t\t<div class=\"slide\" style=\"height: 800px\">\n\n\t\t\t\t<img decoding=\"async\" src=\"https:\/\/worldplast.eu\/wp-content\/uploads\/2024\/02\/Bild8_hoeher.webp\" alt=\"Worldplast relokacja maszyn\">\n\n\t\t\t\t<div class=\"slide_overlay\">\n\n\t\t\t\t\t<div class=\"container h-100\">\n\n\t\t\t\t\t\t<div class=\"row h-100\">\n\n\t\t\t\t\t\t\t<div class=\"col-lg-12\">\n\n\t\t\t\t\t\t\t\t<span class=\"banner-headline\">Worldplast relokacja maszyn<\/span>\n\n\t\t\t\t\t\t\t\t<span class=\"banner-subline\">Wykonujemy relokacj\u0119 pojedynczych maszyn, jak i pe\u0142nych wtryskowni oraz zak\u0142ad\u00f3w produkcyjnych na terenie ca\u0142ej Europy!<\/span>\n\n\t\t\t\t\t\t\t\t<a class=\"banner-link button\" target=\"\" href=\"https:\/\/worldplast.eu\/pl\/maschinen-transport\/\">Wi\u0119cej o nas<\/a>\n\n\t\t\t\t\t\t\t<\/div>\n\n\t\t\t\t\t\t<\/div>\n\n\t\t\t\t\t<\/div>\n\n\t\t\t\t<\/div>\n\n\t\t\t<\/div>\n\n\t\t\n<\/section>\n\n\n\t<div class=\"bannerbox\">\n\n\t\t<div class=\"container\">\n\n\t\t\t<div class=\"row\">\n\n\t\t\t\t<div class=\"col-lg-12\">\n\n\t\t\t\t\t<div class=\"bannerbox_inner\">\n\n\t\t\t\t\t\t<div class=\"row\">\n\n\t\t\t\t\t\t\t\n\t\t\t\t\t\t\t\t<div class=\"bannerbox_column col-lg-4\" >\n\n\t\t\t\t\t\t\t\t\t<div class=\"bannerbox_column_single\">\n\n\t\t\t\t\t\t\t\t\t\t<div class=\"bannerbox_icon\">\n\n\t\t\t\t\t\t\t\t\t\t\t<i class=\"fas fa-user\"><\/i>\n\t\t\t\t\t\t\t\t\t\t<\/div>\n\n\t\t\t\t\t\t\t\t\t\t<div class=\"bannerbox_text\">\n\n\t\t\t\t\t\t\t\t\t\t\t<strong>Do\u015bwiadczony serwis<\/strong>\n\n\t\t\t\t\t\t\t\t\t\t\t<span>Wieloletnie do\u015bwiadczenie w transporcie maszyn<\/span>\n\n\t\t\t\t\t\t\t\t\t\t<\/div>\n\n\t\t\t\t\t\t\t\t\t<\/div>\n\n\t\t\t\t\t\t\t\t<\/div>\n\n\t\t\t\t\t\t\t\n\t\t\t\t\t\t\t\t<div class=\"bannerbox_column col-lg-4\" >\n\n\t\t\t\t\t\t\t\t\t<div class=\"bannerbox_column_single\">\n\n\t\t\t\t\t\t\t\t\t\t<div class=\"bannerbox_icon\">\n\n\t\t\t\t\t\t\t\t\t\t\t<i class=\"fas fa-headphones\"><\/i>\n\t\t\t\t\t\t\t\t\t\t<\/div>\n\n\t\t\t\t\t\t\t\t\t\t<div class=\"bannerbox_text\">\n\n\t\t\t\t\t\t\t\t\t\t\t<strong>24\/7 kontakt<\/strong>\n\n\t\t\t\t\t\t\t\t\t\t\t<span>+48 717-351-768<\/span>\n\n\t\t\t\t\t\t\t\t\t\t<\/div>\n\n\t\t\t\t\t\t\t\t\t<\/div>\n\n\t\t\t\t\t\t\t\t<\/div>\n\n\t\t\t\t\t\t\t\n\t\t\t\t\t\t\t\t<div class=\"bannerbox_column col-lg-4\" >\n\n\t\t\t\t\t\t\t\t\t<div class=\"bannerbox_column_single\">\n\n\t\t\t\t\t\t\t\t\t\t<div class=\"bannerbox_icon\">\n\n\t\t\t\t\t\t\t\t\t\t\t<i class=\"fas fa-trophy\"><\/i>\n\t\t\t\t\t\t\t\t\t\t<\/div>\n\n\t\t\t\t\t\t\t\t\t\t<div class=\"bannerbox_text\">\n\n\t\t\t\t\t\t\t\t\t\t\t<strong>Profesjonalna kadra<\/strong>\n\n\t\t\t\t\t\t\t\t\t\t\t<span>Do\u015bwiadczony zesp\u00f3\u0142 automatyk\u00f3w <\/span>\n\n\t\t\t\t\t\t\t\t\t\t<\/div>\n\n\t\t\t\t\t\t\t\t\t<\/div>\n\n\t\t\t\t\t\t\t\t<\/div>\n\n\t\t\t\t\t\t\t\n\t\t\t\t\t\t<\/div>\n\n\t\t\t\t\t<\/div>\n\n\t\t\t\t<\/div>\n\n\t\t\t<\/div>\n\n\t\t<\/div>\n\n\t<\/div>\n\n\n\n\n<div class=\"outer-wrapper \" style=\"background-color: rgba(0,0,0,0);\">\n\n\t<div class=\"wrapper container\" style=\"padding:    ;\">\n\n\t\t\n<section class=\"headline\">\n\t\n\t<div class=\"container\">\n\n\t\t<div class=\"row\">\n\n\t\t\t<div class=\"col-lg-12\">\n\n\t\t\t\t<div class=\"subline\">\n\n\t\t\t\t\t<span>Nasze us\u0142ugi<\/span>\n\n\t\t\t\t<\/div>\n\n\t\t\t\t<div class=\"headline\">\n\n\t\t\t\t\t<h2 class=\"theme-section-title\">Tw\u00f3j profesjonalny partner w transporcie maszyn do tworzyw\u00a0sztucznych<\/h2>\n\n\t\t\t\t<\/div>\n\n\t\t\t<\/div>\n\n\t\t<\/div>\n\n\t<\/div>\n\n<\/section>\n\n\n<div style=\"height:50px\" aria-hidden=\"true\" class=\"wp-block-spacer\"><\/div>\n\n\n\n<div class=\"row \">\n\n\t\n\t\t\t<div class=\"teaser_single col-lg-3 col-md-4 col-sm-6\">\n\n\t\t\t\t\n\t\t\t\t<div class=\"teaser_inner\">\n\n\t\t\t\t\t<img decoding=\"async\" src=\"https:\/\/worldplast.eu\/wp-content\/uploads\/2024\/02\/Bild7.webp\" alt=\"Worldplast relokacja zak\u0142ad\u00f3w\">\n\n\t\t\t\t\t<div class=\"teaser_content\">\n\n\t\t\t\t\t\t<span class=\"teaser_headline\">Konkurencyjne niskie ceny<\/span>\n\n\t\t\t\t\t\t<span class=\"teaser_description\">Dzi\u0119ki dobrej znajomo\u015bci rynku, firma Worldplast jest w stanie oferowa\u0107 najni\u017csze ceny przy zachowaniu wysokiej jako\u015bci us\u0142ug transportu\u00a0maszyn<\/span>\n\n\t\t\t\t\t\t\n\t\t\t\t\t<\/div>\n\n\t\t\t\t<\/div>\n\n\t\t\t\t\n\t\t\t<\/div>\n\n\t\t\n\t\t\t<div class=\"teaser_single col-lg-3 col-md-4 col-sm-6\">\n\n\t\t\t\t\n\t\t\t\t<div class=\"teaser_inner\">\n\n\t\t\t\t\t<img decoding=\"async\" src=\"https:\/\/worldplast.eu\/wp-content\/uploads\/2024\/02\/Bild4.webp\" alt=\"Worldplast Transport maszyn do tworzyw sztucznych\">\n\n\t\t\t\t\t<div class=\"teaser_content\">\n\n\t\t\t\t\t\t<span class=\"teaser_headline\">Kompleksowe us\u0142ugi<\/span>\n\n\t\t\t\t\t\t<span class=\"teaser_description\">Realizujemy zlecenia pocz\u0105wszy od procesu planowania, poprzez wykonanie prac, a\u017c po wsparcie przy uruchomieniu\u00a0maszyn.<\/span>\n\n\t\t\t\t\t\t\n\t\t\t\t\t<\/div>\n\n\t\t\t\t<\/div>\n\n\t\t\t\t\n\t\t\t<\/div>\n\n\t\t\n\t\t\t<div class=\"teaser_single col-lg-3 col-md-4 col-sm-6\">\n\n\t\t\t\t\n\t\t\t\t<div class=\"teaser_inner\">\n\n\t\t\t\t\t<img decoding=\"async\" src=\"https:\/\/worldplast.eu\/wp-content\/uploads\/2024\/02\/Bild_6.webp\" alt=\"relokacja maszyn Worldplast\">\n\n\t\t\t\t\t<div class=\"teaser_content\">\n\n\t\t\t\t\t\t<span class=\"teaser_headline\">Ubezpieczenie wykonywanych prac<\/span>\n\n\t\t\t\t\t\t<span class=\"teaser_description\">Bezpiecze\u0144stwo podczas realizacji projektu Zapewnienie bezpiecze\u0144stwa w trakcie realizacji projektu jest dla nas priorytetem. Regularne szkolenia i odpowiednie ubezpieczenie to dla nas standardowa\u00a0procedura.<\/span>\n\n\t\t\t\t\t\t\n\t\t\t\t\t<\/div>\n\n\t\t\t\t<\/div>\n\n\t\t\t\t\n\t\t\t<\/div>\n\n\t\t\n\t\t\t<div class=\"teaser_single col-lg-3 col-md-4 col-sm-6\">\n\n\t\t\t\t\n\t\t\t\t<div class=\"teaser_inner\">\n\n\t\t\t\t\t<img decoding=\"async\" src=\"https:\/\/worldplast.eu\/wp-content\/uploads\/2024\/02\/Bild_7.webp\" alt=\"transportu maszyn\">\n\n\t\t\t\t\t<div class=\"teaser_content\">\n\n\t\t\t\t\t\t<span class=\"teaser_headline\">Do\u015bwiadczeni specjali\u015bci<\/span>\n\n\t\t\t\t\t\t<span class=\"teaser_description\">Kwalifikowani specjali\u015bci\r\nNasza zgrana i do\u015bwiadczona ekipa jest kluczem do pomy\u015blnego zako\u0144czenia ka\u017cdego zadania zwi\u0105zanego z przenoszeniem\u00a0maszyn.<\/span>\n\n\t\t\t\t\t\t\n\t\t\t\t\t<\/div>\n\n\t\t\t\t<\/div>\n\n\t\t\t\t\n\t\t\t<\/div>\n\n\t\t\n<\/div>\n\n\t<\/div>\n\n<\/div>\n\n<section class=\"divider\">\n\t\n\t<div class=\"container\">\n\n\t\t<div class=\"row\">\n\n\t\t\t<div class=\"col-lg-12\">\n\n\t\t\t\t<h2><strong>Zapytaj o us\u0142ugi transportu maszyn!<\/strong><\/h2>\n<h1>Worldplast relokacja maszyn<\/h1>\n<p>Worldplast to do\u015bwiadczona firma zajmuj\u0105ca si\u0119 relokacj\u0105 maszyn do 4500 ton si\u0142y zwarcia oraz przeprowadzaniu zak\u0142ad\u00f3w na terenie ca\u0142ej Europy.<\/p>\n\n\t\t\t\t\n\t\t\t\t\t<a class=\"button\" href=\"https:\/\/worldplast.eu\/pl\/kontakt\/\">\n\t\t\t\t\t\tKontakt\t\t\n\t\t\t\t\t<\/a>\n\n\t\t\t\t\n\t\t\t<\/div>\n\n\t\t<\/div>\n\n\t<\/div>\n\n<\/section>\n\n\n<div class=\"outer-wrapper \" style=\"background-color: rgba(243,248,254,1);\">\n\n\t<div class=\"wrapper container-fluid container-fluid-small\" style=\"padding:    ;\">\n\n\t\t\n<section class=\"headline\">\n\t\n\t<div class=\"container\">\n\n\t\t<div class=\"row\">\n\n\t\t\t<div class=\"col-lg-12\">\n\n\t\t\t\t<div class=\"subline\">\n\n\t\t\t\t\t<span>Blog Worldplast<\/span>\n\n\t\t\t\t<\/div>\n\n\t\t\t\t<div class=\"headline\">\n\n\t\t\t\t\t<h2 class=\"theme-section-title\">Najnowsze informacje<\/h2>\n\n\t\t\t\t<\/div>\n\n\t\t\t<\/div>\n\n\t\t<\/div>\n\n\t<\/div>\n\n<\/section>\n\n\n<div style=\"height:50px\" aria-hidden=\"true\" class=\"wp-block-spacer\"><\/div>\n\n\n<div class=\"news\">\n\n\t\n\t<div class=\"row \">\n\n\t\t\n\t\t\t\t<div class=\"news-single\">\n\n\t\t\t\t\t<div class=\"news-single-inner\">\n\n\t\t\t\t\t\t\n\t\t\t\t\t\t\t<a href=\"https:\/\/worldplast.eu\/pl\/nowe-uzupelnienie-naszego-portfolio-maszyn-arburg-allrounder-270c\/\" class=\"news-image\">\n\n\t\t\t\t\t\t\t\t<img loading=\"lazy\" decoding=\"async\" width=\"1284\" height=\"2271\" src=\"https:\/\/worldplast.eu\/wp-content\/uploads\/2025\/01\/IMG_7714.jpg\" class=\"attachment-post-thumbnail size-post-thumbnail wp-post-image\" alt=\"\" srcset=\"https:\/\/worldplast.eu\/wp-content\/uploads\/2025\/01\/IMG_7714.jpg 1284w, https:\/\/worldplast.eu\/wp-content\/uploads\/2025\/01\/IMG_7714-170x300.jpg 170w, https:\/\/worldplast.eu\/wp-content\/uploads\/2025\/01\/IMG_7714-579x1024.jpg 579w, https:\/\/worldplast.eu\/wp-content\/uploads\/2025\/01\/IMG_7714-768x1358.jpg 768w, https:\/\/worldplast.eu\/wp-content\/uploads\/2025\/01\/IMG_7714-868x1536.jpg 868w, https:\/\/worldplast.eu\/wp-content\/uploads\/2025\/01\/IMG_7714-1158x2048.jpg 1158w\" sizes=\"auto, (max-width: 1284px) 100vw, 1284px\" \/>\n\t\t\t\t\t\t\t<\/a>\n\n\t\t\t\t\t\t\n\t\t\t\t\t\t<div class=\"news-single-content\">\n\n\t\t\t\t\t\t\t<strong class=\"news-headline\">Uzupe\u0142nienie naszego portfolio maszyn: Arburg Allrounder 270C<\/strong>\n\n\t\t\t\t\t\t\t\n\t\t\t\t\t\t\t<div class=\"news-excerpt\">\n\n\t\t\t\t\t\t\t\t\n\t\t\t\t\t\t\t<\/div>\n\n\t\t\t\t\t\t\t<a class=\"button\" href=\"https:\/\/worldplast.eu\/pl\/nowe-uzupelnienie-naszego-portfolio-maszyn-arburg-allrounder-270c\/\">Kontynuuj czytanie<\/a>\n\n\t\t\t\t\t\t<\/div>\n\n\t\t\t\t\t<\/div>\n\n\t\t\t\t<\/div>\n\n\t\t\t\n\t\t\t\t<div class=\"news-single\">\n\n\t\t\t\t\t<div class=\"news-single-inner\">\n\n\t\t\t\t\t\t\n\t\t\t\t\t\t\t<a href=\"https:\/\/worldplast.eu\/pl\/udane-demontaz-i-zaladunek-wtryskarki-o-mocy-3200-ton\/\" class=\"news-image\">\n\n\t\t\t\t\t\t\t\t<img loading=\"lazy\" decoding=\"async\" width=\"2560\" height=\"1440\" src=\"https:\/\/worldplast.eu\/wp-content\/uploads\/2024\/04\/worldpalst-scaled.jpg\" class=\"attachment-post-thumbnail size-post-thumbnail wp-post-image\" alt=\"\" srcset=\"https:\/\/worldplast.eu\/wp-content\/uploads\/2024\/04\/worldpalst-scaled.jpg 2560w, https:\/\/worldplast.eu\/wp-content\/uploads\/2024\/04\/worldpalst-300x169.jpg 300w, https:\/\/worldplast.eu\/wp-content\/uploads\/2024\/04\/worldpalst-1024x576.jpg 1024w, https:\/\/worldplast.eu\/wp-content\/uploads\/2024\/04\/worldpalst-768x432.jpg 768w, https:\/\/worldplast.eu\/wp-content\/uploads\/2024\/04\/worldpalst-1536x864.jpg 1536w, https:\/\/worldplast.eu\/wp-content\/uploads\/2024\/04\/worldpalst-2048x1152.jpg 2048w\" sizes=\"auto, (max-width: 2560px) 100vw, 2560px\" \/>\n\t\t\t\t\t\t\t<\/a>\n\n\t\t\t\t\t\t\n\t\t\t\t\t\t<div class=\"news-single-content\">\n\n\t\t\t\t\t\t\t<strong class=\"news-headline\">Udane Demonta\u017c i Za\u0142adunek Wtryskarki o Mocy 3200 Ton<\/strong>\n\n\t\t\t\t\t\t\t\n\t\t\t\t\t\t\t<div class=\"news-excerpt\">\n\n\t\t\t\t\t\t\t\t<p>Uda\u0142o nam si\u0119 pomy\u015blnie zdemontowa\u0107 ogromn\u0105 wtryskark\u0119 o mocy 3200 ton i przygotowa\u0107 j\u0105 do transportu. Nasz zesp\u00f3\u0142 wykaza\u0142 si\u0119 wyj\u0105tkowymi umiej\u0119tno\u015bciami i precyzj\u0105 przez ca\u0142y proces, co zapewni\u0142o p\u0142ynno\u015b\u0107 i bezpiecze\u0144stwo dzia\u0142a\u0144. Poniewa\u017c miejsce magazynowe u klienta by\u0142o bardzo ograniczone, konieczne by\u0142o natychmiastowe za\u0142adowanie wszystkich cz\u0119\u015bci po demonta\u017cu, co stanowi\u0142o znaczne wyzwanie logistyczne. Na [&hellip;]<\/p>\n\n\t\t\t\t\t\t\t<\/div>\n\n\t\t\t\t\t\t\t<a class=\"button\" href=\"https:\/\/worldplast.eu\/pl\/udane-demontaz-i-zaladunek-wtryskarki-o-mocy-3200-ton\/\">Kontynuuj czytanie<\/a>\n\n\t\t\t\t\t\t<\/div>\n\n\t\t\t\t\t<\/div>\n\n\t\t\t\t<\/div>\n\n\t\t\t\n\t\t\t\t<div class=\"news-single\">\n\n\t\t\t\t\t<div class=\"news-single-inner\">\n\n\t\t\t\t\t\t\n\t\t\t\t\t\t<div class=\"news-single-content\">\n\n\t\t\t\t\t\t\t<strong class=\"news-headline\">Roz\u0142adunek dwukomponentowej wtryskarki Battenfeld 5500\/2800<\/strong>\n\n\t\t\t\t\t\t\t\n\t\t\t\t\t\t\t<div class=\"news-excerpt\">\n\n\t\t\t\t\t\t\t\t<p>Chcemy przedstawi\u0107 Pa\u0144stwu roz\u0142adunek dwukomponentowej maszyny wtryskowej Battenfeld 5500\/2800.<\/p>\n<p>W tym filmiku zobacz\u0105 Pa\u0144stwo jak roz\u0142adujemy pierwsz\u0105 cz\u0119\u015b\u0107 maszyny wtryskowej \u2013 Uk\u0142ad zamykania.<br \/>\nW drugim filmiku przedstawimy roz\u0142adunek drugiej cz\u0119\u015bci \u2013 uk\u0142ad wtryskowy oraz urz\u0105dze\u0144 peryferyjnych.<\/p>\n<p>https:\/\/www.youtube.com\/watch?v=gXi0sBO6tEY\\<br \/>\nRoz\u0142adunek Battenfeld 5500\/2800<\/p>\n\n\t\t\t\t\t\t\t<\/div>\n\n\t\t\t\t\t\t\t<a class=\"button\" href=\"https:\/\/worldplast.eu\/pl\/rozladunek-wtryskarki\/\">Kontynuuj czytanie<\/a>\n\n\t\t\t\t\t\t<\/div>\n\n\t\t\t\t\t<\/div>\n\n\t\t\t\t<\/div>\n\n\t\t\t\n\t\t\t\t<div class=\"news-single\">\n\n\t\t\t\t\t<div class=\"news-single-inner\">\n\n\t\t\t\t\t\t\n\t\t\t\t\t\t\t<a href=\"https:\/\/worldplast.eu\/pl\/relokacja-engel\/\" class=\"news-image\">\n\n\t\t\t\t\t\t\t\t<img loading=\"lazy\" decoding=\"async\" width=\"600\" height=\"451\" src=\"https:\/\/worldplast.eu\/wp-content\/uploads\/2023\/10\/Blog1-Kopie.webp\" class=\"attachment-post-thumbnail size-post-thumbnail wp-post-image\" alt=\"Internationaler Umzug Spritzgie\u00dfmaschinen\" srcset=\"https:\/\/worldplast.eu\/wp-content\/uploads\/2023\/10\/Blog1-Kopie.webp 600w, https:\/\/worldplast.eu\/wp-content\/uploads\/2023\/10\/Blog1-Kopie-300x226.webp 300w\" sizes=\"auto, (max-width: 600px) 100vw, 600px\" \/>\n\t\t\t\t\t\t\t<\/a>\n\n\t\t\t\t\t\t\n\t\t\t\t\t\t<div class=\"news-single-content\">\n\n\t\t\t\t\t\t\t<strong class=\"news-headline\">Relokacja mi\u0119dzynarodowa: Hiszpania \u2013 Polska<\/strong>\n\n\t\t\t\t\t\t\t\n\t\t\t\t\t\t\t<div class=\"news-excerpt\">\n\n\t\t\t\t\t\t\t\t<p>In diesem Artikel stellen wir einen der zahlreichen Umz\u00fcge vor, die wir in letzter Zeit durchgef\u00fchrt haben. Geplant war ein Transport von Spanien nach Polen und unsere Aufgabe bestand darin, zwei riesige Spritzgie\u00dfmaschinen quer durch halb Europa zu transportieren:<\/p>\n\n\t\t\t\t\t\t\t<\/div>\n\n\t\t\t\t\t\t\t<a class=\"button\" href=\"https:\/\/worldplast.eu\/pl\/relokacja-engel\/\">Kontynuuj czytanie<\/a>\n\n\t\t\t\t\t\t<\/div>\n\n\t\t\t\t\t<\/div>\n\n\t\t\t\t<\/div>\n\n\t\t\t\n\t<\/div>\n\n\t\n\t\n\t<div class=\"row news_more-button\">\n\n\t\t<div class=\"col-lg-12\">\n\n\t\t\t<a class=\"button\" href=\"https:\/\/worldplast.eu\/pl\/blog\/\">wi\u0119cej komentarzy<\/a>\n\n\t\t<\/div>\n\n\t<\/div>\n\n<\/div>\n\n\t<\/div>\n\n<\/div>","protected":false},"excerpt":{"rendered":"","protected":false},"author":1,"featured_media":338,"parent":0,"menu_order":0,"comment_status":"closed","ping_status":"closed","template":"","meta":{"_acf_changed":false,"footnotes":""},"class_list":["post-356","page","type-page","status-publish","has-post-thumbnail","hentry"],"acf":[],"yoast_head":"<!-- This site is optimized with the Yoast SEO plugin v22.7 - https:\/\/yoast.com\/wordpress\/plugins\/seo\/ -->\n<title>Worldplast - Transport Wtryskarek<\/title>\n<meta name=\"description\" content=\"Za\u0142adunek, roz\u0142adunek i relokacja maszyn do tworzyw sztucznych na terenie ca\u0142ej Europy. Kompleksowe przeprowadzki ca\u0142ych\u00a0zak\u0142ad\u00f3w.\" \/>\n<meta name=\"robots\" content=\"index, follow, max-snippet:-1, max-image-preview:large, max-video-preview:-1\" \/>\n<link rel=\"canonical\" href=\"https:\/\/worldplast.eu\/pl\/\" \/>\n<meta property=\"og:locale\" content=\"pl_PL\" \/>\n<meta property=\"og:type\" content=\"article\" \/>\n<meta property=\"og:title\" content=\"Worldplast - Transport Wtryskarek\" \/>\n<meta property=\"og:description\" content=\"Za\u0142adunek, roz\u0142adunek i relokacja maszyn do tworzyw sztucznych na terenie ca\u0142ej Europy. Kompleksowe przeprowadzki ca\u0142ych\u00a0zak\u0142ad\u00f3w.\" \/>\n<meta property=\"og:url\" content=\"https:\/\/worldplast.eu\/pl\/\" \/>\n<meta property=\"og:site_name\" content=\"Worldplast\" \/>\n<meta property=\"article:modified_time\" content=\"2024-02-22T15:54:47+00:00\" \/>\n<meta property=\"og:image\" content=\"https:\/\/worldplast.eu\/wp-content\/uploads\/2023\/10\/cropped-favicon_worldplast.png\" \/>\n\t<meta property=\"og:image:width\" content=\"512\" \/>\n\t<meta property=\"og:image:height\" content=\"512\" \/>\n\t<meta property=\"og:image:type\" content=\"image\/png\" \/>\n<meta name=\"twitter:card\" content=\"summary_large_image\" \/>\n<meta name=\"twitter:label1\" content=\"Szacowany czas czytania\" \/>\n\t<meta name=\"twitter:data1\" content=\"3 minuty\" \/>\n<script type=\"application\/ld+json\" class=\"yoast-schema-graph\">{\"@context\":\"https:\/\/schema.org\",\"@graph\":[{\"@type\":\"WebPage\",\"@id\":\"https:\/\/worldplast.eu\/pl\/\",\"url\":\"https:\/\/worldplast.eu\/pl\/\",\"name\":\"Worldplast - Transport Wtryskarek\",\"isPartOf\":{\"@id\":\"https:\/\/worldplast.eu\/pl\/#website\"},\"primaryImageOfPage\":{\"@id\":\"https:\/\/worldplast.eu\/pl\/#primaryimage\"},\"image\":{\"@id\":\"https:\/\/worldplast.eu\/pl\/#primaryimage\"},\"thumbnailUrl\":\"https:\/\/worldplast.eu\/wp-content\/uploads\/2023\/10\/cropped-favicon_worldplast.png\",\"datePublished\":\"2023-10-27T09:54:14+00:00\",\"dateModified\":\"2024-02-22T15:54:47+00:00\",\"description\":\"Za\u0142adunek, roz\u0142adunek i relokacja maszyn do tworzyw sztucznych na terenie ca\u0142ej Europy. Kompleksowe przeprowadzki ca\u0142ych\u00a0zak\u0142ad\u00f3w.\",\"breadcrumb\":{\"@id\":\"https:\/\/worldplast.eu\/pl\/#breadcrumb\"},\"inLanguage\":\"pl-PL\",\"potentialAction\":[{\"@type\":\"ReadAction\",\"target\":[\"https:\/\/worldplast.eu\/pl\/\"]}]},{\"@type\":\"ImageObject\",\"inLanguage\":\"pl-PL\",\"@id\":\"https:\/\/worldplast.eu\/pl\/#primaryimage\",\"url\":\"https:\/\/worldplast.eu\/wp-content\/uploads\/2023\/10\/cropped-favicon_worldplast.png\",\"contentUrl\":\"https:\/\/worldplast.eu\/wp-content\/uploads\/2023\/10\/cropped-favicon_worldplast.png\",\"width\":512,\"height\":512},{\"@type\":\"BreadcrumbList\",\"@id\":\"https:\/\/worldplast.eu\/pl\/#breadcrumb\",\"itemListElement\":[{\"@type\":\"ListItem\",\"position\":1,\"name\":\"Home\",\"item\":\"https:\/\/worldplast.eu\/pl\/\"},{\"@type\":\"ListItem\",\"position\":2,\"name\":\"Home\"}]},{\"@type\":\"WebSite\",\"@id\":\"https:\/\/worldplast.eu\/pl\/#website\",\"url\":\"https:\/\/worldplast.eu\/pl\/\",\"name\":\"Worldplast\",\"description\":\"\",\"publisher\":{\"@id\":\"https:\/\/worldplast.eu\/pl\/#organization\"},\"potentialAction\":[{\"@type\":\"SearchAction\",\"target\":{\"@type\":\"EntryPoint\",\"urlTemplate\":\"https:\/\/worldplast.eu\/pl\/?s={search_term_string}\"},\"query-input\":\"required name=search_term_string\"}],\"inLanguage\":\"pl-PL\"},{\"@type\":\"Organization\",\"@id\":\"https:\/\/worldplast.eu\/pl\/#organization\",\"name\":\"Worldplast\",\"url\":\"https:\/\/worldplast.eu\/pl\/\",\"logo\":{\"@type\":\"ImageObject\",\"inLanguage\":\"pl-PL\",\"@id\":\"https:\/\/worldplast.eu\/pl\/#\/schema\/logo\/image\/\",\"url\":\"https:\/\/worldplast.eu\/wp-content\/uploads\/2023\/10\/logo-1066x251-1-1024x241-1.jpg\",\"contentUrl\":\"https:\/\/worldplast.eu\/wp-content\/uploads\/2023\/10\/logo-1066x251-1-1024x241-1.jpg\",\"width\":1024,\"height\":241,\"caption\":\"Worldplast\"},\"image\":{\"@id\":\"https:\/\/worldplast.eu\/pl\/#\/schema\/logo\/image\/\"}}]}<\/script>\n<!-- \/ Yoast SEO plugin. -->","yoast_head_json":{"title":"Worldplast - Transport Wtryskarek","description":"Za\u0142adunek, roz\u0142adunek i relokacja maszyn do tworzyw sztucznych na terenie ca\u0142ej Europy. Kompleksowe przeprowadzki ca\u0142ych\u00a0zak\u0142ad\u00f3w.","robots":{"index":"index","follow":"follow","max-snippet":"max-snippet:-1","max-image-preview":"max-image-preview:large","max-video-preview":"max-video-preview:-1"},"canonical":"https:\/\/worldplast.eu\/pl\/","og_locale":"pl_PL","og_type":"article","og_title":"Worldplast - Transport Wtryskarek","og_description":"Za\u0142adunek, roz\u0142adunek i relokacja maszyn do tworzyw sztucznych na terenie ca\u0142ej Europy. Kompleksowe przeprowadzki ca\u0142ych\u00a0zak\u0142ad\u00f3w.","og_url":"https:\/\/worldplast.eu\/pl\/","og_site_name":"Worldplast","article_modified_time":"2024-02-22T15:54:47+00:00","og_image":[{"width":512,"height":512,"url":"https:\/\/worldplast.eu\/wp-content\/uploads\/2023\/10\/cropped-favicon_worldplast.png","type":"image\/png"}],"twitter_card":"summary_large_image","twitter_misc":{"Szacowany czas czytania":"3 minuty"},"schema":{"@context":"https:\/\/schema.org","@graph":[{"@type":"WebPage","@id":"https:\/\/worldplast.eu\/pl\/","url":"https:\/\/worldplast.eu\/pl\/","name":"Worldplast - Transport Wtryskarek","isPartOf":{"@id":"https:\/\/worldplast.eu\/pl\/#website"},"primaryImageOfPage":{"@id":"https:\/\/worldplast.eu\/pl\/#primaryimage"},"image":{"@id":"https:\/\/worldplast.eu\/pl\/#primaryimage"},"thumbnailUrl":"https:\/\/worldplast.eu\/wp-content\/uploads\/2023\/10\/cropped-favicon_worldplast.png","datePublished":"2023-10-27T09:54:14+00:00","dateModified":"2024-02-22T15:54:47+00:00","description":"Za\u0142adunek, roz\u0142adunek i relokacja maszyn do tworzyw sztucznych na terenie ca\u0142ej Europy. Kompleksowe przeprowadzki ca\u0142ych\u00a0zak\u0142ad\u00f3w.","breadcrumb":{"@id":"https:\/\/worldplast.eu\/pl\/#breadcrumb"},"inLanguage":"pl-PL","potentialAction":[{"@type":"ReadAction","target":["https:\/\/worldplast.eu\/pl\/"]}]},{"@type":"ImageObject","inLanguage":"pl-PL","@id":"https:\/\/worldplast.eu\/pl\/#primaryimage","url":"https:\/\/worldplast.eu\/wp-content\/uploads\/2023\/10\/cropped-favicon_worldplast.png","contentUrl":"https:\/\/worldplast.eu\/wp-content\/uploads\/2023\/10\/cropped-favicon_worldplast.png","width":512,"height":512},{"@type":"BreadcrumbList","@id":"https:\/\/worldplast.eu\/pl\/#breadcrumb","itemListElement":[{"@type":"ListItem","position":1,"name":"Home","item":"https:\/\/worldplast.eu\/pl\/"},{"@type":"ListItem","position":2,"name":"Home"}]},{"@type":"WebSite","@id":"https:\/\/worldplast.eu\/pl\/#website","url":"https:\/\/worldplast.eu\/pl\/","name":"Worldplast","description":"","publisher":{"@id":"https:\/\/worldplast.eu\/pl\/#organization"},"potentialAction":[{"@type":"SearchAction","target":{"@type":"EntryPoint","urlTemplate":"https:\/\/worldplast.eu\/pl\/?s={search_term_string}"},"query-input":"required name=search_term_string"}],"inLanguage":"pl-PL"},{"@type":"Organization","@id":"https:\/\/worldplast.eu\/pl\/#organization","name":"Worldplast","url":"https:\/\/worldplast.eu\/pl\/","logo":{"@type":"ImageObject","inLanguage":"pl-PL","@id":"https:\/\/worldplast.eu\/pl\/#\/schema\/logo\/image\/","url":"https:\/\/worldplast.eu\/wp-content\/uploads\/2023\/10\/logo-1066x251-1-1024x241-1.jpg","contentUrl":"https:\/\/worldplast.eu\/wp-content\/uploads\/2023\/10\/logo-1066x251-1-1024x241-1.jpg","width":1024,"height":241,"caption":"Worldplast"},"image":{"@id":"https:\/\/worldplast.eu\/pl\/#\/schema\/logo\/image\/"}}]}},"_links":{"self":[{"href":"https:\/\/worldplast.eu\/pl\/wp-json\/wp\/v2\/pages\/356","targetHints":{"allow":["GET"]}}],"collection":[{"href":"https:\/\/worldplast.eu\/pl\/wp-json\/wp\/v2\/pages"}],"about":[{"href":"https:\/\/worldplast.eu\/pl\/wp-json\/wp\/v2\/types\/page"}],"author":[{"embeddable":true,"href":"https:\/\/worldplast.eu\/pl\/wp-json\/wp\/v2\/users\/1"}],"replies":[{"embeddable":true,"href":"https:\/\/worldplast.eu\/pl\/wp-json\/wp\/v2\/comments?post=356"}],"version-history":[{"count":39,"href":"https:\/\/worldplast.eu\/pl\/wp-json\/wp\/v2\/pages\/356\/revisions"}],"predecessor-version":[{"id":1303,"href":"https:\/\/worldplast.eu\/pl\/wp-json\/wp\/v2\/pages\/356\/revisions\/1303"}],"wp:featuredmedia":[{"embeddable":true,"href":"https:\/\/worldplast.eu\/pl\/wp-json\/wp\/v2\/media\/338"}],"wp:attachment":[{"href":"https:\/\/worldplast.eu\/pl\/wp-json\/wp\/v2\/media?parent=356"}],"curies":[{"name":"wp","href":"https:\/\/api.w.org\/{rel}","templated":true}]}}