{"id":353,"date":"2023-10-27T11:54:27","date_gmt":"2023-10-27T09:54:27","guid":{"rendered":"https:\/\/worldplast.eu\/maschinen-transport\/"},"modified":"2024-02-22T14:32:28","modified_gmt":"2024-02-22T13:32:28","slug":"transporty-wtryskarek","status":"publish","type":"page","link":"https:\/\/worldplast.eu\/pl\/transporty-wtryskarek\/","title":{"rendered":"Transporty wtryskarek"},"content":{"rendered":"\n<section class=\"banner\" style=\"height: 600px\">\n\t\n\t\n\t\t\t<div class=\"slide\" style=\"height: 600px\">\n\n\t\t\t\t<img decoding=\"async\" src=\"https:\/\/worldplast.eu\/wp-content\/uploads\/2024\/02\/Bild2-scaled.jpg\" alt=\"Transporty wtryskarek\">\n\n\t\t\t\t<div class=\"slide_overlay\">\n\n\t\t\t\t\t<div class=\"container h-100\">\n\n\t\t\t\t\t\t<div class=\"row h-100\">\n\n\t\t\t\t\t\t\t<div class=\"col-lg-12\">\n\n\t\t\t\t\t\t\t\t<span class=\"banner-headline\">O nas<\/span>\n\n\t\t\t\t\t\t\t\t<span class=\"banner-subline\"><\/span>\n\n\t\t\t\t\t\t\t\t<a class=\"banner-link button\" target=\"\" href=\"https:\/\/worldplast.eu\/pl\/kontakt\/\">Skontaktuj si\u0119 z nami<\/a>\n\n\t\t\t\t\t\t\t<\/div>\n\n\t\t\t\t\t\t<\/div>\n\n\t\t\t\t\t<\/div>\n\n\t\t\t\t<\/div>\n\n\t\t\t<\/div>\n\n\t\t\n<\/section>\n\n\t\t\t\t\t\n\n\n\n<div class=\"outer-wrapper \" style=\"background-color: rgba(243,248,254,1);\">\n\n\t<div class=\"wrapper container\" style=\"padding:    ;\">\n\n\t\t\n\n<div class=\"row\">\n\n\t<div class=\"col-lg-12\">\n\n\t\t<div class=\"textwrap\" style=\"column-count: 1\">\n\n\t\t\t<p>Nasze do\u015bwiadczenie w relokacji maszyn opiera si\u0119 na licznych us\u0142ugach zwi\u0105zanych z transportem zar\u00f3wno pojedynczych maszyn, jak i kilkudziesi\u0119ciu kompletnych zak\u0142ad\u00f3w do produkcji wtryskowej w Niemczech i za granic\u0105. Powtarzali\u015bmy r\u00f3wnie\u017c przygotowania maszyn wtryskowych do transportu morskiego.<\/p>\n<p><strong>Us\u0142ugi<\/strong><\/p>\n<p>Ca\u0142y proces, pocz\u0105wszy od zapytania klienta a\u017c do finalizacji zam\u00f3wienia, odbywa si\u0119 w sta\u0142ym kontakcie z klientem. Zapewniamy kompleksowe przekazywanie informacji analitycznych, ofertowych, logistycznych oraz sposobu realizacji przeprowadzki.<\/p>\n<p>Profesjonalny i nowoczesny sprz\u0119t, kt\u00f3ry jest dost\u0119pny w naszym wyposa\u017ceniu, umo\u017cliwia szybki i efektywny transport maszyn, nawet w trudnych warunkach.<\/p>\n<p>Do\u015bwiadczony zesp\u00f3\u0142 in\u017cynier\u00f3w gwarantuje bezpieczny i profesjonalny demonta\u017c maszyn oraz ich przygotowanie do transportu.<\/p>\n<p>Oferujemy szczeg\u00f3\u0142ow\u0105 wycen\u0119 planowanych us\u0142ug, opart\u0105 na analizie warunk\u00f3w transportu, parametrach przewozu i miejscu realizacji us\u0142ugi.<\/p>\n<p><strong>Wyposa\u017cenie<\/strong><\/p>\n<p>Jednocze\u015bnie zapewniamy Pa\u0144stwu, \u017ce dysponujemy pe\u0142nym zestawem szkole\u0144, ubezpiecze\u0144, uprawnie\u0144 i zezwole\u0144, kt\u00f3re s\u0105 niezb\u0119dne do przeprowadzenia tego rodzaju prac.<\/p>\n<p>W trakcie realizacji prac wykorzystujemy:<\/p>\n<ul>\n<li>\u017burawie przemys\u0142owe i urz\u0105dzenia d\u017awigowe<\/li>\n<li>Specjalistyczny sprz\u0119t do relokacji maszyn<\/li>\n<li>Podno\u015bniki i podno\u015bniki koszowe<\/li>\n<li>W\u00f3zki wid\u0142owe<\/li>\n<li>D\u017awigi<\/li>\n<li>Samochody ci\u0119\u017carowe<\/li>\n<li>Samochody ci\u0119\u017carowe o nadmiarowych wymiarach<\/li>\n<\/ul>\n<p><strong>Jako\u015b\u0107<\/strong><\/p>\n<p>Nasz\u0105 najwa\u017cniejsz\u0105 cech\u0105 jest dba\u0142o\u015b\u0107 o detale, precyzja i profesjonalizm, co przek\u0142ada si\u0119 na zadowolonych klient\u00f3w, kt\u00f3rzy wielokrotnie korzystaj\u0105 z naszych us\u0142ug.<\/p>\n<p>W zwi\u0105zku z powy\u017cszym serdecznie zapraszamy do skorzystania z naszych us\u0142ug.<\/p>\n\n\t\t<\/div>\n\n\t<\/div>\n\n<\/div>\n\n\t<\/div>\n\n<\/div>","protected":false},"excerpt":{"rendered":"","protected":false},"author":1,"featured_media":0,"parent":0,"menu_order":0,"comment_status":"closed","ping_status":"closed","template":"","meta":{"_acf_changed":false,"footnotes":""},"class_list":["post-353","page","type-page","status-publish","hentry"],"acf":[],"yoast_head":"<!-- This site is optimized with the Yoast SEO plugin v22.7 - https:\/\/yoast.com\/wordpress\/plugins\/seo\/ -->\n<title>Transporty wtryskarek - Worldplast<\/title>\n<meta name=\"description\" content=\"Specjalizujemy si\u0119 w relokacji maszyn i zak\u0142ad\u00f3w, zapewniaj\u0105c bezpieczny transport, demonta\u017c i profesjonalizm dzi\u0119ki do\u015bwiadczonemu zespo\u0142owi\" \/>\n<meta name=\"robots\" content=\"index, follow, max-snippet:-1, max-image-preview:large, max-video-preview:-1\" \/>\n<link rel=\"canonical\" href=\"https:\/\/worldplast.eu\/pl\/transporty-wtryskarek\/\" \/>\n<meta property=\"og:locale\" content=\"pl_PL\" \/>\n<meta property=\"og:type\" content=\"article\" \/>\n<meta property=\"og:title\" content=\"Transporty wtryskarek - Worldplast\" \/>\n<meta property=\"og:description\" content=\"Specjalizujemy si\u0119 w relokacji maszyn i zak\u0142ad\u00f3w, zapewniaj\u0105c bezpieczny transport, demonta\u017c i profesjonalizm dzi\u0119ki do\u015bwiadczonemu zespo\u0142owi\" \/>\n<meta property=\"og:url\" content=\"https:\/\/worldplast.eu\/pl\/transporty-wtryskarek\/\" \/>\n<meta property=\"og:site_name\" content=\"Worldplast\" \/>\n<meta property=\"article:modified_time\" content=\"2024-02-22T13:32:28+00:00\" \/>\n<meta name=\"twitter:card\" content=\"summary_large_image\" \/>\n<meta name=\"twitter:label1\" content=\"Szacowany czas czytania\" \/>\n\t<meta name=\"twitter:data1\" content=\"2 minuty\" \/>\n<script type=\"application\/ld+json\" class=\"yoast-schema-graph\">{\"@context\":\"https:\/\/schema.org\",\"@graph\":[{\"@type\":\"WebPage\",\"@id\":\"https:\/\/worldplast.eu\/pl\/transporty-wtryskarek\/\",\"url\":\"https:\/\/worldplast.eu\/pl\/transporty-wtryskarek\/\",\"name\":\"Transporty wtryskarek - Worldplast\",\"isPartOf\":{\"@id\":\"https:\/\/worldplast.eu\/pl\/#website\"},\"datePublished\":\"2023-10-27T09:54:27+00:00\",\"dateModified\":\"2024-02-22T13:32:28+00:00\",\"description\":\"Specjalizujemy si\u0119 w relokacji maszyn i zak\u0142ad\u00f3w, zapewniaj\u0105c bezpieczny transport, demonta\u017c i profesjonalizm dzi\u0119ki do\u015bwiadczonemu zespo\u0142owi\",\"breadcrumb\":{\"@id\":\"https:\/\/worldplast.eu\/pl\/transporty-wtryskarek\/#breadcrumb\"},\"inLanguage\":\"pl-PL\",\"potentialAction\":[{\"@type\":\"ReadAction\",\"target\":[\"https:\/\/worldplast.eu\/pl\/transporty-wtryskarek\/\"]}]},{\"@type\":\"BreadcrumbList\",\"@id\":\"https:\/\/worldplast.eu\/pl\/transporty-wtryskarek\/#breadcrumb\",\"itemListElement\":[{\"@type\":\"ListItem\",\"position\":1,\"name\":\"Home\",\"item\":\"https:\/\/worldplast.eu\/pl\/\"},{\"@type\":\"ListItem\",\"position\":2,\"name\":\"Transporty wtryskarek\"}]},{\"@type\":\"WebSite\",\"@id\":\"https:\/\/worldplast.eu\/pl\/#website\",\"url\":\"https:\/\/worldplast.eu\/pl\/\",\"name\":\"Worldplast\",\"description\":\"\",\"publisher\":{\"@id\":\"https:\/\/worldplast.eu\/pl\/#organization\"},\"potentialAction\":[{\"@type\":\"SearchAction\",\"target\":{\"@type\":\"EntryPoint\",\"urlTemplate\":\"https:\/\/worldplast.eu\/pl\/?s={search_term_string}\"},\"query-input\":\"required name=search_term_string\"}],\"inLanguage\":\"pl-PL\"},{\"@type\":\"Organization\",\"@id\":\"https:\/\/worldplast.eu\/pl\/#organization\",\"name\":\"Worldplast\",\"url\":\"https:\/\/worldplast.eu\/pl\/\",\"logo\":{\"@type\":\"ImageObject\",\"inLanguage\":\"pl-PL\",\"@id\":\"https:\/\/worldplast.eu\/pl\/#\/schema\/logo\/image\/\",\"url\":\"https:\/\/worldplast.eu\/wp-content\/uploads\/2023\/10\/logo-1066x251-1-1024x241-1.jpg\",\"contentUrl\":\"https:\/\/worldplast.eu\/wp-content\/uploads\/2023\/10\/logo-1066x251-1-1024x241-1.jpg\",\"width\":1024,\"height\":241,\"caption\":\"Worldplast\"},\"image\":{\"@id\":\"https:\/\/worldplast.eu\/pl\/#\/schema\/logo\/image\/\"}}]}<\/script>\n<!-- \/ Yoast SEO plugin. -->","yoast_head_json":{"title":"Transporty wtryskarek - Worldplast","description":"Specjalizujemy si\u0119 w relokacji maszyn i zak\u0142ad\u00f3w, zapewniaj\u0105c bezpieczny transport, demonta\u017c i profesjonalizm dzi\u0119ki do\u015bwiadczonemu zespo\u0142owi","robots":{"index":"index","follow":"follow","max-snippet":"max-snippet:-1","max-image-preview":"max-image-preview:large","max-video-preview":"max-video-preview:-1"},"canonical":"https:\/\/worldplast.eu\/pl\/transporty-wtryskarek\/","og_locale":"pl_PL","og_type":"article","og_title":"Transporty wtryskarek - Worldplast","og_description":"Specjalizujemy si\u0119 w relokacji maszyn i zak\u0142ad\u00f3w, zapewniaj\u0105c bezpieczny transport, demonta\u017c i profesjonalizm dzi\u0119ki do\u015bwiadczonemu zespo\u0142owi","og_url":"https:\/\/worldplast.eu\/pl\/transporty-wtryskarek\/","og_site_name":"Worldplast","article_modified_time":"2024-02-22T13:32:28+00:00","twitter_card":"summary_large_image","twitter_misc":{"Szacowany czas czytania":"2 minuty"},"schema":{"@context":"https:\/\/schema.org","@graph":[{"@type":"WebPage","@id":"https:\/\/worldplast.eu\/pl\/transporty-wtryskarek\/","url":"https:\/\/worldplast.eu\/pl\/transporty-wtryskarek\/","name":"Transporty wtryskarek - Worldplast","isPartOf":{"@id":"https:\/\/worldplast.eu\/pl\/#website"},"datePublished":"2023-10-27T09:54:27+00:00","dateModified":"2024-02-22T13:32:28+00:00","description":"Specjalizujemy si\u0119 w relokacji maszyn i zak\u0142ad\u00f3w, zapewniaj\u0105c bezpieczny transport, demonta\u017c i profesjonalizm dzi\u0119ki do\u015bwiadczonemu zespo\u0142owi","breadcrumb":{"@id":"https:\/\/worldplast.eu\/pl\/transporty-wtryskarek\/#breadcrumb"},"inLanguage":"pl-PL","potentialAction":[{"@type":"ReadAction","target":["https:\/\/worldplast.eu\/pl\/transporty-wtryskarek\/"]}]},{"@type":"BreadcrumbList","@id":"https:\/\/worldplast.eu\/pl\/transporty-wtryskarek\/#breadcrumb","itemListElement":[{"@type":"ListItem","position":1,"name":"Home","item":"https:\/\/worldplast.eu\/pl\/"},{"@type":"ListItem","position":2,"name":"Transporty wtryskarek"}]},{"@type":"WebSite","@id":"https:\/\/worldplast.eu\/pl\/#website","url":"https:\/\/worldplast.eu\/pl\/","name":"Worldplast","description":"","publisher":{"@id":"https:\/\/worldplast.eu\/pl\/#organization"},"potentialAction":[{"@type":"SearchAction","target":{"@type":"EntryPoint","urlTemplate":"https:\/\/worldplast.eu\/pl\/?s={search_term_string}"},"query-input":"required name=search_term_string"}],"inLanguage":"pl-PL"},{"@type":"Organization","@id":"https:\/\/worldplast.eu\/pl\/#organization","name":"Worldplast","url":"https:\/\/worldplast.eu\/pl\/","logo":{"@type":"ImageObject","inLanguage":"pl-PL","@id":"https:\/\/worldplast.eu\/pl\/#\/schema\/logo\/image\/","url":"https:\/\/worldplast.eu\/wp-content\/uploads\/2023\/10\/logo-1066x251-1-1024x241-1.jpg","contentUrl":"https:\/\/worldplast.eu\/wp-content\/uploads\/2023\/10\/logo-1066x251-1-1024x241-1.jpg","width":1024,"height":241,"caption":"Worldplast"},"image":{"@id":"https:\/\/worldplast.eu\/pl\/#\/schema\/logo\/image\/"}}]}},"_links":{"self":[{"href":"https:\/\/worldplast.eu\/pl\/wp-json\/wp\/v2\/pages\/353","targetHints":{"allow":["GET"]}}],"collection":[{"href":"https:\/\/worldplast.eu\/pl\/wp-json\/wp\/v2\/pages"}],"about":[{"href":"https:\/\/worldplast.eu\/pl\/wp-json\/wp\/v2\/types\/page"}],"author":[{"embeddable":true,"href":"https:\/\/worldplast.eu\/pl\/wp-json\/wp\/v2\/users\/1"}],"replies":[{"embeddable":true,"href":"https:\/\/worldplast.eu\/pl\/wp-json\/wp\/v2\/comments?post=353"}],"version-history":[{"count":18,"href":"https:\/\/worldplast.eu\/pl\/wp-json\/wp\/v2\/pages\/353\/revisions"}],"predecessor-version":[{"id":1230,"href":"https:\/\/worldplast.eu\/pl\/wp-json\/wp\/v2\/pages\/353\/revisions\/1230"}],"wp:attachment":[{"href":"https:\/\/worldplast.eu\/pl\/wp-json\/wp\/v2\/media?parent=353"}],"curies":[{"name":"wp","href":"https:\/\/api.w.org\/{rel}","templated":true}]}}