{"id":350,"date":"2023-10-27T11:54:40","date_gmt":"2023-10-27T09:54:40","guid":{"rendered":"https:\/\/worldplast.eu\/galerie\/"},"modified":"2024-02-22T15:30:38","modified_gmt":"2024-02-22T14:30:38","slug":"galeria","status":"publish","type":"page","link":"https:\/\/worldplast.eu\/pl\/galeria\/","title":{"rendered":"Galeria"},"content":{"rendered":"<section class=\"breadcrumbs\">\n\t\n\t<div class=\"container\">\n\n\t\t<div class=\"row\">\n\n\t\t\t<div class=\"col-lg-12\">\n\n\t\t\t\t<h1>Galeria<\/h1>\n\n\t\t\t\t<div class=\"yoast_integration\">\n\n\t\t\t\t\t<span><span><a href=\"https:\/\/worldplast.eu\/pl\/\">Home<\/a><\/span><\/span>\n\t\t\t\t<\/div>\n\n\t\t\t<\/div>\n\n\t\t<\/div>\n\n\t<\/div>\n\n<\/section>\n\n\n<div class=\"outer-wrapper \" style=\"background-color: rgba(0,0,0,0);\">\n\n\t<div class=\"wrapper container\" style=\"padding:    ;\">\n\n\t\t\n\n<div class=\"row\">\n\n\t<div class=\"col-lg-12\">\n\n\t\t<div class=\"gallerywrap masonry \" style=\"column-count: 3\">\n\n\t\t\t\n\t\t\t\t\t<div class=\"imagewrap\">\n\n\t\t\t\t\t\t<div class=\"imagewrap-inner\">\n\n\t\t\t\t\t\t\t<img decoding=\"async\" src=\"https:\/\/worldplast.eu\/wp-content\/uploads\/2023\/11\/b1.jpg\" alt=\"\">\n\n\t\t\t\t\t\t\t\n\t\t\t\t\t\t<\/div>\n\n\t\t\t\t\t<\/div>\n\n\t\t\t\t\n\t\t\t\t\t<div class=\"imagewrap\">\n\n\t\t\t\t\t\t<div class=\"imagewrap-inner\">\n\n\t\t\t\t\t\t\t<img decoding=\"async\" src=\"https:\/\/worldplast.eu\/wp-content\/uploads\/2023\/11\/IMG_20200916_123010.jpg\" alt=\"\">\n\n\t\t\t\t\t\t\t\n\t\t\t\t\t\t<\/div>\n\n\t\t\t\t\t<\/div>\n\n\t\t\t\t\n\t\t\t\t\t<div class=\"imagewrap\">\n\n\t\t\t\t\t\t<div class=\"imagewrap-inner\">\n\n\t\t\t\t\t\t\t<img decoding=\"async\" src=\"https:\/\/worldplast.eu\/wp-content\/uploads\/2023\/11\/IMG_20201222_130044.jpg\" alt=\"\">\n\n\t\t\t\t\t\t\t\n\t\t\t\t\t\t<\/div>\n\n\t\t\t\t\t<\/div>\n\n\t\t\t\t\n\t\t\t\t\t<div class=\"imagewrap\">\n\n\t\t\t\t\t\t<div class=\"imagewrap-inner\">\n\n\t\t\t\t\t\t\t<img decoding=\"async\" src=\"https:\/\/worldplast.eu\/wp-content\/uploads\/2023\/11\/IMG_20210401_085526.jpg\" alt=\"\">\n\n\t\t\t\t\t\t\t\n\t\t\t\t\t\t<\/div>\n\n\t\t\t\t\t<\/div>\n\n\t\t\t\t\n\t\t\t\t\t<div class=\"imagewrap\">\n\n\t\t\t\t\t\t<div class=\"imagewrap-inner\">\n\n\t\t\t\t\t\t\t<img decoding=\"async\" src=\"https:\/\/worldplast.eu\/wp-content\/uploads\/2023\/11\/IMG_20210401_092714.jpg\" alt=\"Spritzgie\u00dfmaschinenumzug\">\n\n\t\t\t\t\t\t\t\n\t\t\t\t\t\t<\/div>\n\n\t\t\t\t\t<\/div>\n\n\t\t\t\t\n\t\t\t\t\t<div class=\"imagewrap\">\n\n\t\t\t\t\t\t<div class=\"imagewrap-inner\">\n\n\t\t\t\t\t\t\t<img decoding=\"async\" src=\"https:\/\/worldplast.eu\/wp-content\/uploads\/2023\/11\/IMG_20210430_093544.jpg\" alt=\"Spritzgie\u00dfmaschinenumlagerung\">\n\n\t\t\t\t\t\t\t\n\t\t\t\t\t\t<\/div>\n\n\t\t\t\t\t<\/div>\n\n\t\t\t\t\n\t\t\t\t\t<div class=\"imagewrap\">\n\n\t\t\t\t\t\t<div class=\"imagewrap-inner\">\n\n\t\t\t\t\t\t\t<img decoding=\"async\" src=\"https:\/\/worldplast.eu\/wp-content\/uploads\/2023\/11\/IMG_20210621_092958.jpg\" alt=\"Kunstoffmaschinentransport\">\n\n\t\t\t\t\t\t\t\n\t\t\t\t\t\t<\/div>\n\n\t\t\t\t\t<\/div>\n\n\t\t\t\t\n\t\t\t\t\t<div class=\"imagewrap\">\n\n\t\t\t\t\t\t<div class=\"imagewrap-inner\">\n\n\t\t\t\t\t\t\t<img decoding=\"async\" src=\"https:\/\/worldplast.eu\/wp-content\/uploads\/2023\/11\/IMG-20210216-WA0014.jpg\" alt=\"Transport von Kunstoffmaschinen\">\n\n\t\t\t\t\t\t\t\n\t\t\t\t\t\t<\/div>\n\n\t\t\t\t\t<\/div>\n\n\t\t\t\t\n\t\t\t\t\t<div class=\"imagewrap\">\n\n\t\t\t\t\t\t<div class=\"imagewrap-inner\">\n\n\t\t\t\t\t\t\t<img decoding=\"async\" src=\"https:\/\/worldplast.eu\/wp-content\/uploads\/2023\/11\/PHOTO-2023-07-31-16-19-351.jpg\" alt=\"Umlagerung von Kunstoffmaschinen\">\n\n\t\t\t\t\t\t\t\n\t\t\t\t\t\t<\/div>\n\n\t\t\t\t\t<\/div>\n\n\t\t\t\t\n\t\t\t\t\t<div class=\"imagewrap\">\n\n\t\t\t\t\t\t<div class=\"imagewrap-inner\">\n\n\t\t\t\t\t\t\t<img decoding=\"async\" src=\"https:\/\/worldplast.eu\/wp-content\/uploads\/2023\/11\/PHOTO-2023-07-31-16-19-353.jpg\" alt=\"Kunstoffmaschinentransport\">\n\n\t\t\t\t\t\t\t\n\t\t\t\t\t\t<\/div>\n\n\t\t\t\t\t<\/div>\n\n\t\t\t\t\n\t\t\t\t\t<div class=\"imagewrap\">\n\n\t\t\t\t\t\t<div class=\"imagewrap-inner\">\n\n\t\t\t\t\t\t\t<img decoding=\"async\" src=\"https:\/\/worldplast.eu\/wp-content\/uploads\/2023\/11\/PHOTO-2023-07-31-17-40-161.jpg\" alt=\"Kunstoffmaschinenumlagerung\">\n\n\t\t\t\t\t\t\t\n\t\t\t\t\t\t<\/div>\n\n\t\t\t\t\t<\/div>\n\n\t\t\t\t\n\t\t\t\t\t<div class=\"imagewrap\">\n\n\t\t\t\t\t\t<div class=\"imagewrap-inner\">\n\n\t\t\t\t\t\t\t<img decoding=\"async\" src=\"https:\/\/worldplast.eu\/wp-content\/uploads\/2023\/11\/PHOTO-2023-07-31-17-40-15123.jpg\" alt=\"Transport von Kunstoffmaschinen\">\n\n\t\t\t\t\t\t\t\n\t\t\t\t\t\t<\/div>\n\n\t\t\t\t\t<\/div>\n\n\t\t\t\t\n\t\t\t\t\t<div class=\"imagewrap\">\n\n\t\t\t\t\t\t<div class=\"imagewrap-inner\">\n\n\t\t\t\t\t\t\t<img decoding=\"async\" src=\"https:\/\/worldplast.eu\/wp-content\/uploads\/2023\/11\/r.jpg\" alt=\"Umlagerung von Spritzgie\u00dfmaschinen\">\n\n\t\t\t\t\t\t\t\n\t\t\t\t\t\t<\/div>\n\n\t\t\t\t\t<\/div>\n\n\t\t\t\t\n\t\t\t\t\t<div class=\"imagewrap\">\n\n\t\t\t\t\t\t<div class=\"imagewrap-inner\">\n\n\t\t\t\t\t\t\t<img decoding=\"async\" src=\"https:\/\/worldplast.eu\/wp-content\/uploads\/2023\/11\/transp3.jpg\" alt=\"Spritzgie\u00dfmaschinenumlagerung\">\n\n\t\t\t\t\t\t\t\n\t\t\t\t\t\t<\/div>\n\n\t\t\t\t\t<\/div>\n\n\t\t\t\t\n\t\t\t\t\t<div class=\"imagewrap\">\n\n\t\t\t\t\t\t<div class=\"imagewrap-inner\">\n\n\t\t\t\t\t\t\t<img decoding=\"async\" src=\"https:\/\/worldplast.eu\/wp-content\/uploads\/2023\/11\/transp10.jpg\" alt=\"Transport von Spritzgie\u00dfmaschinen\">\n\n\t\t\t\t\t\t\t\n\t\t\t\t\t\t<\/div>\n\n\t\t\t\t\t<\/div>\n\n\t\t\t\t\n\t\t\t\t\t<div class=\"imagewrap\">\n\n\t\t\t\t\t\t<div class=\"imagewrap-inner\">\n\n\t\t\t\t\t\t\t<img decoding=\"async\" src=\"https:\/\/worldplast.eu\/wp-content\/uploads\/2023\/11\/transp11.jpg\" alt=\"Spritzgie\u00dfmaschinentransport\">\n\n\t\t\t\t\t\t\t\n\t\t\t\t\t\t<\/div>\n\n\t\t\t\t\t<\/div>\n\n\t\t\t\t\n\t\t\t\t\t<div class=\"imagewrap\">\n\n\t\t\t\t\t\t<div class=\"imagewrap-inner\">\n\n\t\t\t\t\t\t\t<img decoding=\"async\" src=\"https:\/\/worldplast.eu\/wp-content\/uploads\/2023\/11\/WhatsApp-Bild-2023-08-24-um-17.31.20_5e4a42c3.jpg\" alt=\"Umzug von Spritzgie\u00dfmaschinen\">\n\n\t\t\t\t\t\t\t\n\t\t\t\t\t\t<\/div>\n\n\t\t\t\t\t<\/div>\n\n\t\t\t\t\n\t\t\t\t\t<div class=\"imagewrap\">\n\n\t\t\t\t\t\t<div class=\"imagewrap-inner\">\n\n\t\t\t\t\t\t\t<img decoding=\"async\" src=\"https:\/\/worldplast.eu\/wp-content\/uploads\/2023\/11\/WhatsApp-Image-2021-06-11-at-13.21.34-1.jpeg\" alt=\"Kunstoffmaschinenumlagerung\">\n\n\t\t\t\t\t\t\t\n\t\t\t\t\t\t<\/div>\n\n\t\t\t\t\t<\/div>\n\n\t\t\t\t\n\t\t<\/div>\n\n\t<\/div>\n\n<\/div>\n\n\t<\/div>\n\n<\/div>","protected":false},"excerpt":{"rendered":"","protected":false},"author":1,"featured_media":0,"parent":0,"menu_order":0,"comment_status":"closed","ping_status":"closed","template":"","meta":{"_acf_changed":false,"footnotes":""},"class_list":["post-350","page","type-page","status-publish","hentry"],"acf":[],"yoast_head":"<!-- This site is optimized with the Yoast SEO plugin v22.7 - https:\/\/yoast.com\/wordpress\/plugins\/seo\/ -->\n<title>Galeria - Worldplast<\/title>\n<meta name=\"description\" content=\"Transport wtryskarek Worldplast - Galeria zdj\u0119\u0107 przedstawiaj\u0105ca za\u0142adunek wtryskarek na ca\u0142ym \u015bwiecie - Worldplast Galeria\" \/>\n<meta name=\"robots\" content=\"index, follow, max-snippet:-1, max-image-preview:large, max-video-preview:-1\" \/>\n<link rel=\"canonical\" href=\"https:\/\/worldplast.eu\/pl\/galeria\/\" \/>\n<meta property=\"og:locale\" content=\"pl_PL\" \/>\n<meta property=\"og:type\" content=\"article\" \/>\n<meta property=\"og:title\" content=\"Galeria - Worldplast\" \/>\n<meta property=\"og:description\" content=\"Transport wtryskarek Worldplast - Galeria zdj\u0119\u0107 przedstawiaj\u0105ca za\u0142adunek wtryskarek na ca\u0142ym \u015bwiecie - Worldplast Galeria\" \/>\n<meta property=\"og:url\" content=\"https:\/\/worldplast.eu\/pl\/galeria\/\" \/>\n<meta property=\"og:site_name\" content=\"Worldplast\" \/>\n<meta property=\"article:modified_time\" content=\"2024-02-22T14:30:38+00:00\" \/>\n<meta name=\"twitter:card\" content=\"summary_large_image\" \/>\n<meta name=\"twitter:label1\" content=\"Szacowany czas czytania\" \/>\n\t<meta name=\"twitter:data1\" content=\"5 minut\" \/>\n<script type=\"application\/ld+json\" class=\"yoast-schema-graph\">{\"@context\":\"https:\/\/schema.org\",\"@graph\":[{\"@type\":\"WebPage\",\"@id\":\"https:\/\/worldplast.eu\/pl\/galeria\/\",\"url\":\"https:\/\/worldplast.eu\/pl\/galeria\/\",\"name\":\"Galeria - Worldplast\",\"isPartOf\":{\"@id\":\"https:\/\/worldplast.eu\/pl\/#website\"},\"datePublished\":\"2023-10-27T09:54:40+00:00\",\"dateModified\":\"2024-02-22T14:30:38+00:00\",\"description\":\"Transport wtryskarek Worldplast - Galeria zdj\u0119\u0107 przedstawiaj\u0105ca za\u0142adunek wtryskarek na ca\u0142ym \u015bwiecie - Worldplast Galeria\",\"breadcrumb\":{\"@id\":\"https:\/\/worldplast.eu\/pl\/galeria\/#breadcrumb\"},\"inLanguage\":\"pl-PL\",\"potentialAction\":[{\"@type\":\"ReadAction\",\"target\":[\"https:\/\/worldplast.eu\/pl\/galeria\/\"]}]},{\"@type\":\"BreadcrumbList\",\"@id\":\"https:\/\/worldplast.eu\/pl\/galeria\/#breadcrumb\",\"itemListElement\":[{\"@type\":\"ListItem\",\"position\":1,\"name\":\"Home\",\"item\":\"https:\/\/worldplast.eu\/pl\/\"},{\"@type\":\"ListItem\",\"position\":2,\"name\":\"Galeria\"}]},{\"@type\":\"WebSite\",\"@id\":\"https:\/\/worldplast.eu\/pl\/#website\",\"url\":\"https:\/\/worldplast.eu\/pl\/\",\"name\":\"Worldplast\",\"description\":\"\",\"publisher\":{\"@id\":\"https:\/\/worldplast.eu\/pl\/#organization\"},\"potentialAction\":[{\"@type\":\"SearchAction\",\"target\":{\"@type\":\"EntryPoint\",\"urlTemplate\":\"https:\/\/worldplast.eu\/pl\/?s={search_term_string}\"},\"query-input\":\"required name=search_term_string\"}],\"inLanguage\":\"pl-PL\"},{\"@type\":\"Organization\",\"@id\":\"https:\/\/worldplast.eu\/pl\/#organization\",\"name\":\"Worldplast\",\"url\":\"https:\/\/worldplast.eu\/pl\/\",\"logo\":{\"@type\":\"ImageObject\",\"inLanguage\":\"pl-PL\",\"@id\":\"https:\/\/worldplast.eu\/pl\/#\/schema\/logo\/image\/\",\"url\":\"https:\/\/worldplast.eu\/wp-content\/uploads\/2023\/10\/logo-1066x251-1-1024x241-1.jpg\",\"contentUrl\":\"https:\/\/worldplast.eu\/wp-content\/uploads\/2023\/10\/logo-1066x251-1-1024x241-1.jpg\",\"width\":1024,\"height\":241,\"caption\":\"Worldplast\"},\"image\":{\"@id\":\"https:\/\/worldplast.eu\/pl\/#\/schema\/logo\/image\/\"}}]}<\/script>\n<!-- \/ Yoast SEO plugin. -->","yoast_head_json":{"title":"Galeria - Worldplast","description":"Transport wtryskarek Worldplast - Galeria zdj\u0119\u0107 przedstawiaj\u0105ca za\u0142adunek wtryskarek na ca\u0142ym \u015bwiecie - Worldplast Galeria","robots":{"index":"index","follow":"follow","max-snippet":"max-snippet:-1","max-image-preview":"max-image-preview:large","max-video-preview":"max-video-preview:-1"},"canonical":"https:\/\/worldplast.eu\/pl\/galeria\/","og_locale":"pl_PL","og_type":"article","og_title":"Galeria - Worldplast","og_description":"Transport wtryskarek Worldplast - Galeria zdj\u0119\u0107 przedstawiaj\u0105ca za\u0142adunek wtryskarek na ca\u0142ym \u015bwiecie - Worldplast Galeria","og_url":"https:\/\/worldplast.eu\/pl\/galeria\/","og_site_name":"Worldplast","article_modified_time":"2024-02-22T14:30:38+00:00","twitter_card":"summary_large_image","twitter_misc":{"Szacowany czas czytania":"5 minut"},"schema":{"@context":"https:\/\/schema.org","@graph":[{"@type":"WebPage","@id":"https:\/\/worldplast.eu\/pl\/galeria\/","url":"https:\/\/worldplast.eu\/pl\/galeria\/","name":"Galeria - Worldplast","isPartOf":{"@id":"https:\/\/worldplast.eu\/pl\/#website"},"datePublished":"2023-10-27T09:54:40+00:00","dateModified":"2024-02-22T14:30:38+00:00","description":"Transport wtryskarek Worldplast - Galeria zdj\u0119\u0107 przedstawiaj\u0105ca za\u0142adunek wtryskarek na ca\u0142ym \u015bwiecie - Worldplast Galeria","breadcrumb":{"@id":"https:\/\/worldplast.eu\/pl\/galeria\/#breadcrumb"},"inLanguage":"pl-PL","potentialAction":[{"@type":"ReadAction","target":["https:\/\/worldplast.eu\/pl\/galeria\/"]}]},{"@type":"BreadcrumbList","@id":"https:\/\/worldplast.eu\/pl\/galeria\/#breadcrumb","itemListElement":[{"@type":"ListItem","position":1,"name":"Home","item":"https:\/\/worldplast.eu\/pl\/"},{"@type":"ListItem","position":2,"name":"Galeria"}]},{"@type":"WebSite","@id":"https:\/\/worldplast.eu\/pl\/#website","url":"https:\/\/worldplast.eu\/pl\/","name":"Worldplast","description":"","publisher":{"@id":"https:\/\/worldplast.eu\/pl\/#organization"},"potentialAction":[{"@type":"SearchAction","target":{"@type":"EntryPoint","urlTemplate":"https:\/\/worldplast.eu\/pl\/?s={search_term_string}"},"query-input":"required name=search_term_string"}],"inLanguage":"pl-PL"},{"@type":"Organization","@id":"https:\/\/worldplast.eu\/pl\/#organization","name":"Worldplast","url":"https:\/\/worldplast.eu\/pl\/","logo":{"@type":"ImageObject","inLanguage":"pl-PL","@id":"https:\/\/worldplast.eu\/pl\/#\/schema\/logo\/image\/","url":"https:\/\/worldplast.eu\/wp-content\/uploads\/2023\/10\/logo-1066x251-1-1024x241-1.jpg","contentUrl":"https:\/\/worldplast.eu\/wp-content\/uploads\/2023\/10\/logo-1066x251-1-1024x241-1.jpg","width":1024,"height":241,"caption":"Worldplast"},"image":{"@id":"https:\/\/worldplast.eu\/pl\/#\/schema\/logo\/image\/"}}]}},"_links":{"self":[{"href":"https:\/\/worldplast.eu\/pl\/wp-json\/wp\/v2\/pages\/350","targetHints":{"allow":["GET"]}}],"collection":[{"href":"https:\/\/worldplast.eu\/pl\/wp-json\/wp\/v2\/pages"}],"about":[{"href":"https:\/\/worldplast.eu\/pl\/wp-json\/wp\/v2\/types\/page"}],"author":[{"embeddable":true,"href":"https:\/\/worldplast.eu\/pl\/wp-json\/wp\/v2\/users\/1"}],"replies":[{"embeddable":true,"href":"https:\/\/worldplast.eu\/pl\/wp-json\/wp\/v2\/comments?post=350"}],"version-history":[{"count":2,"href":"https:\/\/worldplast.eu\/pl\/wp-json\/wp\/v2\/pages\/350\/revisions"}],"predecessor-version":[{"id":705,"href":"https:\/\/worldplast.eu\/pl\/wp-json\/wp\/v2\/pages\/350\/revisions\/705"}],"wp:attachment":[{"href":"https:\/\/worldplast.eu\/pl\/wp-json\/wp\/v2\/media?parent=350"}],"curies":[{"name":"wp","href":"https:\/\/api.w.org\/{rel}","templated":true}]}}