{"id":341,"date":"2023-10-30T07:33:32","date_gmt":"2023-10-30T06:33:32","guid":{"rendered":"https:\/\/worldplast.eu\/gebrauchte-spritzgiessmaschinen\/"},"modified":"2024-02-22T14:48:49","modified_gmt":"2024-02-22T13:48:49","slug":"sprzedaz-wtryskarek","status":"publish","type":"page","link":"https:\/\/worldplast.eu\/pl\/sprzedaz-wtryskarek\/","title":{"rendered":"sprzeda\u017c wtryskarek"},"content":{"rendered":"\n<section class=\"banner\" style=\"height: 600px\">\n\t\n\t\n\t\t\t<div class=\"slide\" style=\"height: 600px\">\n\n\t\t\t\t<img decoding=\"async\" src=\"https:\/\/worldplast.eu\/wp-content\/uploads\/2024\/02\/Bild3-scaled.jpg\" alt=\"u\u017cywane wtryskarki Europnet\">\n\n\t\t\t\t<div class=\"slide_overlay\">\n\n\t\t\t\t\t<div class=\"container h-100\">\n\n\t\t\t\t\t\t<div class=\"row h-100\">\n\n\t\t\t\t\t\t\t<div class=\"col-lg-12\">\n\n\t\t\t\t\t\t\t\t<span class=\"banner-headline\">Kupno i sprzeda\u017c u\u017cywanych maszyn do wtrysku z Europnet<\/span>\n\n\t\t\t\t\t\t\t\t<span class=\"banner-subline\"><\/span>\n\n\t\t\t\t\t\t\t\t<a class=\"banner-link button\" target=\"_blank\" href=\"https:\/\/europnet.eu\/\">Skontaktuj si\u0119 z Europnet<\/a>\n\n\t\t\t\t\t\t\t<\/div>\n\n\t\t\t\t\t\t<\/div>\n\n\t\t\t\t\t<\/div>\n\n\t\t\t\t<\/div>\n\n\t\t\t<\/div>\n\n\t\t\n<\/section>\n\n\t\t\t\t\t\n\n\n\n<div class=\"outer-wrapper \" style=\"background-color: rgba(243,248,254,1);\">\n\n\t<div class=\"wrapper container\" style=\"padding:    ;\">\n\n\t\t\n\n<div class=\"row\">\n\n\t<div class=\"col-lg-12\">\n\n\t\t<div class=\"textwrap\" style=\"column-count: 1\">\n\n\t\t\t<p>Szukasz u\u017cywanej maszyny do wtrysku? A mo\u017ce chcia\u0142by\u015b sprzeda\u0107 swoj\u0105 star\u0105 maszyn\u0119? W takim razie trafi\u0142e\u015b we w\u0142a\u015bciwe miejsce. Europnet to czo\u0142owy dostawca u\u017cywanych maszyn do wtrysku w Europie.<\/p>\n<p><strong>Oferta<\/strong><\/p>\n<p>Europnet oferuje szeroki zakres u\u017cywanych maszyn do wtrysku do r\u00f3\u017cnych zastosowa\u0144, pocz\u0105wszy od ma\u0142ych maszyn laboratoryjnych a\u017c po du\u017ce linie produkcyjne. Maszyny s\u0105 w dobrym stanie i s\u0105 regularnie serwisowane oraz sprawdzane przez do\u015bwiadczonych technik\u00f3w.<\/p>\n<p><strong>Kupowanie maszyny do wtrysku<\/strong><\/p>\n<p>Je\u015bli chcesz zakupi\u0107 u\u017cywan\u0105 maszyn\u0119 do wtrysku, mo\u017cesz skorzysta\u0107 z naszego kompleksowego serwisu. Pomagamy w wyborze odpowiedniej maszyny, finansowaniu oraz dostawie.<\/p>\n<p><strong>Sprzeda\u017c maszyny do wtrysku<\/strong><\/p>\n<p>Je\u015bli natomiast chcesz sprzeda\u0107 swoj\u0105 star\u0105 maszyn\u0119 do wtrysku, Europnet oferuje darmow\u0105 wycen\u0119 i uczciw\u0105 cen\u0119. Zajmujemy si\u0119 r\u00f3wnie\u017c transportem i za\u0142adunkiem maszyny.<\/p>\n<p>Europnet z przyjemno\u015bci\u0105 pomo\u017ce Ci znale\u017a\u0107 odpowiedni\u0105 maszyn\u0119 do Twoich potrzeb.<\/p>\n<p><a href=\"https:\/\/europnet.eu\/\" target=\"_blank\"><img decoding=\"async\" style=\"width: 400px; height: auto; max-width: 100%; object-fit: contain; display: block; margin: 30px auto 0 auto;\" src=\"https:\/\/worldplast.eu\/wp-content\/uploads\/2023\/11\/europnet_logonew-scaled-1.png\" alt=\"\"><\/a><\/p>\n\n\t\t<\/div>\n\n\t<\/div>\n\n<\/div>\n\n\t<\/div>\n\n<\/div>","protected":false},"excerpt":{"rendered":"","protected":false},"author":1,"featured_media":0,"parent":0,"menu_order":0,"comment_status":"closed","ping_status":"closed","template":"","meta":{"_acf_changed":false,"footnotes":""},"class_list":["post-341","page","type-page","status-publish","hentry"],"acf":[],"yoast_head":"<!-- This site is optimized with the Yoast SEO plugin v22.7 - https:\/\/yoast.com\/wordpress\/plugins\/seo\/ -->\n<title>u\u017cywane wtryskarki Europnet<\/title>\n<meta name=\"description\" content=\"Europnet IMM oferuje u\u017cywane wtryskarki od takich producent\u00f3w, jak Wittmann Battenfeld, Arburg, Demag, Krauss Maffei oraz Engel.\" \/>\n<meta name=\"robots\" content=\"index, follow, max-snippet:-1, max-image-preview:large, max-video-preview:-1\" \/>\n<link rel=\"canonical\" href=\"https:\/\/worldplast.eu\/pl\/sprzedaz-wtryskarek\/\" \/>\n<meta property=\"og:locale\" content=\"pl_PL\" \/>\n<meta property=\"og:type\" content=\"article\" \/>\n<meta property=\"og:title\" content=\"u\u017cywane wtryskarki Europnet\" \/>\n<meta property=\"og:description\" content=\"Europnet IMM oferuje u\u017cywane wtryskarki od takich producent\u00f3w, jak Wittmann Battenfeld, Arburg, Demag, Krauss Maffei oraz Engel.\" \/>\n<meta property=\"og:url\" content=\"https:\/\/worldplast.eu\/pl\/sprzedaz-wtryskarek\/\" \/>\n<meta property=\"og:site_name\" content=\"Worldplast\" \/>\n<meta property=\"article:modified_time\" content=\"2024-02-22T13:48:49+00:00\" \/>\n<meta name=\"twitter:card\" content=\"summary_large_image\" \/>\n<meta name=\"twitter:label1\" content=\"Szacowany czas czytania\" \/>\n\t<meta name=\"twitter:data1\" content=\"2 minuty\" \/>\n<script type=\"application\/ld+json\" class=\"yoast-schema-graph\">{\"@context\":\"https:\/\/schema.org\",\"@graph\":[{\"@type\":\"WebPage\",\"@id\":\"https:\/\/worldplast.eu\/pl\/sprzedaz-wtryskarek\/\",\"url\":\"https:\/\/worldplast.eu\/pl\/sprzedaz-wtryskarek\/\",\"name\":\"u\u017cywane wtryskarki Europnet\",\"isPartOf\":{\"@id\":\"https:\/\/worldplast.eu\/pl\/#website\"},\"datePublished\":\"2023-10-30T06:33:32+00:00\",\"dateModified\":\"2024-02-22T13:48:49+00:00\",\"description\":\"Europnet IMM oferuje u\u017cywane wtryskarki od takich producent\u00f3w, jak Wittmann Battenfeld, Arburg, Demag, Krauss Maffei oraz Engel.\",\"breadcrumb\":{\"@id\":\"https:\/\/worldplast.eu\/pl\/sprzedaz-wtryskarek\/#breadcrumb\"},\"inLanguage\":\"pl-PL\",\"potentialAction\":[{\"@type\":\"ReadAction\",\"target\":[\"https:\/\/worldplast.eu\/pl\/sprzedaz-wtryskarek\/\"]}]},{\"@type\":\"BreadcrumbList\",\"@id\":\"https:\/\/worldplast.eu\/pl\/sprzedaz-wtryskarek\/#breadcrumb\",\"itemListElement\":[{\"@type\":\"ListItem\",\"position\":1,\"name\":\"Home\",\"item\":\"https:\/\/worldplast.eu\/pl\/\"},{\"@type\":\"ListItem\",\"position\":2,\"name\":\"sprzeda\u017c wtryskarek\"}]},{\"@type\":\"WebSite\",\"@id\":\"https:\/\/worldplast.eu\/pl\/#website\",\"url\":\"https:\/\/worldplast.eu\/pl\/\",\"name\":\"Worldplast\",\"description\":\"\",\"publisher\":{\"@id\":\"https:\/\/worldplast.eu\/pl\/#organization\"},\"potentialAction\":[{\"@type\":\"SearchAction\",\"target\":{\"@type\":\"EntryPoint\",\"urlTemplate\":\"https:\/\/worldplast.eu\/pl\/?s={search_term_string}\"},\"query-input\":\"required name=search_term_string\"}],\"inLanguage\":\"pl-PL\"},{\"@type\":\"Organization\",\"@id\":\"https:\/\/worldplast.eu\/pl\/#organization\",\"name\":\"Worldplast\",\"url\":\"https:\/\/worldplast.eu\/pl\/\",\"logo\":{\"@type\":\"ImageObject\",\"inLanguage\":\"pl-PL\",\"@id\":\"https:\/\/worldplast.eu\/pl\/#\/schema\/logo\/image\/\",\"url\":\"https:\/\/worldplast.eu\/wp-content\/uploads\/2023\/10\/logo-1066x251-1-1024x241-1.jpg\",\"contentUrl\":\"https:\/\/worldplast.eu\/wp-content\/uploads\/2023\/10\/logo-1066x251-1-1024x241-1.jpg\",\"width\":1024,\"height\":241,\"caption\":\"Worldplast\"},\"image\":{\"@id\":\"https:\/\/worldplast.eu\/pl\/#\/schema\/logo\/image\/\"}}]}<\/script>\n<!-- \/ Yoast SEO plugin. -->","yoast_head_json":{"title":"u\u017cywane wtryskarki Europnet","description":"Europnet IMM oferuje u\u017cywane wtryskarki od takich producent\u00f3w, jak Wittmann Battenfeld, Arburg, Demag, Krauss Maffei oraz Engel.","robots":{"index":"index","follow":"follow","max-snippet":"max-snippet:-1","max-image-preview":"max-image-preview:large","max-video-preview":"max-video-preview:-1"},"canonical":"https:\/\/worldplast.eu\/pl\/sprzedaz-wtryskarek\/","og_locale":"pl_PL","og_type":"article","og_title":"u\u017cywane wtryskarki Europnet","og_description":"Europnet IMM oferuje u\u017cywane wtryskarki od takich producent\u00f3w, jak Wittmann Battenfeld, Arburg, Demag, Krauss Maffei oraz Engel.","og_url":"https:\/\/worldplast.eu\/pl\/sprzedaz-wtryskarek\/","og_site_name":"Worldplast","article_modified_time":"2024-02-22T13:48:49+00:00","twitter_card":"summary_large_image","twitter_misc":{"Szacowany czas czytania":"2 minuty"},"schema":{"@context":"https:\/\/schema.org","@graph":[{"@type":"WebPage","@id":"https:\/\/worldplast.eu\/pl\/sprzedaz-wtryskarek\/","url":"https:\/\/worldplast.eu\/pl\/sprzedaz-wtryskarek\/","name":"u\u017cywane wtryskarki Europnet","isPartOf":{"@id":"https:\/\/worldplast.eu\/pl\/#website"},"datePublished":"2023-10-30T06:33:32+00:00","dateModified":"2024-02-22T13:48:49+00:00","description":"Europnet IMM oferuje u\u017cywane wtryskarki od takich producent\u00f3w, jak Wittmann Battenfeld, Arburg, Demag, Krauss Maffei oraz Engel.","breadcrumb":{"@id":"https:\/\/worldplast.eu\/pl\/sprzedaz-wtryskarek\/#breadcrumb"},"inLanguage":"pl-PL","potentialAction":[{"@type":"ReadAction","target":["https:\/\/worldplast.eu\/pl\/sprzedaz-wtryskarek\/"]}]},{"@type":"BreadcrumbList","@id":"https:\/\/worldplast.eu\/pl\/sprzedaz-wtryskarek\/#breadcrumb","itemListElement":[{"@type":"ListItem","position":1,"name":"Home","item":"https:\/\/worldplast.eu\/pl\/"},{"@type":"ListItem","position":2,"name":"sprzeda\u017c wtryskarek"}]},{"@type":"WebSite","@id":"https:\/\/worldplast.eu\/pl\/#website","url":"https:\/\/worldplast.eu\/pl\/","name":"Worldplast","description":"","publisher":{"@id":"https:\/\/worldplast.eu\/pl\/#organization"},"potentialAction":[{"@type":"SearchAction","target":{"@type":"EntryPoint","urlTemplate":"https:\/\/worldplast.eu\/pl\/?s={search_term_string}"},"query-input":"required name=search_term_string"}],"inLanguage":"pl-PL"},{"@type":"Organization","@id":"https:\/\/worldplast.eu\/pl\/#organization","name":"Worldplast","url":"https:\/\/worldplast.eu\/pl\/","logo":{"@type":"ImageObject","inLanguage":"pl-PL","@id":"https:\/\/worldplast.eu\/pl\/#\/schema\/logo\/image\/","url":"https:\/\/worldplast.eu\/wp-content\/uploads\/2023\/10\/logo-1066x251-1-1024x241-1.jpg","contentUrl":"https:\/\/worldplast.eu\/wp-content\/uploads\/2023\/10\/logo-1066x251-1-1024x241-1.jpg","width":1024,"height":241,"caption":"Worldplast"},"image":{"@id":"https:\/\/worldplast.eu\/pl\/#\/schema\/logo\/image\/"}}]}},"_links":{"self":[{"href":"https:\/\/worldplast.eu\/pl\/wp-json\/wp\/v2\/pages\/341","targetHints":{"allow":["GET"]}}],"collection":[{"href":"https:\/\/worldplast.eu\/pl\/wp-json\/wp\/v2\/pages"}],"about":[{"href":"https:\/\/worldplast.eu\/pl\/wp-json\/wp\/v2\/types\/page"}],"author":[{"embeddable":true,"href":"https:\/\/worldplast.eu\/pl\/wp-json\/wp\/v2\/users\/1"}],"replies":[{"embeddable":true,"href":"https:\/\/worldplast.eu\/pl\/wp-json\/wp\/v2\/comments?post=341"}],"version-history":[{"count":18,"href":"https:\/\/worldplast.eu\/pl\/wp-json\/wp\/v2\/pages\/341\/revisions"}],"predecessor-version":[{"id":1238,"href":"https:\/\/worldplast.eu\/pl\/wp-json\/wp\/v2\/pages\/341\/revisions\/1238"}],"wp:attachment":[{"href":"https:\/\/worldplast.eu\/pl\/wp-json\/wp\/v2\/media?parent=341"}],"curies":[{"name":"wp","href":"https:\/\/api.w.org\/{rel}","templated":true}]}}