{"id":1429,"date":"2025-01-31T09:02:30","date_gmt":"2025-01-31T08:02:30","guid":{"rendered":"https:\/\/worldplast.eu\/?page_id=1429"},"modified":"2025-02-05T11:14:09","modified_gmt":"2025-02-05T10:14:09","slug":"owsu","status":"publish","type":"page","link":"https:\/\/worldplast.eu\/pl\/owsu\/","title":{"rendered":"Og\u00f3lne Warunki Sprzeda\u017cy i \u015awiadczenia Us\u0142ug Serwisowych"},"content":{"rendered":"\n<div class=\"wp-block-group\"><div class=\"wp-block-group__inner-container is-layout-constrained wp-block-group-is-layout-constrained\">\n<div class=\"wp-block-columns is-layout-flex wp-container-core-columns-is-layout-9d6595d7 wp-block-columns-is-layout-flex\">\n<div class=\"wp-block-column is-layout-flow wp-block-column-is-layout-flow\" style=\"flex-basis:100%\">\n<div class=\"outer-wrapper \" style=\"background-color: rgba(0,0,0,0);\">\n\n\t<div class=\"wrapper container\" style=\"padding: 19px 10px 19px 10px;\">\n\n\t\t\n\n<div class=\"row\">\n\n\t<div class=\"col-lg-12\">\n\n\t\t<div class=\"textwrap\" style=\"column-count: 1\">\n\n\t\t\t<h4>Worldplast Sp. z o.o. \u2013 Og\u00f3lne Warunki Sprzeda\u017cy i \u015awiadczenia Us\u0142ug Serwisowych<br \/>\n(wtryskarki i sprz\u0119t peryferyjny)<\/h4>\n<p style=\"text-align: left;\">1. Niniejsze og\u00f3lne warunki \u015bwiadczenia us\u0142ug serwisowych (OWSUSiS) i sprzeda\u017cowych okre\u015blaj\u0105 zasady \u015bwiadczenia przez Worldplast Sp. z o.o. (\u201eWorldplast\u201d) us\u0142ug w tym zakresie. Wszelkiego rodzaju inspekcje, naprawy, zlecenia zmiany miejsca posadowienia maszyn, doradztwo i inne prace zlecone Worldplast (\u201eus\u0142ug serwisowe\u201d), b\u0119d\u0105 wykonywane wed\u0142ug poni\u017cszych zasad chyba, \u017ce strony umowy pisemnie wyra\u017anie uzgodni\u0105 inaczej spos\u00f3b \u015bwiadczenia us\u0142ug i wykonania zobowi\u0105za\u0144 przez Worldplast.<\/p>\n<p style=\"text-align: left;\">2. W przypadku konieczno\u015bci u\u017cycia, dla wykonania us\u0142ug serwisowych, cz\u0119\u015bci zamiennych lub materia\u0142\u00f3w przez Worldplast, na podstawie osobnego zam\u00f3wienia od Worldplast, zastosowanie znajduj\u0105 aktualnie obowi\u0105zuj\u0105ce w Worldplast og\u00f3lne warunki sprzeda\u017cy cz\u0119\u015bci zamiennych i materia\u0142\u00f3w (OWS). W takim przypadku OWS stanowi\u0105 integraln\u0105 cz\u0119\u015b\u0107 umowy \u015bwiadczenia us\u0142ug serwisowych, a wy\u0142\u0105czenie, rozszerzenie oraz jakiekolwiek zmiany OWS mog\u0105 wynika\u0107 jedynie z umowy zawartej przez strony na pi\u015bmie. W razie braku takiego osobnego zam\u00f3wienia, cz\u0119\u015bci zamienne lub materia\u0142y niezb\u0119dne do \u015bwiadczenia us\u0142ug serwisowych dostarcza Klient na w\u0142asny koszt i ryzyko.<\/p>\n<p style=\"text-align: left;\">3. OWSUSiS oraz cennik \u015bwiadczenia us\u0142ug serwisowych obowi\u0105zuj\u0105cy w Worldplast (\u201eCennik us\u0142ug serwisowych\u201d) stanowi\u0105 integraln\u0105 cz\u0119\u015b\u0107 wszystkich um\u00f3w. Wy\u0142\u0105czenie, rozszerzenie oraz jakiekolwiek zmiany OWSUSiS oraz Cennika us\u0142ug serwisowych mog\u0105 wynika\u0107 jedynie z umowy zawartej przez strony na pi\u015bmie.<\/p>\n<p style=\"text-align: left;\">4. Umowa \u015bwiadczenia us\u0142ug serwisowych zostaje zawarta poprzez pisemne potwierdzenie przez Worldplast oferty zlecenia z\u0142o\u017conego przez Klienta. Klient sk\u0142ada ofert\u0119 zlecenia w formie pisemnej, poczt\u0105, faksem, lub drog\u0105 elektroniczn\u0105. Ofert\u0119 uznaje si\u0119 za z\u0142o\u017con\u0105 z chwil\u0105 dor\u0119czenia jej do Worldplast w formie pisemnej, poczt\u0105, faksem lub drog\u0105 elektroniczn\u0105 \u2013 w zale\u017cno\u015bci od wykorzystanego kana\u0142u komunikacji. Worldplast udziela odpowiedzi na ofert\u0119 w formie pisemnej, poczt\u0105, faksem, lub drog\u0105 elektroniczn\u0105 w ci\u0105gu 7 dni roboczych, w okresie kt\u00f3rych Klient jest zwi\u0105zany ofert\u0105. Z chwil\u0105 dor\u0119czenia akceptacji oferty przez Worldplast dochodzi do zawarcia umowy \u015bwiadczenia us\u0142ug serwisowych. Wszelkie pochodz\u0105ce od Worldplast propozycje, reklamy, informacje i cenniki stanowi\u0105 zaproszenie do rokowa\u0144.<\/p>\n<p style=\"text-align: left;\">5. OWSUSiS podane s\u0105 do wiadomo\u015bci Klienta najp\u00f3\u017aniej przy sk\u0142adaniu przez niego oferty, a ponadto dost\u0119pne s\u0105 w siedzibie Worldplast i na stronie <a href=\"https:\/\/worldplast.eu\/OWSU.pdf\">https:\/\/worldplast.eu\/OWSU.pdf <\/a><br \/>\nJe\u017celi Klient nie z\u0142o\u017cy\u0142 wraz ze z\u0142o\u017ceniem oferty o\u015bwiadczenia o akceptacji OWSUSiS, Worldplast mo\u017ce wstrzyma\u0107 udzielenie odpowiedzi na ofert\u0119 i wykonanie us\u0142ugi serwisowej do czasu otrzymania takiego pisemnego o\u015bwiadczenia.<\/p>\n<p style=\"text-align: left;\">6. O\u015bwiadczenie Worldplast o przyj\u0119ciu oferty z zastrze\u017ceniem zmian lub uzupe\u0142nie\u0144 niezmieniaj\u0105cych istoty tre\u015bci zam\u00f3wienia poczytuje si\u0119 za jej przyj\u0119cie z uwzgl\u0119dnieniem zastrze\u017ce\u0144 zawartych w tym o\u015bwiadczeniu.<\/p>\n<p style=\"text-align: left;\">7. O\u015bwiadczenie Worldplast o przyj\u0119ciu oferty z zastrze\u017ceniem zmian lub uzupe\u0142nie\u0144 zmieniaj\u0105cych istot\u0119 tre\u015bci zam\u00f3wienia poczytuje si\u0119 za jej przyj\u0119cie z uwzgl\u0119dnieniem zastrze\u017ce\u0144 zawartych w o\u015bwiadczeniu Worldplast, o ile Klient potwierdzi to o\u015bwiadczenie w terminie 3 dni roboczych od dnia otrzymania o\u015bwiadczenia. W razie bezskutecznego up\u0142ywu terminu 3 dni roboczych, Klient i Worldplast nie s\u0105 zwi\u0105zani ofert\u0105 ani o\u015bwiadczeniem o jej przyj\u0119ciu z zastrze\u017ceniem zmian lub uzupe\u0142nie\u0144, a do zawarcia umowy niezb\u0119dne jest z\u0142o\u017cenie ponownej oferty przez Klienta i jej przyj\u0119cie przez Worldplast.<\/p>\n<p style=\"text-align: left;\">8. Poza uregulowaniami zawartymi w OWSUSiS i Cenniku us\u0142ug serwisowych, Worldplast dopuszcza mo\u017cliwo\u015b\u0107 zawierania indywidualnych um\u00f3w \u015bwiadczenia us\u0142ug serwisowych i zastrzega sobie prawo do przyjmowania zam\u00f3wie\u0144 w cz\u0119\u015bci lub ca\u0142o\u015bci, lub do ich odrzucenia bez podawania przyczyny.<\/p>\n<p style=\"text-align: left;\">9. Kosztorysy, rysunki oraz inne dokumenty pozostaj\u0105 w\u0142asno\u015bci\u0105 Worldplast w zakresie praw autorskich i praw w\u0142asno\u015bci intelektualnej i nie mog\u0105 by\u0107 przekazywane osobom trzecim w jakikolwiek spos\u00f3b na jakichkolwiek polach eksploatacji, a w przypadku braku przyj\u0119cia zlecenia lub na \u017c\u0105danie Worldplast musz\u0105 zosta\u0107 niezw\u0142ocznie zwr\u00f3cone. W razie braku zwr\u00f3cenia nie mog\u0105 by\u0107 w \u017caden spos\u00f3b wykorzystywane i udost\u0119pniane j.w. przez Klienta.<\/p>\n<p style=\"text-align: left;\">10. Inne warunki \u015bwiadczenia us\u0142ug serwisowych nie stanowi\u0105 integralnej cz\u0119\u015bci umowy bez pisemnej zgody Worldplast.<\/p>\n<p style=\"text-align: left;\">11. Wszystkie daniny publiczne (podatki, op\u0142aty, c\u0142a, etc.) wynikaj\u0105ce z podpisania i realizacji umowy \u015bwiadczenia us\u0142ug serwisowych poza granicami Rzeczypospolitej Polskiej ponosi Klient.<\/p>\n<p style=\"text-align: left;\">12.Us\u0142uga serwisowa jest wykonywana w przedsi\u0119biorstwie Klienta. Klient zobowi\u0105zany jest dostarczy\u0107 urz\u0105dzenie\/maszyn\u0119 obj\u0119te us\u0142ug\u0105 serwisow\u0105 w celu jej wykonania, a tak\u017ce zapewni\u0107 jego rozruch na sw\u00f3j koszt i ryzyko. Klient poinformuje odpowiednio wcze\u015bniej Worldplast oraz odpowiedzialny za wykonanie us\u0142ugi serwisowej personel Worldplast o obowi\u0105zuj\u0105cych na miejscu wykonywania us\u0142ug przepisach i normach, w szczeg\u00f3lno\u015bci w zakresie bezpiecze\u0144stwa i higieny pracy.<\/p>\n<p style=\"text-align: left;\">13. Obligatoryjn\u0105 cz\u0119\u015bci\u0105 ka\u017cdej us\u0142ugi serwisowej, niezale\u017cnie od zakresu \u015bwiadczenia wynikaj\u0105cego z danego zam\u00f3wienia, jest diagnostyka usterki (ustalenie zakresu usterki), za kt\u00f3rej wykonanie Klient uiszcza op\u0142at\u0119 wg stawek godzinowych wynikaj\u0105cych z Cennika us\u0142ug serwisowych.<\/p>\n<p style=\"text-align: left;\">14. Klient zobowi\u0105zuje si\u0119 udost\u0119pni\u0107 urz\u0105dzenia\/maszyny do wykonania us\u0142ugi serwisowej, w tym instalacji, naprawy, modyfikacji lub konserwacji, po uprzednim zarchiwizowaniu istotnych danych (g\u0142\u00f3wnie danych systemowych) oraz zapewni\u0107 odpowiednie warunki wykonania czynno\u015bci serwisowych, w tym techniczne i informatyczne.<\/p>\n<p style=\"text-align: left;\">15. Klient zobowi\u0105zany jest zap\u0142aci\u0107 na rzecz Worldplast wynagrodzenie za us\u0142ug\u0119 serwisow\u0105 wed\u0142ug stawek godzinowych zawartych w Cenniku us\u0142ug serwisowych lub rycza\u0142towych okre\u015blonych w odr\u0119bnej pisemnej umowie. Wszystkie op\u0142aty w Cenniku s\u0105 op\u0142atami netto i nale\u017cy doliczy\u0107 do nich podatek VAT w obowi\u0105zuj\u0105cej na dzie\u0144 wystawienia faktury stawce. Data p\u0142atno\u015bci wynika z tre\u015bci faktury.<\/p>\n<p style=\"text-align: left;\">16.Czas trwania prac serwisowych jest odnotowywany w protokole pracy Serwisanta. Klient co najmniej raz dziennie potwierdza fakt wykonania us\u0142ugi poprzez podpis swojego pracownika, b\u0105d\u017a podpis osoby uprawnionej do podejmowania tego typu decyzji b\u0105d\u017a samodzielnie. Formularz serwisowy jest podstaw\u0105 do obliczenia nale\u017cno\u015bci za wykonan\u0105 us\u0142ug\u0119. Obliczenie kwoty nale\u017cnej dokonywane jest w oparciu o \u201eCennik us\u0142ug serwisowych\u201d oraz tre\u015b\u0107 umowy. Codzienny brak potwierdzenia wykonanych przez Serwisanta prac mo\u017ce<br \/>\nby\u0107 podstaw\u0105 zaprzestania wykonywania us\u0142ugi i rozliczenia jej na tym etapie.<\/p>\n<p style=\"text-align: left;\">17. P\u0142atno\u015bci b\u0119d\u0105 dokonywane przez Klienta przelewem bez jakichkolwiek potr\u0105ce\u0144 na rachunek bankowy Worldplast wskazany w danej fakturze VAT, w terminie 7 dni od daty jej dor\u0119czenia.<\/p>\n<p style=\"text-align: left;\">18.Us\u0142ugi serwisowe wykonywane s\u0105 po wp\u0142acie zaliczki dla Worldplast na konto wskazane na fakturze pro forma lub w inny pisemnie ustalony spos\u00f3b, kt\u00f3ra obejmuje koszt dojazdu \u201edo Klienta i z powrotem\u201d + 50% um\u00f3wionej lub przewidzianej wst\u0119pnie stawki wynagrodzenia.<\/p>\n<p style=\"text-align: left;\">19. W przypadku op\u00f3\u017anienia w p\u0142atno\u015bci wynagrodzenia w ca\u0142o\u015bci lub cz\u0119\u015bci, Worldplast jest uprawniony do naliczania odsetek ustawowych za okres op\u00f3\u017anienia bez odr\u0119bnego wezwania do ich zap\u0142aty, a tak\u017ce do odmowy przyj\u0119cia lub realizacji, w tym\u00a0 wstrzymania realizacji kolejnego zam\u00f3wienia Klienta, do czasu uregulowania zaleg\u0142ych nale\u017cno\u015bci.<\/p>\n<p style=\"text-align: left;\">20. Koszty zakwaterowania personelu Worldplast, koszty dojazdu do Klienta i powrotu, itp. zwi\u0105zane z realizacj\u0105 us\u0142ugi na miejscu u Klienta pokrywa Klient i s\u0105 one doliczane do kwoty obj\u0119tej dan\u0105 faktur\u0105 VAT.<\/p>\n<p style=\"text-align: left;\">21. W przypadku braku warunk\u00f3w do wykonania zam\u00f3wienia z przyczyn niezale\u017cnych od Worldplast, Klient zostanie obci\u0105\u017cony za czas po\u015bwi\u0119cony przy wykonywaniu us\u0142ugi wg stawek wynikaj\u0105cych z Cennika us\u0142ug serwisowych, w szczeg\u00f3lno\u015bci gdy: a\/ ustalony termin nie zosta\u0142 dotrzymany z przyczyn le\u017c\u0105cych po stronie Klienta, b\/ umowa \u015bwiadczenia us\u0142ug serwisowych zosta\u0142a rozwi\u0105zana w czasie realizacji zam\u00f3wienia.<\/p>\n<p style=\"text-align: left;\">22. Za czas przestoju z winy Klienta Klient zap\u0142aci jak za czas rzeczywistej pracy personelu Worldplast.<\/p>\n<p style=\"text-align: left;\">23. Koszty u\u017cytych do wykonania us\u0142ugi serwisowej materia\u0142\u00f3w lub cz\u0119\u015bci zamiennych ponosi Klient. Koszt ten zostanie okre\u015blony albo wg Cennika us\u0142ug serwisowych albo wg koszt\u00f3w rynkowych nabycia materia\u0142\u00f3w lub cz\u0119\u015bci zamiennych, je\u015bli materia\u0142y lub cz\u0119\u015bci zamienne zgodzi si\u0119 dostarczy\u0107 Worldplast, a zasadniczo koszt ten poniesie Klient przez nabycie materia\u0142\u00f3w lub cz\u0119\u015bci zamiennych we w\u0142asnym zakresie.<\/p>\n<p style=\"text-align: left;\">24. Termin wykonania us\u0142ugi serwisowej lub dostarczenia sprzedanej wtryskarki i\/lub urz\u0105dze\u0144 peryferyjnych przez Worldplast przesuwa si\u0119 odpowiednio \u2013 r\u00f3wnie\u017c w trakcie pozostawania w zw\u0142oce \u2013 w przypadku wyst\u0105pienia si\u0142y wy\u017cszej oraz wyst\u0105pienia innych nieprzewidywalnych okoliczno\u015bci niezale\u017cnych od Worldplast, takich jak np. strajki, lokauty, wojna, stan wojenny, epidemia zarazy, zak\u0142\u00f3cenia w ruchu drogowym, przerwy w dostawie medi\u00f3w b\u0105d\u017a zagro\u017cenie ww.<\/p>\n<p style=\"text-align: left;\">25. Wszystkie u\u017cywane cz\u0119\u015bci, urz\u0105dzenia peryferyjne i wtryskarki (zainstalowane w urz\u0105dzeniach peryferyjnych karty mog\u0105 mie\u0107 inn\u0105 ilo\u015b\u0107 godzin pracy ni\u017c wtryskarka), kt\u00f3re zosta\u0142y sprzedane cho\u0107by po\u015brednio przez Worldplast, maj\u0105 wy\u0142\u0105czon\u0105 r\u0119kojmi\u0119 i nie posiadaj\u0105 gwarancji, chyba \u017ce taka zostanie indywidualnie, pisemnie (pod rygorem niewa\u017cno\u015bci) udzielona klientowi.<\/p>\n<p style=\"text-align: left;\">26. Klient ma prawo, przed zakupem, do obejrzenia wtryskarki\/urz\u0105dzenia peryferyjnego\/u\u017cywanej cz\u0119\u015bci. Rezygnacja przez klienta z obejrzenia przedmiotu sprzeda\u017cy jest r\u00f3wnoznaczna z tym, \u017ce Klient zapozna\u0142 si\u0119 ze stanem technicznym i wizualnym maszyny\/urz\u0105dzenia peryferyjnego\/u\u017cywanej cz\u0119\u015bci, a Worldplast zwolniony jest z jakiekolwiek odpowiedzialno\u015bci w tym zakresie.<\/p>\n<p style=\"text-align: left;\">27. W razie zakupu wtryskarki od Worldplast Klient mo\u017ce dodatkowo zleci\u0107:<br \/>\n1.<br \/>\na. transport do wskazanego miejsca,<br \/>\nb. ustawienie maszyny we wskazanym miejscu zgodnie z zaleceniami producenta wtryskarki i\/lub urz\u0105dze\u0144 peryferyjnych,<br \/>\nc. pomoc tj. \u201easysta Serwisanta\u201d Worldplast przy uruchomieniu wtryskarki i\/lub urz\u0105dzenia peryferyjnego w rozmiarze jednego dnia pracuj\u0105cego, z zastrze\u017ceniem, \u017ce b\u0119dzie to bezpo\u015brednio po roz\u0142adunku,<br \/>\nd. pomoc w uruchomieniu wtryskarki do etapu pracy \u201ena sucho\u201d, (prace obejmuj\u0105 etap gdy wtryskarka i\/lub wszystkie urz\u0105dzenia pod\u0142\u0105czone s\u0105 skutecznie do komputera g\u0142\u00f3wnego i wykonuj\u0105 przewidziane czynno\u015bci przedprodukcyjne)<br \/>\ne. pomoc w wdro\u017ceniu produkcji (prace do etapu uruchomienia produkcji z u\u017cyciem formy).<br \/>\nf. Poza us\u0142ug\u0105 okre\u015blon\u0105 w pkt c. \u201easysta Serwisanta\u201d pozosta\u0142e us\u0142ugi s\u0105 p\u0142atne zgodnie z Cennikiem us\u0142ug serwisowych lub negocjowane indywidualnie.<br \/>\ng. Asysta Serwisanta oznacza pomoc osobom odpowiedzialnym z ramienia kupuj\u0105cego przy pierwszorazowym uruchomieniu \u201ena sucho\u201d.<\/p>\n<p style=\"text-align: left;\">28.Dane techniczne wtryskarek\/urz\u0105dze\u0144 peryferyjnych\/cz\u0119\u015bci zamiennych ka\u017cdorazowo okre\u015bla specyfikacja producenta. Protok\u00f3\u0142 z ogl\u0119dzin mo\u017ce obejmowa\u0107 dodatkowe zdj\u0119cia lub informacje udzielone na szczeg\u00f3\u0142owe zapytania kupuj\u0105cego przed nabyciem wtryskarki i\/lub urz\u0105dze\u0144 peryferyjnych. Ustalenia te samoistnie potwierdza tak\u017ce zaakceptowana przez kupuj\u0105cego faktura pro forma.<\/p>\n<p style=\"text-align: left;\">29. W przypadku op\u00f3\u017anienia terminu realizacji zam\u00f3wienia z przyczyn niezale\u017cnych od Worldplast, Klient ponosi wszystkie koszty zwi\u0105zane z wyd\u0142u\u017ceniem terminu.<\/p>\n<p style=\"text-align: left;\">30. Worldplast mo\u017ce cz\u0119\u015bciowo lub ca\u0142kowicie odst\u0105pi\u0107 od umowy w przypadku, gdy nieprzewidziane przez Worldplast okoliczno\u015bci zasadniczo zmieniaj\u0105 znaczenie ekonomiczne lub tre\u015b\u0107 b\u0105d\u017a spos\u00f3b \u015bwiadczenia us\u0142ugi serwisowej lub w znacz\u0105co odmienny spos\u00f3b wp\u0142ywaj\u0105 na okoliczno\u015bci b\u0105d\u017a spos\u00f3b \u015bwiadczenia us\u0142ugi serwisowej Worldplast, a umowa nie mo\u017ce by\u0107 odpowiednio zmodyfikowana zgodnie z zasad\u0105 dobrej wiary, lub gdy znacz\u0105co pogorszy si\u0119 sytuacja ekonomiczna Klienta. Worldplast mo\u017ce odst\u0105pi\u0107 od umowy nie p\u00f3\u017aniej ni\u017c w ci\u0105gu 1 miesi\u0105ca od dnia dowiedzenia si\u0119 o przyczynie odst\u0105pienia.<\/p>\n<p style=\"text-align: left;\">31. W przypadku rozwi\u0105zania umowy przez Klienta bez winy Worldplast, bez wzgl\u0119du na podstaw\u0119 prawn\u0105, Worldplast nale\u017cna jest kara umowna w wysoko\u015bci 70% kwoty wynagrodzenia z tytu\u0142u zlecenia, kt\u00f3r\u0105 Worldplast mo\u017ce potr\u0105ci\u0107 z wp\u0142aconej zaliczki.<\/p>\n<p style=\"text-align: left;\">32. Worldplast odpowiada wy\u0142\u0105cznie za szkod\u0119 rzeczywist\u0105 wyrz\u0105dzon\u0105 Klientowi z winy umy\u015blnej, a odszkodowanie jest ograniczone do rzeczywistych udokumentowanych strat poniesionych przez Klienta, powsta\u0142ych w nast\u0119pstwie sprzeda\u017cy sprz\u0119tu albo wynikaj\u0105cych bezpo\u015brednio z wykonania us\u0142ugi serwisowej. Wszelka odpowiedzialno\u015b\u0107 Worldplast wykraczaj\u0105ca poza postanowienia zdania poprzedzaj\u0105cego jest niniejszym wy\u0142\u0105czona. Dotyczy to w szczeg\u00f3lno\u015bci odpowiedzialno\u015bci za utracone korzy\u015bci m.in. wskutek przestoj\u00f3w produkcyjnych i przerw w pracy, nabycia innych maszyn\/urz\u0105dze\u0144, kar umownych, odszkodowa\u0144, honorari\u00f3w, wynagrodzenia, naruszenia praw autorskich lub praw w\u0142asno\u015bci intelektualnej.<\/p>\n<p style=\"text-align: left;\">33. W przypadku, gdy Worldplast z tytu\u0142u wykonania danej us\u0142ugi serwisowej ponosi wobec Klienta odpowiedzialno\u015b\u0107 na mocy pkt 32 powy\u017cej, zakres tej odpowiedzialno\u015bci ogranicza si\u0119 do kwoty wynagrodzenia z tytu\u0142u wykonania danej us\u0142ugi serwisowej.<\/p>\n<p style=\"text-align: left;\">34. Przez wady oprogramowania rozumie si\u0119 tylko wady ujawnione podczas w\u0142a\u015bciwego u\u017cytkowania oprogramowania i w negatywny spos\u00f3b wp\u0142ywaj\u0105ce na poprawne funkcjonowanie urz\u0105dze\u0144 w zakresie niniejszej umowy. Klient o\u015bwiadcza, \u017ce jest \u015bwiadom, i\u017c w obecnym stadium techniki nie jest mo\u017cliwe ca\u0142kowite wykluczenie wszystkich potencjalnych wad program\u00f3w do transmisji danych.<\/p>\n<p style=\"text-align: left;\">35. Klient nie mo\u017ce przenosi\u0107 swoich praw umownych na osoby trzecie bez wyra\u017anej i pisemnej, pod rygorem niewa\u017cno\u015bci, zgody Worldplast.<\/p>\n<p style=\"text-align: left;\">36. Wytw\u00f3rc\u0105 odpad\u00f3w w rozumieniu Ustawy o Odpadach, powsta\u0142ych przy wykonywaniu us\u0142ug serwisowych, jest Klient.<\/p>\n<p style=\"text-align: left;\">37. S\u0105dem w\u0142a\u015bciwym dla wszystkich spor\u00f3w wynikaj\u0105cych z umowy jest s\u0105d we Wroc\u0142awiu.<\/p>\n<p style=\"text-align: left;\">38. Klient zobowi\u0105zuje si\u0119 do pisemnego zawiadomienia Worldplast o ka\u017cdorazowej zmianie swojej siedziby lub adresu dla dor\u0119cze\u0144 korespondencji w terminie 14 dni od dnia dokonania zmiany. Brak zawiadomienia powoduje, \u017ce dor\u0119czenia dokonane na adresy wskazane w zam\u00f3wieniu lub te\u017c w podpisanych umowach lub innych porozumieniach handlowych, uwa\u017cane s\u0105 za skuteczne.<\/p>\n<p style=\"text-align: left;\">39. Niniejsze OWSUSiS wchodz\u0105 w \u017cycie z dniem 01\/04\/2023.<\/p>\n\n\t\t<\/div>\n\n\t<\/div>\n\n<\/div>\n\n\t<\/div>\n\n<\/div><\/div>\n<\/div>\n<\/div><\/div>\n","protected":false},"excerpt":{"rendered":"","protected":false},"author":1,"featured_media":0,"parent":0,"menu_order":0,"comment_status":"closed","ping_status":"closed","template":"","meta":{"_acf_changed":false,"footnotes":""},"class_list":["post-1429","page","type-page","status-publish","hentry"],"acf":[],"yoast_head":"<!-- This site is optimized with the Yoast SEO plugin v22.7 - https:\/\/yoast.com\/wordpress\/plugins\/seo\/ -->\n<title>Og\u00f3lne Warunki Sprzeda\u017cy i \u015awiadczenia Us\u0142ug Serwisowych - Worldplast<\/title>\n<meta name=\"description\" content=\"Worldplast Og\u00f3lne Warunki Sprzeda\u017cy i \u015awiadczenia Us\u0142ug Serwisowych\" \/>\n<meta name=\"robots\" content=\"index, follow, max-snippet:-1, max-image-preview:large, max-video-preview:-1\" \/>\n<link rel=\"canonical\" href=\"https:\/\/worldplast.eu\/pl\/owsu\/\" \/>\n<meta property=\"og:locale\" content=\"pl_PL\" \/>\n<meta property=\"og:type\" content=\"article\" \/>\n<meta property=\"og:title\" content=\"Og\u00f3lne Warunki Sprzeda\u017cy i \u015awiadczenia Us\u0142ug Serwisowych - Worldplast\" \/>\n<meta property=\"og:description\" content=\"Worldplast Og\u00f3lne Warunki Sprzeda\u017cy i \u015awiadczenia Us\u0142ug Serwisowych\" \/>\n<meta property=\"og:url\" content=\"https:\/\/worldplast.eu\/pl\/owsu\/\" \/>\n<meta property=\"og:site_name\" content=\"Worldplast\" \/>\n<meta property=\"article:modified_time\" content=\"2025-02-05T10:14:09+00:00\" \/>\n<meta name=\"twitter:card\" content=\"summary_large_image\" \/>\n<script type=\"application\/ld+json\" class=\"yoast-schema-graph\">{\"@context\":\"https:\/\/schema.org\",\"@graph\":[{\"@type\":\"WebPage\",\"@id\":\"https:\/\/worldplast.eu\/pl\/owsu\/\",\"url\":\"https:\/\/worldplast.eu\/pl\/owsu\/\",\"name\":\"Og\u00f3lne Warunki Sprzeda\u017cy i \u015awiadczenia Us\u0142ug Serwisowych - Worldplast\",\"isPartOf\":{\"@id\":\"https:\/\/worldplast.eu\/pl\/#website\"},\"datePublished\":\"2025-01-31T08:02:30+00:00\",\"dateModified\":\"2025-02-05T10:14:09+00:00\",\"description\":\"Worldplast Og\u00f3lne Warunki Sprzeda\u017cy i \u015awiadczenia Us\u0142ug Serwisowych\",\"breadcrumb\":{\"@id\":\"https:\/\/worldplast.eu\/pl\/owsu\/#breadcrumb\"},\"inLanguage\":\"pl-PL\",\"potentialAction\":[{\"@type\":\"ReadAction\",\"target\":[\"https:\/\/worldplast.eu\/pl\/owsu\/\"]}]},{\"@type\":\"BreadcrumbList\",\"@id\":\"https:\/\/worldplast.eu\/pl\/owsu\/#breadcrumb\",\"itemListElement\":[{\"@type\":\"ListItem\",\"position\":1,\"name\":\"Home\",\"item\":\"https:\/\/worldplast.eu\/pl\/\"},{\"@type\":\"ListItem\",\"position\":2,\"name\":\"Og\u00f3lne Warunki Sprzeda\u017cy i \u015awiadczenia Us\u0142ug Serwisowych\"}]},{\"@type\":\"WebSite\",\"@id\":\"https:\/\/worldplast.eu\/pl\/#website\",\"url\":\"https:\/\/worldplast.eu\/pl\/\",\"name\":\"Worldplast\",\"description\":\"\",\"publisher\":{\"@id\":\"https:\/\/worldplast.eu\/pl\/#organization\"},\"potentialAction\":[{\"@type\":\"SearchAction\",\"target\":{\"@type\":\"EntryPoint\",\"urlTemplate\":\"https:\/\/worldplast.eu\/pl\/?s={search_term_string}\"},\"query-input\":\"required name=search_term_string\"}],\"inLanguage\":\"pl-PL\"},{\"@type\":\"Organization\",\"@id\":\"https:\/\/worldplast.eu\/pl\/#organization\",\"name\":\"Worldplast\",\"url\":\"https:\/\/worldplast.eu\/pl\/\",\"logo\":{\"@type\":\"ImageObject\",\"inLanguage\":\"pl-PL\",\"@id\":\"https:\/\/worldplast.eu\/pl\/#\/schema\/logo\/image\/\",\"url\":\"https:\/\/worldplast.eu\/wp-content\/uploads\/2023\/10\/logo-1066x251-1-1024x241-1.jpg\",\"contentUrl\":\"https:\/\/worldplast.eu\/wp-content\/uploads\/2023\/10\/logo-1066x251-1-1024x241-1.jpg\",\"width\":1024,\"height\":241,\"caption\":\"Worldplast\"},\"image\":{\"@id\":\"https:\/\/worldplast.eu\/pl\/#\/schema\/logo\/image\/\"}}]}<\/script>\n<!-- \/ Yoast SEO plugin. -->","yoast_head_json":{"title":"Og\u00f3lne Warunki Sprzeda\u017cy i \u015awiadczenia Us\u0142ug Serwisowych - Worldplast","description":"Worldplast Og\u00f3lne Warunki Sprzeda\u017cy i \u015awiadczenia Us\u0142ug Serwisowych","robots":{"index":"index","follow":"follow","max-snippet":"max-snippet:-1","max-image-preview":"max-image-preview:large","max-video-preview":"max-video-preview:-1"},"canonical":"https:\/\/worldplast.eu\/pl\/owsu\/","og_locale":"pl_PL","og_type":"article","og_title":"Og\u00f3lne Warunki Sprzeda\u017cy i \u015awiadczenia Us\u0142ug Serwisowych - Worldplast","og_description":"Worldplast Og\u00f3lne Warunki Sprzeda\u017cy i \u015awiadczenia Us\u0142ug Serwisowych","og_url":"https:\/\/worldplast.eu\/pl\/owsu\/","og_site_name":"Worldplast","article_modified_time":"2025-02-05T10:14:09+00:00","twitter_card":"summary_large_image","schema":{"@context":"https:\/\/schema.org","@graph":[{"@type":"WebPage","@id":"https:\/\/worldplast.eu\/pl\/owsu\/","url":"https:\/\/worldplast.eu\/pl\/owsu\/","name":"Og\u00f3lne Warunki Sprzeda\u017cy i \u015awiadczenia Us\u0142ug Serwisowych - Worldplast","isPartOf":{"@id":"https:\/\/worldplast.eu\/pl\/#website"},"datePublished":"2025-01-31T08:02:30+00:00","dateModified":"2025-02-05T10:14:09+00:00","description":"Worldplast Og\u00f3lne Warunki Sprzeda\u017cy i \u015awiadczenia Us\u0142ug Serwisowych","breadcrumb":{"@id":"https:\/\/worldplast.eu\/pl\/owsu\/#breadcrumb"},"inLanguage":"pl-PL","potentialAction":[{"@type":"ReadAction","target":["https:\/\/worldplast.eu\/pl\/owsu\/"]}]},{"@type":"BreadcrumbList","@id":"https:\/\/worldplast.eu\/pl\/owsu\/#breadcrumb","itemListElement":[{"@type":"ListItem","position":1,"name":"Home","item":"https:\/\/worldplast.eu\/pl\/"},{"@type":"ListItem","position":2,"name":"Og\u00f3lne Warunki Sprzeda\u017cy i \u015awiadczenia Us\u0142ug Serwisowych"}]},{"@type":"WebSite","@id":"https:\/\/worldplast.eu\/pl\/#website","url":"https:\/\/worldplast.eu\/pl\/","name":"Worldplast","description":"","publisher":{"@id":"https:\/\/worldplast.eu\/pl\/#organization"},"potentialAction":[{"@type":"SearchAction","target":{"@type":"EntryPoint","urlTemplate":"https:\/\/worldplast.eu\/pl\/?s={search_term_string}"},"query-input":"required name=search_term_string"}],"inLanguage":"pl-PL"},{"@type":"Organization","@id":"https:\/\/worldplast.eu\/pl\/#organization","name":"Worldplast","url":"https:\/\/worldplast.eu\/pl\/","logo":{"@type":"ImageObject","inLanguage":"pl-PL","@id":"https:\/\/worldplast.eu\/pl\/#\/schema\/logo\/image\/","url":"https:\/\/worldplast.eu\/wp-content\/uploads\/2023\/10\/logo-1066x251-1-1024x241-1.jpg","contentUrl":"https:\/\/worldplast.eu\/wp-content\/uploads\/2023\/10\/logo-1066x251-1-1024x241-1.jpg","width":1024,"height":241,"caption":"Worldplast"},"image":{"@id":"https:\/\/worldplast.eu\/pl\/#\/schema\/logo\/image\/"}}]}},"_links":{"self":[{"href":"https:\/\/worldplast.eu\/pl\/wp-json\/wp\/v2\/pages\/1429","targetHints":{"allow":["GET"]}}],"collection":[{"href":"https:\/\/worldplast.eu\/pl\/wp-json\/wp\/v2\/pages"}],"about":[{"href":"https:\/\/worldplast.eu\/pl\/wp-json\/wp\/v2\/types\/page"}],"author":[{"embeddable":true,"href":"https:\/\/worldplast.eu\/pl\/wp-json\/wp\/v2\/users\/1"}],"replies":[{"embeddable":true,"href":"https:\/\/worldplast.eu\/pl\/wp-json\/wp\/v2\/comments?post=1429"}],"version-history":[{"count":18,"href":"https:\/\/worldplast.eu\/pl\/wp-json\/wp\/v2\/pages\/1429\/revisions"}],"predecessor-version":[{"id":1477,"href":"https:\/\/worldplast.eu\/pl\/wp-json\/wp\/v2\/pages\/1429\/revisions\/1477"}],"wp:attachment":[{"href":"https:\/\/worldplast.eu\/pl\/wp-json\/wp\/v2\/media?parent=1429"}],"curies":[{"name":"wp","href":"https:\/\/api.w.org\/{rel}","templated":true}]}}