{"id":357,"date":"2023-10-27T11:54:14","date_gmt":"2023-10-27T09:54:14","guid":{"rendered":"https:\/\/worldplast.eu\/startseite\/"},"modified":"2023-12-04T12:54:48","modified_gmt":"2023-12-04T11:54:48","slug":"home","status":"publish","type":"page","link":"https:\/\/worldplast.eu\/es\/","title":{"rendered":"Home"},"content":{"rendered":"\n<section class=\"banner\" style=\"height: 800px\">\n\t\n\t\n\t\t\t<div class=\"slide\" style=\"height: 800px\">\n\n\t\t\t\t<img decoding=\"async\" src=\"https:\/\/worldplast.eu\/wp-content\/uploads\/2023\/11\/Bild1.jpg\" alt=\"\">\n\n\t\t\t\t<div class=\"slide_overlay\">\n\n\t\t\t\t\t<div class=\"container h-100\">\n\n\t\t\t\t\t\t<div class=\"row h-100\">\n\n\t\t\t\t\t\t\t<div class=\"col-lg-12\">\n\n\t\t\t\t\t\t\t\t<span class=\"banner-headline\">Worldplast Transporte de Maquinaria Pl\u00e1stica<\/span>\n\n\t\t\t\t\t\t\t\t<span class=\"banner-subline\">Transporte de m\u00e1quinas de moldeo por inyecci\u00f3n de pl\u00e1stico en Europa \u2013 seguro y confiable<\/span>\n\n\t\t\t\t\t\t\t\t<a class=\"banner-link button\" target=\"\" href=\"https:\/\/worldplast.eu\/es\/transporte-de-maquinas\/\">M\u00e1s sobre nosotros<\/a>\n\n\t\t\t\t\t\t\t<\/div>\n\n\t\t\t\t\t\t<\/div>\n\n\t\t\t\t\t<\/div>\n\n\t\t\t\t<\/div>\n\n\t\t\t<\/div>\n\n\t\t\n\t\t\t<div class=\"slide\" style=\"height: 800px\">\n\n\t\t\t\t<img decoding=\"async\" src=\"https:\/\/worldplast.eu\/wp-content\/uploads\/2023\/10\/Slider-1-min.jpg\" alt=\"\">\n\n\t\t\t\t<div class=\"slide_overlay\">\n\n\t\t\t\t\t<div class=\"container h-100\">\n\n\t\t\t\t\t\t<div class=\"row h-100\">\n\n\t\t\t\t\t\t\t<div class=\"col-lg-12\">\n\n\t\t\t\t\t\t\t\t<span class=\"banner-headline\">Reubicaci\u00f3n de plantas de producci\u00f3n de Worldplast<\/span>\n\n\t\t\t\t\t\t\t\t<span class=\"banner-subline\">Realizamos mudanzas complejas de plantas de producci\u00f3n, l\u00edneas de producci\u00f3n, plantas de inyecci\u00f3n de pl\u00e1stico, etc. Ofrecemos mudanzas de m\u00e1quinas individuales, plantas de inyecci\u00f3n de pl\u00e1stico y plantas de producci\u00f3n en toda Europa. Nuestro equipo tiene muchos a\u00f1os de experiencia y conocimientos en este campo. Nos aseguraremos de que su mudanza se realice sin problemas y de forma segura.<\/span>\n\n\t\t\t\t\t\t\t\t<a class=\"banner-link button\" target=\"\" href=\"https:\/\/worldplast.eu\/es\/maschinen-transport\/\">M\u00e1s sobre nosotros<\/a>\n\n\t\t\t\t\t\t\t<\/div>\n\n\t\t\t\t\t\t<\/div>\n\n\t\t\t\t\t<\/div>\n\n\t\t\t\t<\/div>\n\n\t\t\t<\/div>\n\n\t\t\n\t\t\t<div class=\"slide\" style=\"height: 800px\">\n\n\t\t\t\t<img decoding=\"async\" src=\"https:\/\/worldplast.eu\/wp-content\/uploads\/2023\/10\/Slider-2-min.jpg\" alt=\"\">\n\n\t\t\t\t<div class=\"slide_overlay\">\n\n\t\t\t\t\t<div class=\"container h-100\">\n\n\t\t\t\t\t\t<div class=\"row h-100\">\n\n\t\t\t\t\t\t\t<div class=\"col-lg-12\">\n\n\t\t\t\t\t\t\t\t<span class=\"banner-headline\">Reubicaci\u00f3n de m\u00e1quinas de Worldplast<\/span>\n\n\t\t\t\t\t\t\t\t<span class=\"banner-subline\">\u00a1Realizamos mudanzas de m\u00e1quinas individuales y de plantas de inyecci\u00f3n de pl\u00e1stico completas en toda Europa!<\/span>\n\n\t\t\t\t\t\t\t\t<a class=\"banner-link button\" target=\"\" href=\"https:\/\/worldplast.eu\/es\/maschinen-transport\/\">M\u00e1s sobre nosotros<\/a>\n\n\t\t\t\t\t\t\t<\/div>\n\n\t\t\t\t\t\t<\/div>\n\n\t\t\t\t\t<\/div>\n\n\t\t\t\t<\/div>\n\n\t\t\t<\/div>\n\n\t\t\n<\/section>\n\n\n\t<div class=\"bannerbox\">\n\n\t\t<div class=\"container\">\n\n\t\t\t<div class=\"row\">\n\n\t\t\t\t<div class=\"col-lg-12\">\n\n\t\t\t\t\t<div class=\"bannerbox_inner\">\n\n\t\t\t\t\t\t<div class=\"row\">\n\n\t\t\t\t\t\t\t\n\t\t\t\t\t\t\t\t<div class=\"bannerbox_column col-lg-4\" >\n\n\t\t\t\t\t\t\t\t\t<div class=\"bannerbox_column_single\">\n\n\t\t\t\t\t\t\t\t\t\t<div class=\"bannerbox_icon\">\n\n\t\t\t\t\t\t\t\t\t\t\t<i class=\"fas fa-user\"><\/i>\n\t\t\t\t\t\t\t\t\t\t<\/div>\n\n\t\t\t\t\t\t\t\t\t\t<div class=\"bannerbox_text\">\n\n\t\t\t\t\t\t\t\t\t\t\t<strong>Servicio experimentado<\/strong>\n\n\t\t\t\t\t\t\t\t\t\t\t<span>Experiencia de muchos a\u00f1os en el transporte de m\u00e1quinas<\/span>\n\n\t\t\t\t\t\t\t\t\t\t<\/div>\n\n\t\t\t\t\t\t\t\t\t<\/div>\n\n\t\t\t\t\t\t\t\t<\/div>\n\n\t\t\t\t\t\t\t\n\t\t\t\t\t\t\t\t<div class=\"bannerbox_column col-lg-4\" >\n\n\t\t\t\t\t\t\t\t\t<div class=\"bannerbox_column_single\">\n\n\t\t\t\t\t\t\t\t\t\t<div class=\"bannerbox_icon\">\n\n\t\t\t\t\t\t\t\t\t\t\t<i class=\"fas fa-headphones\"><\/i>\n\t\t\t\t\t\t\t\t\t\t<\/div>\n\n\t\t\t\t\t\t\t\t\t\t<div class=\"bannerbox_text\">\n\n\t\t\t\t\t\t\t\t\t\t\t<strong>Contacto 24\/7<\/strong>\n\n\t\t\t\t\t\t\t\t\t\t\t<span>\u2028+49 241 609 522 50<\/span>\n\n\t\t\t\t\t\t\t\t\t\t<\/div>\n\n\t\t\t\t\t\t\t\t\t<\/div>\n\n\t\t\t\t\t\t\t\t<\/div>\n\n\t\t\t\t\t\t\t\n\t\t\t\t\t\t\t\t<div class=\"bannerbox_column col-lg-4\" >\n\n\t\t\t\t\t\t\t\t\t<div class=\"bannerbox_column_single\">\n\n\t\t\t\t\t\t\t\t\t\t<div class=\"bannerbox_icon\">\n\n\t\t\t\t\t\t\t\t\t\t\t<i class=\"fas fa-trophy\"><\/i>\n\t\t\t\t\t\t\t\t\t\t<\/div>\n\n\t\t\t\t\t\t\t\t\t\t<div class=\"bannerbox_text\">\n\n\t\t\t\t\t\t\t\t\t\t\t<strong>Equipo profesional<\/strong>\n\n\t\t\t\t\t\t\t\t\t\t\t<span>Equipo experimentado de t\u00e9cnicos de automatizaci\u00f3n<\/span>\n\n\t\t\t\t\t\t\t\t\t\t<\/div>\n\n\t\t\t\t\t\t\t\t\t<\/div>\n\n\t\t\t\t\t\t\t\t<\/div>\n\n\t\t\t\t\t\t\t\n\t\t\t\t\t\t<\/div>\n\n\t\t\t\t\t<\/div>\n\n\t\t\t\t<\/div>\n\n\t\t\t<\/div>\n\n\t\t<\/div>\n\n\t<\/div>\n\n\n\n\n<div class=\"outer-wrapper \" style=\"background-color: rgba(0,0,0,0);\">\n\n\t<div class=\"wrapper container\" style=\"padding:    ;\">\n\n\t\t\n<section class=\"headline\">\n\t\n\t<div class=\"container\">\n\n\t\t<div class=\"row\">\n\n\t\t\t<div class=\"col-lg-12\">\n\n\t\t\t\t<div class=\"subline\">\n\n\t\t\t\t\t<span>Nuestros servicios<\/span>\n\n\t\t\t\t<\/div>\n\n\t\t\t\t<div class=\"headline\">\n\n\t\t\t\t\t<h2>Su socio profesional para el traslado de m\u00e1quinas de pl\u00e1stico<\/h2>\n\n\t\t\t\t<\/div>\n\n\t\t\t<\/div>\n\n\t\t<\/div>\n\n\t<\/div>\n\n<\/section>\n\n\n<div style=\"height:50px\" aria-hidden=\"true\" class=\"wp-block-spacer\"><\/div>\n\n\n\n<div class=\"row \">\n\n\t\n\t\t\t<div class=\"teaser_single col-lg-3 col-md-4 col-sm-6\">\n\n\t\t\t\t\n\t\t\t\t<div class=\"teaser_inner\">\n\n\t\t\t\t\t<img decoding=\"async\" src=\"https:\/\/worldplast.eu\/wp-content\/uploads\/2023\/10\/konkurencyjne-ceny.jpg\" alt=\"\">\n\n\t\t\t\t\t<div class=\"teaser_content\">\n\n\t\t\t\t\t\t<span class=\"teaser_headline\">Precios atractivos<\/span>\n\n\t\t\t\t\t\t<span class=\"teaser_description\">Gracias a nuestra eficiencia y especializaci\u00f3n, podemos ofrecerle precios atractivos sin sacrificar la calidad.<\/span>\n\n\t\t\t\t\t\t\n\t\t\t\t\t<\/div>\n\n\t\t\t\t<\/div>\n\n\t\t\t\t\n\t\t\t<\/div>\n\n\t\t\n\t\t\t<div class=\"teaser_single col-lg-3 col-md-4 col-sm-6\">\n\n\t\t\t\t\n\t\t\t\t<div class=\"teaser_inner\">\n\n\t\t\t\t\t<img decoding=\"async\" src=\"https:\/\/worldplast.eu\/wp-content\/uploads\/2023\/11\/Bild4.jpg\" alt=\"\">\n\n\t\t\t\t\t<div class=\"teaser_content\">\n\n\t\t\t\t\t\t<span class=\"teaser_headline\">Amplia gama de servicios<\/span>\n\n\t\t\t\t\t\t<span class=\"teaser_description\">Realizamos encargos desde la etapa de planificaci\u00f3n, pasando por la ejecuci\u00f3n de proyectos, hasta la asistencia en el arranque de las m\u00e1quinas.<\/span>\n\n\t\t\t\t\t\t\n\t\t\t\t\t<\/div>\n\n\t\t\t\t<\/div>\n\n\t\t\t\t\n\t\t\t<\/div>\n\n\t\t\n\t\t\t<div class=\"teaser_single col-lg-3 col-md-4 col-sm-6\">\n\n\t\t\t\t\n\t\t\t\t<div class=\"teaser_inner\">\n\n\t\t\t\t\t<img decoding=\"async\" src=\"https:\/\/worldplast.eu\/wp-content\/uploads\/2023\/11\/Bild5.jpg\" alt=\"\">\n\n\t\t\t\t\t<div class=\"teaser_content\">\n\n\t\t\t\t\t\t<span class=\"teaser_headline\">Seguridad durante la ejecuci\u00f3n del proyecto<\/span>\n\n\t\t\t\t\t\t<span class=\"teaser_description\">La garant\u00eda de la seguridad durante la ejecuci\u00f3n del proyecto es nuestra prioridad. La formaci\u00f3n regular y el seguro adecuado son procedimientos est\u00e1ndar para nosotros.<\/span>\n\n\t\t\t\t\t\t\n\t\t\t\t\t<\/div>\n\n\t\t\t\t<\/div>\n\n\t\t\t\t\n\t\t\t<\/div>\n\n\t\t\n\t\t\t<div class=\"teaser_single col-lg-3 col-md-4 col-sm-6\">\n\n\t\t\t\t\n\t\t\t\t<div class=\"teaser_inner\">\n\n\t\t\t\t\t<img decoding=\"async\" src=\"https:\/\/worldplast.eu\/wp-content\/uploads\/2023\/11\/Bild6.jpg\" alt=\"\">\n\n\t\t\t\t\t<div class=\"teaser_content\">\n\n\t\t\t\t\t\t<span class=\"teaser_headline\">Profesionales cualificados<\/span>\n\n\t\t\t\t\t\t<span class=\"teaser_description\">Nuestro equipo coordinado y experimentado es la clave para el \u00e9xito de cualquier tarea relacionada con la mudanza de maquinaria.<\/span>\n\n\t\t\t\t\t\t\n\t\t\t\t\t<\/div>\n\n\t\t\t\t<\/div>\n\n\t\t\t\t\n\t\t\t<\/div>\n\n\t\t\n<\/div>\n\n\t<\/div>\n\n<\/div>\n\n<section class=\"divider\">\n\t\n\t<div class=\"container\">\n\n\t\t<div class=\"row\">\n\n\t\t\t<div class=\"col-lg-12\">\n\n\t\t\t\t<p><strong>\u00a1Pregunta sobre nuestros servicios de transporte de m\u00e1quinas!<\/strong><\/p>\n<h2>\u00a1Pregunte sobre nuestros servicios de transporte de m\u00e1quinas!<\/h2>\n<p>Worldplast reubicaci\u00f3n de m\u00e1quinas Worldplast es una empresa con experiencia en el traslado de m\u00e1quinas con una fuerza de cierre de hasta 4500 toneladas y en el traslado de f\u00e1bricas en toda Europa.<\/p>\n\n\t\t\t\t\n\t\t\t\t\t<a class=\"button\" href=\"https:\/\/worldplast.eu\/es\/kontakt\/\">\n\t\t\t\t\t\tContacto\t\t\n\t\t\t\t\t<\/a>\n\n\t\t\t\t\n\t\t\t<\/div>\n\n\t\t<\/div>\n\n\t<\/div>\n\n<\/section>\n\n\n<div class=\"outer-wrapper \" style=\"background-color: rgba(243,248,254,1);\">\n\n\t<div class=\"wrapper container-fluid container-fluid-small\" style=\"padding:    ;\">\n\n\t\t\n<section class=\"headline\">\n\t\n\t<div class=\"container\">\n\n\t\t<div class=\"row\">\n\n\t\t\t<div class=\"col-lg-12\">\n\n\t\t\t\t<div class=\"subline\">\n\n\t\t\t\t\t<span>Blog Worldplast<\/span>\n\n\t\t\t\t<\/div>\n\n\t\t\t\t<div class=\"headline\">\n\n\t\t\t\t\t<h2>\u00daltimas noticias<\/h2>\n\n\t\t\t\t<\/div>\n\n\t\t\t<\/div>\n\n\t\t<\/div>\n\n\t<\/div>\n\n<\/section>\n\n\n<div style=\"height:50px\" aria-hidden=\"true\" class=\"wp-block-spacer\"><\/div>\n\n\n<div class=\"news\">\n\n\t\n\t<div class=\"row \">\n\n\t\t\n\t\t\t\t<div class=\"news-single\">\n\n\t\t\t\t\t<div class=\"news-single-inner\">\n\n\t\t\t\t\t\t\n\t\t\t\t\t\t<div class=\"news-single-content\">\n\n\t\t\t\t\t\t\t<strong class=\"news-headline\">Descarga de una m\u00e1quina de moldeo por inyecci\u00f3n Battenfeld 5500\/2800 de dos componentes<\/strong>\n\n\t\t\t\t\t\t\t\n\t\t\t\t\t\t\t<div class=\"news-excerpt\">\n\n\t\t\t\t\t\t\t\t<p>Nos gustar\u00eda presentarle la descarga de la m\u00e1quina de moldeo por inyecci\u00f3n de dos componentes Battenfeld 5500\/2800.<\/p>\n<p>En este v\u00eddeo pod\u00e9is ver c\u00f3mo descargamos la primera parte de la m\u00e1quina pulverizadora: el sistema de bloqueo.<br \/>\nEn el segundo v\u00eddeo presentamos la descarga de la segunda parte: el sistema de inyecci\u00f3n y los dispositivos perif\u00e9ricos.<\/p>\n<p>https:\/\/www.youtube.com\/watch?v=gXi0sBO6tEY\\<br \/>\nBattenfeld 5500\/2800 descargado<\/p>\n\n\t\t\t\t\t\t\t<\/div>\n\n\t\t\t\t\t\t\t<a class=\"button\" href=\"https:\/\/worldplast.eu\/es\/descarga-de-una-maquina-de-moldeo-por-inyeccion-battenfeld-5500-2800-de-dos-componentes\/\">sigue leyendo<\/a>\n\n\t\t\t\t\t\t<\/div>\n\n\t\t\t\t\t<\/div>\n\n\t\t\t\t<\/div>\n\n\t\t\t\n\t\t\t\t<div class=\"news-single\">\n\n\t\t\t\t\t<div class=\"news-single-inner\">\n\n\t\t\t\t\t\t\n\t\t\t\t\t\t\t<a href=\"https:\/\/worldplast.eu\/es\/reubicacion-internacional-espana-polonia\/\" class=\"news-image\">\n\n\t\t\t\t\t\t\t\t<img loading=\"lazy\" decoding=\"async\" width=\"600\" height=\"451\" src=\"https:\/\/worldplast.eu\/wp-content\/uploads\/2023\/10\/Blog1-Kopie.webp\" class=\"attachment-post-thumbnail size-post-thumbnail wp-post-image\" alt=\"Internationaler Umzug Spritzgie\u00dfmaschinen\" srcset=\"https:\/\/worldplast.eu\/wp-content\/uploads\/2023\/10\/Blog1-Kopie.webp 600w, https:\/\/worldplast.eu\/wp-content\/uploads\/2023\/10\/Blog1-Kopie-300x226.webp 300w\" sizes=\"auto, (max-width: 600px) 100vw, 600px\" \/>\n\t\t\t\t\t\t\t<\/a>\n\n\t\t\t\t\t\t\n\t\t\t\t\t\t<div class=\"news-single-content\">\n\n\t\t\t\t\t\t\t<strong class=\"news-headline\">Reubicaci\u00f3n internacional: Espa\u00f1a &#8211; Polonia<\/strong>\n\n\t\t\t\t\t\t\t\n\t\t\t\t\t\t\t<div class=\"news-excerpt\">\n\n\t\t\t\t\t\t\t\t<p>En este art\u00edculo presentamos uno de los numerosos movimientos que hemos llevado a cabo recientemente. El plan era transportar desde Espa\u00f1a a Polonia y nuestra tarea era transportar dos enormes m\u00e1quinas de moldeo por inyecci\u00f3n por media Europa:<\/p>\n\n\t\t\t\t\t\t\t<\/div>\n\n\t\t\t\t\t\t\t<a class=\"button\" href=\"https:\/\/worldplast.eu\/es\/reubicacion-internacional-espana-polonia\/\">sigue leyendo<\/a>\n\n\t\t\t\t\t\t<\/div>\n\n\t\t\t\t\t<\/div>\n\n\t\t\t\t<\/div>\n\n\t\t\t\n\t\t\t\t<div class=\"news-single\">\n\n\t\t\t\t\t<div class=\"news-single-inner\">\n\n\t\t\t\t\t\t\n\t\t\t\t\t\t\t<a href=\"https:\/\/worldplast.eu\/es\/carga-de-una-maquina-de-moldeo-por-inyeccion-krauss-maffei-300t\/\" class=\"news-image\">\n\n\t\t\t\t\t\t\t\t<img loading=\"lazy\" decoding=\"async\" width=\"600\" height=\"278\" src=\"https:\/\/worldplast.eu\/wp-content\/uploads\/2023\/10\/admin-ajax-Kopie.webp\" class=\"attachment-post-thumbnail size-post-thumbnail wp-post-image\" alt=\"Verladung einer Krauss Maffei 300T Spritzgie\u00dfmaschine\" srcset=\"https:\/\/worldplast.eu\/wp-content\/uploads\/2023\/10\/admin-ajax-Kopie.webp 600w, https:\/\/worldplast.eu\/wp-content\/uploads\/2023\/10\/admin-ajax-Kopie-300x139.webp 300w\" sizes=\"auto, (max-width: 600px) 100vw, 600px\" \/>\n\t\t\t\t\t\t\t<\/a>\n\n\t\t\t\t\t\t\n\t\t\t\t\t\t<div class=\"news-single-content\">\n\n\t\t\t\t\t\t\t<strong class=\"news-headline\">Carga de una m\u00e1quina de moldeo por inyecci\u00f3n Krauss Maffei 300T<\/strong>\n\n\t\t\t\t\t\t\t\n\t\t\t\t\t\t\t<div class=\"news-excerpt\">\n\n\t\t\t\t\t\t\t\t<p>Esta semana cargamos una m\u00e1quina de moldeo por inyecci\u00f3n para un cliente extranjero. Junto a la m\u00e1quina cargamos un robot de 4,5 m de largo con armario de control y zona de acceso restringido.<\/p>\n<p>Para el transporte se utiliz\u00f3 un cami\u00f3n de 13,6 m de longitud (aprox. 2.500 km) y para la carga utilizamos una gr\u00faa m\u00f3vil.<\/p>\n\n\t\t\t\t\t\t\t<\/div>\n\n\t\t\t\t\t\t\t<a class=\"button\" href=\"https:\/\/worldplast.eu\/es\/carga-de-una-maquina-de-moldeo-por-inyeccion-krauss-maffei-300t\/\">sigue leyendo<\/a>\n\n\t\t\t\t\t\t<\/div>\n\n\t\t\t\t\t<\/div>\n\n\t\t\t\t<\/div>\n\n\t\t\t\n\t\t\t\t<div class=\"news-single\">\n\n\t\t\t\t\t<div class=\"news-single-inner\">\n\n\t\t\t\t\t\t\n\t\t\t\t\t\t\t<a href=\"https:\/\/worldplast.eu\/es\/orden-de-carga-de-una-maquina-de-moldeo-por-inyeccion\/\" class=\"news-image\">\n\n\t\t\t\t\t\t\t\t<img loading=\"lazy\" decoding=\"async\" width=\"725\" height=\"1024\" src=\"https:\/\/worldplast.eu\/wp-content\/uploads\/2023\/10\/2-725x1024-1.jpeg\" class=\"attachment-post-thumbnail size-post-thumbnail wp-post-image\" alt=\"Beladung einer Spritzgie\u00dfmaschine\" srcset=\"https:\/\/worldplast.eu\/wp-content\/uploads\/2023\/10\/2-725x1024-1.jpeg 725w, https:\/\/worldplast.eu\/wp-content\/uploads\/2023\/10\/2-725x1024-1-212x300.jpeg 212w\" sizes=\"auto, (max-width: 725px) 100vw, 725px\" \/>\n\t\t\t\t\t\t\t<\/a>\n\n\t\t\t\t\t\t\n\t\t\t\t\t\t<div class=\"news-single-content\">\n\n\t\t\t\t\t\t\t<strong class=\"news-headline\">Orden de carga de una m\u00e1quina de moldeo por inyecci\u00f3n<\/strong>\n\n\t\t\t\t\t\t\t\n\t\t\t\t\t\t\t<div class=\"news-excerpt\">\n\n\t\t\t\t\t\t\t\t<p>Hoy completamos otra carga de la m\u00e1quina de moldeo por inyecci\u00f3n seg\u00fan lo planeado.<\/p>\n\n\t\t\t\t\t\t\t<\/div>\n\n\t\t\t\t\t\t\t<a class=\"button\" href=\"https:\/\/worldplast.eu\/es\/orden-de-carga-de-una-maquina-de-moldeo-por-inyeccion\/\">sigue leyendo<\/a>\n\n\t\t\t\t\t\t<\/div>\n\n\t\t\t\t\t<\/div>\n\n\t\t\t\t<\/div>\n\n\t\t\t\n\t<\/div>\n\n\t\n\t\n\t<div class=\"row news_more-button\">\n\n\t\t<div class=\"col-lg-12\">\n\n\t\t\t<a class=\"button\" href=\"https:\/\/worldplast.eu\/es\/blog\/\">M\u00e1s comentarios<\/a>\n\n\t\t<\/div>\n\n\t<\/div>\n\n<\/div>\n\n\t<\/div>\n\n<\/div>","protected":false},"excerpt":{"rendered":"","protected":false},"author":1,"featured_media":339,"parent":0,"menu_order":0,"comment_status":"closed","ping_status":"closed","template":"","meta":{"_acf_changed":false,"footnotes":""},"class_list":["post-357","page","type-page","status-publish","has-post-thumbnail","hentry"],"acf":[],"yoast_head":"<!-- This site is optimized with the Yoast SEO plugin v22.7 - https:\/\/yoast.com\/wordpress\/plugins\/seo\/ -->\n<title>Home - Worldplast<\/title>\n<meta name=\"description\" content=\"Worldplast es una empresa experimentada con m\u00e1s de 20 a\u00f1os de experiencia en el transporte de m\u00e1quinas de moldeo por inyecci\u00f3n\" \/>\n<meta name=\"robots\" content=\"index, follow, max-snippet:-1, max-image-preview:large, max-video-preview:-1\" \/>\n<link rel=\"canonical\" href=\"https:\/\/worldplast.eu\/es\/\" \/>\n<meta property=\"og:locale\" content=\"es_ES\" \/>\n<meta property=\"og:type\" content=\"article\" \/>\n<meta property=\"og:title\" content=\"Home - Worldplast\" \/>\n<meta property=\"og:description\" content=\"Worldplast es una empresa experimentada con m\u00e1s de 20 a\u00f1os de experiencia en el transporte de m\u00e1quinas de moldeo por inyecci\u00f3n\" \/>\n<meta property=\"og:url\" content=\"https:\/\/worldplast.eu\/es\/\" \/>\n<meta property=\"og:site_name\" content=\"Worldplast\" \/>\n<meta property=\"article:modified_time\" content=\"2023-12-04T11:54:48+00:00\" \/>\n<meta name=\"twitter:card\" content=\"summary_large_image\" \/>\n<script type=\"application\/ld+json\" class=\"yoast-schema-graph\">{\"@context\":\"https:\/\/schema.org\",\"@graph\":[{\"@type\":\"WebPage\",\"@id\":\"https:\/\/worldplast.eu\/es\/\",\"url\":\"https:\/\/worldplast.eu\/es\/\",\"name\":\"Home - Worldplast\",\"isPartOf\":{\"@id\":\"https:\/\/worldplast.eu\/es\/#website\"},\"primaryImageOfPage\":{\"@id\":\"https:\/\/worldplast.eu\/es\/#primaryimage\"},\"image\":{\"@id\":\"https:\/\/worldplast.eu\/es\/#primaryimage\"},\"thumbnailUrl\":\"https:\/\/worldplast.eu\/wp-content\/uploads\/2023\/10\/cropped-favicon_worldplast.png\",\"datePublished\":\"2023-10-27T09:54:14+00:00\",\"dateModified\":\"2023-12-04T11:54:48+00:00\",\"description\":\"Worldplast es una empresa experimentada con m\u00e1s de 20 a\u00f1os de experiencia en el transporte de m\u00e1quinas de moldeo por inyecci\u00f3n\",\"breadcrumb\":{\"@id\":\"https:\/\/worldplast.eu\/es\/#breadcrumb\"},\"inLanguage\":\"es\",\"potentialAction\":[{\"@type\":\"ReadAction\",\"target\":[\"https:\/\/worldplast.eu\/es\/\"]}]},{\"@type\":\"ImageObject\",\"inLanguage\":\"es\",\"@id\":\"https:\/\/worldplast.eu\/es\/#primaryimage\",\"url\":\"https:\/\/worldplast.eu\/wp-content\/uploads\/2023\/10\/cropped-favicon_worldplast.png\",\"contentUrl\":\"https:\/\/worldplast.eu\/wp-content\/uploads\/2023\/10\/cropped-favicon_worldplast.png\",\"width\":512,\"height\":512},{\"@type\":\"BreadcrumbList\",\"@id\":\"https:\/\/worldplast.eu\/es\/#breadcrumb\",\"itemListElement\":[{\"@type\":\"ListItem\",\"position\":1,\"name\":\"Home\",\"item\":\"https:\/\/worldplast.eu\/es\/\"},{\"@type\":\"ListItem\",\"position\":2,\"name\":\"Home\"}]},{\"@type\":\"WebSite\",\"@id\":\"https:\/\/worldplast.eu\/es\/#website\",\"url\":\"https:\/\/worldplast.eu\/es\/\",\"name\":\"Worldplast\",\"description\":\"\",\"publisher\":{\"@id\":\"https:\/\/worldplast.eu\/es\/#organization\"},\"potentialAction\":[{\"@type\":\"SearchAction\",\"target\":{\"@type\":\"EntryPoint\",\"urlTemplate\":\"https:\/\/worldplast.eu\/es\/?s={search_term_string}\"},\"query-input\":\"required name=search_term_string\"}],\"inLanguage\":\"es\"},{\"@type\":\"Organization\",\"@id\":\"https:\/\/worldplast.eu\/es\/#organization\",\"name\":\"Worldplast\",\"url\":\"https:\/\/worldplast.eu\/es\/\",\"logo\":{\"@type\":\"ImageObject\",\"inLanguage\":\"es\",\"@id\":\"https:\/\/worldplast.eu\/es\/#\/schema\/logo\/image\/\",\"url\":\"https:\/\/worldplast.eu\/wp-content\/uploads\/2023\/10\/logo-1066x251-1-1024x241-1.jpg\",\"contentUrl\":\"https:\/\/worldplast.eu\/wp-content\/uploads\/2023\/10\/logo-1066x251-1-1024x241-1.jpg\",\"width\":1024,\"height\":241,\"caption\":\"Worldplast\"},\"image\":{\"@id\":\"https:\/\/worldplast.eu\/es\/#\/schema\/logo\/image\/\"}}]}<\/script>\n<!-- \/ Yoast SEO plugin. -->","yoast_head_json":{"title":"Home - Worldplast","description":"Worldplast es una empresa experimentada con m\u00e1s de 20 a\u00f1os de experiencia en el transporte de m\u00e1quinas de moldeo por inyecci\u00f3n","robots":{"index":"index","follow":"follow","max-snippet":"max-snippet:-1","max-image-preview":"max-image-preview:large","max-video-preview":"max-video-preview:-1"},"canonical":"https:\/\/worldplast.eu\/es\/","og_locale":"es_ES","og_type":"article","og_title":"Home - Worldplast","og_description":"Worldplast es una empresa experimentada con m\u00e1s de 20 a\u00f1os de experiencia en el transporte de m\u00e1quinas de moldeo por inyecci\u00f3n","og_url":"https:\/\/worldplast.eu\/es\/","og_site_name":"Worldplast","article_modified_time":"2023-12-04T11:54:48+00:00","twitter_card":"summary_large_image","schema":{"@context":"https:\/\/schema.org","@graph":[{"@type":"WebPage","@id":"https:\/\/worldplast.eu\/es\/","url":"https:\/\/worldplast.eu\/es\/","name":"Home - Worldplast","isPartOf":{"@id":"https:\/\/worldplast.eu\/es\/#website"},"primaryImageOfPage":{"@id":"https:\/\/worldplast.eu\/es\/#primaryimage"},"image":{"@id":"https:\/\/worldplast.eu\/es\/#primaryimage"},"thumbnailUrl":"https:\/\/worldplast.eu\/wp-content\/uploads\/2023\/10\/cropped-favicon_worldplast.png","datePublished":"2023-10-27T09:54:14+00:00","dateModified":"2023-12-04T11:54:48+00:00","description":"Worldplast es una empresa experimentada con m\u00e1s de 20 a\u00f1os de experiencia en el transporte de m\u00e1quinas de moldeo por inyecci\u00f3n","breadcrumb":{"@id":"https:\/\/worldplast.eu\/es\/#breadcrumb"},"inLanguage":"es","potentialAction":[{"@type":"ReadAction","target":["https:\/\/worldplast.eu\/es\/"]}]},{"@type":"ImageObject","inLanguage":"es","@id":"https:\/\/worldplast.eu\/es\/#primaryimage","url":"https:\/\/worldplast.eu\/wp-content\/uploads\/2023\/10\/cropped-favicon_worldplast.png","contentUrl":"https:\/\/worldplast.eu\/wp-content\/uploads\/2023\/10\/cropped-favicon_worldplast.png","width":512,"height":512},{"@type":"BreadcrumbList","@id":"https:\/\/worldplast.eu\/es\/#breadcrumb","itemListElement":[{"@type":"ListItem","position":1,"name":"Home","item":"https:\/\/worldplast.eu\/es\/"},{"@type":"ListItem","position":2,"name":"Home"}]},{"@type":"WebSite","@id":"https:\/\/worldplast.eu\/es\/#website","url":"https:\/\/worldplast.eu\/es\/","name":"Worldplast","description":"","publisher":{"@id":"https:\/\/worldplast.eu\/es\/#organization"},"potentialAction":[{"@type":"SearchAction","target":{"@type":"EntryPoint","urlTemplate":"https:\/\/worldplast.eu\/es\/?s={search_term_string}"},"query-input":"required name=search_term_string"}],"inLanguage":"es"},{"@type":"Organization","@id":"https:\/\/worldplast.eu\/es\/#organization","name":"Worldplast","url":"https:\/\/worldplast.eu\/es\/","logo":{"@type":"ImageObject","inLanguage":"es","@id":"https:\/\/worldplast.eu\/es\/#\/schema\/logo\/image\/","url":"https:\/\/worldplast.eu\/wp-content\/uploads\/2023\/10\/logo-1066x251-1-1024x241-1.jpg","contentUrl":"https:\/\/worldplast.eu\/wp-content\/uploads\/2023\/10\/logo-1066x251-1-1024x241-1.jpg","width":1024,"height":241,"caption":"Worldplast"},"image":{"@id":"https:\/\/worldplast.eu\/es\/#\/schema\/logo\/image\/"}}]}},"_links":{"self":[{"href":"https:\/\/worldplast.eu\/es\/wp-json\/wp\/v2\/pages\/357","targetHints":{"allow":["GET"]}}],"collection":[{"href":"https:\/\/worldplast.eu\/es\/wp-json\/wp\/v2\/pages"}],"about":[{"href":"https:\/\/worldplast.eu\/es\/wp-json\/wp\/v2\/types\/page"}],"author":[{"embeddable":true,"href":"https:\/\/worldplast.eu\/es\/wp-json\/wp\/v2\/users\/1"}],"replies":[{"embeddable":true,"href":"https:\/\/worldplast.eu\/es\/wp-json\/wp\/v2\/comments?post=357"}],"version-history":[{"count":13,"href":"https:\/\/worldplast.eu\/es\/wp-json\/wp\/v2\/pages\/357\/revisions"}],"predecessor-version":[{"id":853,"href":"https:\/\/worldplast.eu\/es\/wp-json\/wp\/v2\/pages\/357\/revisions\/853"}],"wp:featuredmedia":[{"embeddable":true,"href":"https:\/\/worldplast.eu\/es\/wp-json\/wp\/v2\/media\/339"}],"wp:attachment":[{"href":"https:\/\/worldplast.eu\/es\/wp-json\/wp\/v2\/media?parent=357"}],"curies":[{"name":"wp","href":"https:\/\/api.w.org\/{rel}","templated":true}]}}