{"id":354,"date":"2023-10-27T11:54:27","date_gmt":"2023-10-27T09:54:27","guid":{"rendered":"https:\/\/worldplast.eu\/maschinen-transport\/"},"modified":"2023-11-15T12:02:03","modified_gmt":"2023-11-15T11:02:03","slug":"transporte-de-maquinas","status":"publish","type":"page","link":"https:\/\/worldplast.eu\/es\/transporte-de-maquinas\/","title":{"rendered":"Transporte de m\u00e1quinas"},"content":{"rendered":"\n<section class=\"banner\" style=\"height: 600px\">\n\t\n\t\n\t\t\t<div class=\"slide\" style=\"height: 600px\">\n\n\t\t\t\t<img decoding=\"async\" src=\"https:\/\/worldplast.eu\/wp-content\/uploads\/2023\/11\/Bild2.jpg\" alt=\"\">\n\n\t\t\t\t<div class=\"slide_overlay\">\n\n\t\t\t\t\t<div class=\"container h-100\">\n\n\t\t\t\t\t\t<div class=\"row h-100\">\n\n\t\t\t\t\t\t\t<div class=\"col-lg-12\">\n\n\t\t\t\t\t\t\t\t<span class=\"banner-headline\">Transporte de m\u00e1quinas<\/span>\n\n\t\t\t\t\t\t\t\t<span class=\"banner-subline\"><\/span>\n\n\t\t\t\t\t\t\t\t<a class=\"banner-link button\" target=\"\" href=\"https:\/\/worldplast.eu\/es\/contacto\/\">Contacto<\/a>\n\n\t\t\t\t\t\t\t<\/div>\n\n\t\t\t\t\t\t<\/div>\n\n\t\t\t\t\t<\/div>\n\n\t\t\t\t<\/div>\n\n\t\t\t<\/div>\n\n\t\t\n<\/section>\n\n\t\t\t\t\t\n\n\n\n<div class=\"outer-wrapper \" style=\"background-color: rgba(243,248,254,1);\">\n\n\t<div class=\"wrapper container\" style=\"padding:    ;\">\n\n\t\t\n\n<div class=\"row\">\n\n\t<div class=\"col-lg-12\">\n\n\t\t<div class=\"textwrap\" style=\"column-count: 1\">\n\n\t\t\t<p>Nuestra experiencia en la reubicaci\u00f3n de maquinaria se basa en numerosos servicios relacionados con el transporte de m\u00e1quinas individuales y varias docenas de plantas de moldeo por inyecci\u00f3n completas y centros de producci\u00f3n en Alemania y en el extranjero. Tambi\u00e9n hemos preparado repetidamente m\u00e1quinas de moldeo por inyecci\u00f3n para el transporte mar\u00edtimo.<\/p>\n<p><strong>Servicios<\/strong><\/p>\n<p>Todo el proceso, desde la consulta del cliente hasta la ejecuci\u00f3n del pedido, se realiza en constante comunicaci\u00f3n con el cliente. Proporcionamos una transmisi\u00f3n integral de informaci\u00f3n anal\u00edtica, relacionada con las ofertas, log\u00edstica y el m\u00e9todo de ejecuci\u00f3n de la reubicaci\u00f3n.<\/p>\n<p>El equipo profesional y moderno disponible en nuestro inventario permite el transporte r\u00e1pido y eficiente de las m\u00e1quinas, incluso en condiciones desafiantes.<\/p>\n<p>Un experimentado equipo de ingenieros garantiza el desmontaje seguro y profesional de las m\u00e1quinas y su preparaci\u00f3n para el transporte.<\/p>\n<p>Ofrecemos una estimaci\u00f3n detallada de los costos para el servicio planificado, basada en un an\u00e1lisis de las condiciones de transporte, par\u00e1metros de transporte y la ubicaci\u00f3n de la ejecuci\u00f3n del servicio.<\/p>\n<p><strong>Equipamiento<\/strong><\/p>\n<p>Al mismo tiempo, le aseguramos que contamos con un conjunto completo de capacitaci\u00f3n, seguros, permisos y aprobaciones necesarios para llevar a cabo este tipo de trabajo.<\/p>\n<p><em>En la realizaci\u00f3n del trabajo, utilizamos:<\/em><\/p>\n<ul>\n<li>Gr\u00faas industriales y equipos de elevaci\u00f3n<\/li>\n<li>Equipos especializados para la reubicaci\u00f3n de m\u00e1quinas<\/li>\n<li>Plataformas elevadoras y plataformas de trabajo a\u00e9reo<\/li>\n<li>Montacargas<\/li>\n<li>Gr\u00faas<\/li>\n<li>Camiones<\/li>\n<li>Camiones de gran tama\u00f1o<\/li>\n<\/ul>\n<p><strong>Calidad<\/strong><\/p>\n<p>Nuestra caracter\u00edstica principal es la atenci\u00f3n al detalle, la precisi\u00f3n y el profesionalismo, lo que se traduce en clientes satisfechos que nos contratan repetidamente.<\/p>\n<p>En este contexto, le invitamos cordialmente a aprovechar nuestros servicios.<\/p>\n\n\t\t<\/div>\n\n\t<\/div>\n\n<\/div>\n\n\t<\/div>\n\n<\/div>","protected":false},"excerpt":{"rendered":"","protected":false},"author":1,"featured_media":0,"parent":0,"menu_order":0,"comment_status":"closed","ping_status":"closed","template":"","meta":{"_acf_changed":false,"footnotes":""},"class_list":["post-354","page","type-page","status-publish","hentry"],"acf":[],"yoast_head":"<!-- This site is optimized with the Yoast SEO plugin v22.7 - https:\/\/yoast.com\/wordpress\/plugins\/seo\/ -->\n<title>Transporte de m\u00e1quinas - Worldplast<\/title>\n<meta name=\"robots\" content=\"index, follow, max-snippet:-1, max-image-preview:large, max-video-preview:-1\" \/>\n<link rel=\"canonical\" href=\"https:\/\/worldplast.eu\/es\/transporte-de-maquinas\/\" \/>\n<meta property=\"og:locale\" content=\"es_ES\" \/>\n<meta property=\"og:type\" content=\"article\" \/>\n<meta property=\"og:title\" content=\"Transporte de m\u00e1quinas - Worldplast\" \/>\n<meta property=\"og:url\" content=\"https:\/\/worldplast.eu\/es\/transporte-de-maquinas\/\" \/>\n<meta property=\"og:site_name\" content=\"Worldplast\" \/>\n<meta property=\"article:modified_time\" content=\"2023-11-15T11:02:03+00:00\" \/>\n<meta name=\"twitter:card\" content=\"summary_large_image\" \/>\n<script type=\"application\/ld+json\" class=\"yoast-schema-graph\">{\"@context\":\"https:\/\/schema.org\",\"@graph\":[{\"@type\":\"WebPage\",\"@id\":\"https:\/\/worldplast.eu\/es\/transporte-de-maquinas\/\",\"url\":\"https:\/\/worldplast.eu\/es\/transporte-de-maquinas\/\",\"name\":\"Transporte de m\u00e1quinas - Worldplast\",\"isPartOf\":{\"@id\":\"https:\/\/worldplast.eu\/es\/#website\"},\"datePublished\":\"2023-10-27T09:54:27+00:00\",\"dateModified\":\"2023-11-15T11:02:03+00:00\",\"breadcrumb\":{\"@id\":\"https:\/\/worldplast.eu\/es\/transporte-de-maquinas\/#breadcrumb\"},\"inLanguage\":\"es\",\"potentialAction\":[{\"@type\":\"ReadAction\",\"target\":[\"https:\/\/worldplast.eu\/es\/transporte-de-maquinas\/\"]}]},{\"@type\":\"BreadcrumbList\",\"@id\":\"https:\/\/worldplast.eu\/es\/transporte-de-maquinas\/#breadcrumb\",\"itemListElement\":[{\"@type\":\"ListItem\",\"position\":1,\"name\":\"Home\",\"item\":\"https:\/\/worldplast.eu\/es\/\"},{\"@type\":\"ListItem\",\"position\":2,\"name\":\"Transporte de m\u00e1quinas\"}]},{\"@type\":\"WebSite\",\"@id\":\"https:\/\/worldplast.eu\/es\/#website\",\"url\":\"https:\/\/worldplast.eu\/es\/\",\"name\":\"Worldplast\",\"description\":\"\",\"publisher\":{\"@id\":\"https:\/\/worldplast.eu\/es\/#organization\"},\"potentialAction\":[{\"@type\":\"SearchAction\",\"target\":{\"@type\":\"EntryPoint\",\"urlTemplate\":\"https:\/\/worldplast.eu\/es\/?s={search_term_string}\"},\"query-input\":\"required name=search_term_string\"}],\"inLanguage\":\"es\"},{\"@type\":\"Organization\",\"@id\":\"https:\/\/worldplast.eu\/es\/#organization\",\"name\":\"Worldplast\",\"url\":\"https:\/\/worldplast.eu\/es\/\",\"logo\":{\"@type\":\"ImageObject\",\"inLanguage\":\"es\",\"@id\":\"https:\/\/worldplast.eu\/es\/#\/schema\/logo\/image\/\",\"url\":\"https:\/\/worldplast.eu\/wp-content\/uploads\/2023\/10\/logo-1066x251-1-1024x241-1.jpg\",\"contentUrl\":\"https:\/\/worldplast.eu\/wp-content\/uploads\/2023\/10\/logo-1066x251-1-1024x241-1.jpg\",\"width\":1024,\"height\":241,\"caption\":\"Worldplast\"},\"image\":{\"@id\":\"https:\/\/worldplast.eu\/es\/#\/schema\/logo\/image\/\"}}]}<\/script>\n<!-- \/ Yoast SEO plugin. -->","yoast_head_json":{"title":"Transporte de m\u00e1quinas - Worldplast","robots":{"index":"index","follow":"follow","max-snippet":"max-snippet:-1","max-image-preview":"max-image-preview:large","max-video-preview":"max-video-preview:-1"},"canonical":"https:\/\/worldplast.eu\/es\/transporte-de-maquinas\/","og_locale":"es_ES","og_type":"article","og_title":"Transporte de m\u00e1quinas - Worldplast","og_url":"https:\/\/worldplast.eu\/es\/transporte-de-maquinas\/","og_site_name":"Worldplast","article_modified_time":"2023-11-15T11:02:03+00:00","twitter_card":"summary_large_image","schema":{"@context":"https:\/\/schema.org","@graph":[{"@type":"WebPage","@id":"https:\/\/worldplast.eu\/es\/transporte-de-maquinas\/","url":"https:\/\/worldplast.eu\/es\/transporte-de-maquinas\/","name":"Transporte de m\u00e1quinas - Worldplast","isPartOf":{"@id":"https:\/\/worldplast.eu\/es\/#website"},"datePublished":"2023-10-27T09:54:27+00:00","dateModified":"2023-11-15T11:02:03+00:00","breadcrumb":{"@id":"https:\/\/worldplast.eu\/es\/transporte-de-maquinas\/#breadcrumb"},"inLanguage":"es","potentialAction":[{"@type":"ReadAction","target":["https:\/\/worldplast.eu\/es\/transporte-de-maquinas\/"]}]},{"@type":"BreadcrumbList","@id":"https:\/\/worldplast.eu\/es\/transporte-de-maquinas\/#breadcrumb","itemListElement":[{"@type":"ListItem","position":1,"name":"Home","item":"https:\/\/worldplast.eu\/es\/"},{"@type":"ListItem","position":2,"name":"Transporte de m\u00e1quinas"}]},{"@type":"WebSite","@id":"https:\/\/worldplast.eu\/es\/#website","url":"https:\/\/worldplast.eu\/es\/","name":"Worldplast","description":"","publisher":{"@id":"https:\/\/worldplast.eu\/es\/#organization"},"potentialAction":[{"@type":"SearchAction","target":{"@type":"EntryPoint","urlTemplate":"https:\/\/worldplast.eu\/es\/?s={search_term_string}"},"query-input":"required name=search_term_string"}],"inLanguage":"es"},{"@type":"Organization","@id":"https:\/\/worldplast.eu\/es\/#organization","name":"Worldplast","url":"https:\/\/worldplast.eu\/es\/","logo":{"@type":"ImageObject","inLanguage":"es","@id":"https:\/\/worldplast.eu\/es\/#\/schema\/logo\/image\/","url":"https:\/\/worldplast.eu\/wp-content\/uploads\/2023\/10\/logo-1066x251-1-1024x241-1.jpg","contentUrl":"https:\/\/worldplast.eu\/wp-content\/uploads\/2023\/10\/logo-1066x251-1-1024x241-1.jpg","width":1024,"height":241,"caption":"Worldplast"},"image":{"@id":"https:\/\/worldplast.eu\/es\/#\/schema\/logo\/image\/"}}]}},"_links":{"self":[{"href":"https:\/\/worldplast.eu\/es\/wp-json\/wp\/v2\/pages\/354","targetHints":{"allow":["GET"]}}],"collection":[{"href":"https:\/\/worldplast.eu\/es\/wp-json\/wp\/v2\/pages"}],"about":[{"href":"https:\/\/worldplast.eu\/es\/wp-json\/wp\/v2\/types\/page"}],"author":[{"embeddable":true,"href":"https:\/\/worldplast.eu\/es\/wp-json\/wp\/v2\/users\/1"}],"replies":[{"embeddable":true,"href":"https:\/\/worldplast.eu\/es\/wp-json\/wp\/v2\/comments?post=354"}],"version-history":[{"count":13,"href":"https:\/\/worldplast.eu\/es\/wp-json\/wp\/v2\/pages\/354\/revisions"}],"predecessor-version":[{"id":814,"href":"https:\/\/worldplast.eu\/es\/wp-json\/wp\/v2\/pages\/354\/revisions\/814"}],"wp:attachment":[{"href":"https:\/\/worldplast.eu\/es\/wp-json\/wp\/v2\/media?parent=354"}],"curies":[{"name":"wp","href":"https:\/\/api.w.org\/{rel}","templated":true}]}}