{"id":342,"date":"2023-10-30T07:33:32","date_gmt":"2023-10-30T06:33:32","guid":{"rendered":"https:\/\/worldplast.eu\/gebrauchte-spritzgiessmaschinen\/"},"modified":"2023-11-20T14:04:00","modified_gmt":"2023-11-20T13:04:00","slug":"maquinas-de-moldeo-por-inyeccion","status":"publish","type":"page","link":"https:\/\/worldplast.eu\/es\/maquinas-de-moldeo-por-inyeccion\/","title":{"rendered":"m\u00e1quinas de moldeo por inyecci\u00f3n"},"content":{"rendered":"\n<section class=\"banner\" style=\"height: 600px\">\n\t\n\t\n\t\t\t<div class=\"slide\" style=\"height: 600px\">\n\n\t\t\t\t<img decoding=\"async\" src=\"https:\/\/worldplast.eu\/wp-content\/uploads\/2023\/11\/Bild3-scaled.jpg\" alt=\"gebrauchte Spritzgie\u00dfmaschinen Europnet \">\n\n\t\t\t\t<div class=\"slide_overlay\">\n\n\t\t\t\t\t<div class=\"container h-100\">\n\n\t\t\t\t\t\t<div class=\"row h-100\">\n\n\t\t\t\t\t\t\t<div class=\"col-lg-12\">\n\n\t\t\t\t\t\t\t\t<span class=\"banner-headline\">Compra y venta de m\u00e1quinas de moldeo por inyecci\u00f3n usadas con Europnet<\/span>\n\n\t\t\t\t\t\t\t\t<span class=\"banner-subline\"><\/span>\n\n\t\t\t\t\t\t\t\t<a class=\"banner-link button\" target=\"_blank\" href=\"https:\/\/europnet.eu\/\">Contacte con Europnet<\/a>\n\n\t\t\t\t\t\t\t<\/div>\n\n\t\t\t\t\t\t<\/div>\n\n\t\t\t\t\t<\/div>\n\n\t\t\t\t<\/div>\n\n\t\t\t<\/div>\n\n\t\t\n<\/section>\n\n\t\t\t\t\t\n\n\n\n<div class=\"outer-wrapper \" style=\"background-color: rgba(243,248,254,1);\">\n\n\t<div class=\"wrapper container\" style=\"padding:    ;\">\n\n\t\t\n\n<div class=\"row\">\n\n\t<div class=\"col-lg-12\">\n\n\t\t<div class=\"textwrap\" style=\"column-count: 1\">\n\n\t\t\t<p>\u00bfEst\u00e1s buscando una m\u00e1quina de inyecci\u00f3n de pl\u00e1stico usada? \u00bfO deseas vender tu m\u00e1quina antigua? Si es as\u00ed, has llegado al lugar adecuado. Europnet es un proveedor l\u00edder de m\u00e1quinas de inyecci\u00f3n de pl\u00e1stico usadas en Europa.<\/p>\n<p><strong>Oferta<\/strong><\/p>\n<p>Europnet ofrece una amplia gama de m\u00e1quinas de inyecci\u00f3n de pl\u00e1stico usadas para diversas aplicaciones, desde m\u00e1quinas de laboratorio peque\u00f1as hasta l\u00edneas de producci\u00f3n grandes. Las m\u00e1quinas se encuentran en buenas condiciones y son regularmente mantenidas e inspeccionadas por t\u00e9cnicos experimentados.<\/p>\n<p><strong>Comprar una M\u00e1quina de Inyecci\u00f3n de Pl\u00e1stico<\/strong><\/p>\n<p>Si deseas comprar una m\u00e1quina de inyecci\u00f3n de pl\u00e1stico usada, puedes aprovechar nuestro servicio integral. Te ayudamos a seleccionar la m\u00e1quina adecuada, a obtener financiamiento y a organizar la entrega.<\/p>\n<p><strong>Vender una M\u00e1quina de Inyecci\u00f3n de Pl\u00e1stico<\/strong><\/p>\n<p>Si, por otro lado, deseas vender tu m\u00e1quina de inyecci\u00f3n de pl\u00e1stico usada, Europnet ofrece una valoraci\u00f3n gratuita y un precio justo. Tambi\u00e9n nos encargamos del transporte y la carga de la m\u00e1quina.<\/p>\n<p>Europnet estar\u00e1 encantado de ayudarte a encontrar la m\u00e1quina adecuada para tus necesidades.<\/p>\n<p><a href=\"https:\/\/europnet.eu\/\" target=\"_blank\"><img decoding=\"async\" style=\"width: 400px; height: auto; max-width: 100%; object-fit: contain; display: block; margin: 30px auto 0 auto;\" src=\"https:\/\/worldplast.eu\/wp-content\/uploads\/2023\/11\/europnet_logonew-scaled-1.png\" alt=\"\"><\/a><\/p>\n\n\t\t<\/div>\n\n\t<\/div>\n\n<\/div>\n\n\t<\/div>\n\n<\/div>","protected":false},"excerpt":{"rendered":"","protected":false},"author":1,"featured_media":0,"parent":0,"menu_order":0,"comment_status":"closed","ping_status":"closed","template":"","meta":{"_acf_changed":false,"footnotes":""},"class_list":["post-342","page","type-page","status-publish","hentry"],"acf":[],"yoast_head":"<!-- This site is optimized with the Yoast SEO plugin v22.7 - https:\/\/yoast.com\/wordpress\/plugins\/seo\/ -->\n<title>m\u00e1quinas de moldeo por inyecci\u00f3n - Worldplast<\/title>\n<meta name=\"robots\" content=\"index, follow, max-snippet:-1, max-image-preview:large, max-video-preview:-1\" \/>\n<link rel=\"canonical\" href=\"https:\/\/worldplast.eu\/es\/maquinas-de-moldeo-por-inyeccion\/\" \/>\n<meta property=\"og:locale\" content=\"es_ES\" \/>\n<meta property=\"og:type\" content=\"article\" \/>\n<meta property=\"og:title\" content=\"m\u00e1quinas de moldeo por inyecci\u00f3n - Worldplast\" \/>\n<meta property=\"og:url\" content=\"https:\/\/worldplast.eu\/es\/maquinas-de-moldeo-por-inyeccion\/\" \/>\n<meta property=\"og:site_name\" content=\"Worldplast\" \/>\n<meta property=\"article:modified_time\" content=\"2023-11-20T13:04:00+00:00\" \/>\n<meta name=\"twitter:card\" content=\"summary_large_image\" \/>\n<script type=\"application\/ld+json\" class=\"yoast-schema-graph\">{\"@context\":\"https:\/\/schema.org\",\"@graph\":[{\"@type\":\"WebPage\",\"@id\":\"https:\/\/worldplast.eu\/es\/maquinas-de-moldeo-por-inyeccion\/\",\"url\":\"https:\/\/worldplast.eu\/es\/maquinas-de-moldeo-por-inyeccion\/\",\"name\":\"m\u00e1quinas de moldeo por inyecci\u00f3n - Worldplast\",\"isPartOf\":{\"@id\":\"https:\/\/worldplast.eu\/es\/#website\"},\"datePublished\":\"2023-10-30T06:33:32+00:00\",\"dateModified\":\"2023-11-20T13:04:00+00:00\",\"breadcrumb\":{\"@id\":\"https:\/\/worldplast.eu\/es\/maquinas-de-moldeo-por-inyeccion\/#breadcrumb\"},\"inLanguage\":\"es\",\"potentialAction\":[{\"@type\":\"ReadAction\",\"target\":[\"https:\/\/worldplast.eu\/es\/maquinas-de-moldeo-por-inyeccion\/\"]}]},{\"@type\":\"BreadcrumbList\",\"@id\":\"https:\/\/worldplast.eu\/es\/maquinas-de-moldeo-por-inyeccion\/#breadcrumb\",\"itemListElement\":[{\"@type\":\"ListItem\",\"position\":1,\"name\":\"Home\",\"item\":\"https:\/\/worldplast.eu\/es\/\"},{\"@type\":\"ListItem\",\"position\":2,\"name\":\"m\u00e1quinas de moldeo por inyecci\u00f3n\"}]},{\"@type\":\"WebSite\",\"@id\":\"https:\/\/worldplast.eu\/es\/#website\",\"url\":\"https:\/\/worldplast.eu\/es\/\",\"name\":\"Worldplast\",\"description\":\"\",\"publisher\":{\"@id\":\"https:\/\/worldplast.eu\/es\/#organization\"},\"potentialAction\":[{\"@type\":\"SearchAction\",\"target\":{\"@type\":\"EntryPoint\",\"urlTemplate\":\"https:\/\/worldplast.eu\/es\/?s={search_term_string}\"},\"query-input\":\"required name=search_term_string\"}],\"inLanguage\":\"es\"},{\"@type\":\"Organization\",\"@id\":\"https:\/\/worldplast.eu\/es\/#organization\",\"name\":\"Worldplast\",\"url\":\"https:\/\/worldplast.eu\/es\/\",\"logo\":{\"@type\":\"ImageObject\",\"inLanguage\":\"es\",\"@id\":\"https:\/\/worldplast.eu\/es\/#\/schema\/logo\/image\/\",\"url\":\"https:\/\/worldplast.eu\/wp-content\/uploads\/2023\/10\/logo-1066x251-1-1024x241-1.jpg\",\"contentUrl\":\"https:\/\/worldplast.eu\/wp-content\/uploads\/2023\/10\/logo-1066x251-1-1024x241-1.jpg\",\"width\":1024,\"height\":241,\"caption\":\"Worldplast\"},\"image\":{\"@id\":\"https:\/\/worldplast.eu\/es\/#\/schema\/logo\/image\/\"}}]}<\/script>\n<!-- \/ Yoast SEO plugin. -->","yoast_head_json":{"title":"m\u00e1quinas de moldeo por inyecci\u00f3n - Worldplast","robots":{"index":"index","follow":"follow","max-snippet":"max-snippet:-1","max-image-preview":"max-image-preview:large","max-video-preview":"max-video-preview:-1"},"canonical":"https:\/\/worldplast.eu\/es\/maquinas-de-moldeo-por-inyeccion\/","og_locale":"es_ES","og_type":"article","og_title":"m\u00e1quinas de moldeo por inyecci\u00f3n - Worldplast","og_url":"https:\/\/worldplast.eu\/es\/maquinas-de-moldeo-por-inyeccion\/","og_site_name":"Worldplast","article_modified_time":"2023-11-20T13:04:00+00:00","twitter_card":"summary_large_image","schema":{"@context":"https:\/\/schema.org","@graph":[{"@type":"WebPage","@id":"https:\/\/worldplast.eu\/es\/maquinas-de-moldeo-por-inyeccion\/","url":"https:\/\/worldplast.eu\/es\/maquinas-de-moldeo-por-inyeccion\/","name":"m\u00e1quinas de moldeo por inyecci\u00f3n - Worldplast","isPartOf":{"@id":"https:\/\/worldplast.eu\/es\/#website"},"datePublished":"2023-10-30T06:33:32+00:00","dateModified":"2023-11-20T13:04:00+00:00","breadcrumb":{"@id":"https:\/\/worldplast.eu\/es\/maquinas-de-moldeo-por-inyeccion\/#breadcrumb"},"inLanguage":"es","potentialAction":[{"@type":"ReadAction","target":["https:\/\/worldplast.eu\/es\/maquinas-de-moldeo-por-inyeccion\/"]}]},{"@type":"BreadcrumbList","@id":"https:\/\/worldplast.eu\/es\/maquinas-de-moldeo-por-inyeccion\/#breadcrumb","itemListElement":[{"@type":"ListItem","position":1,"name":"Home","item":"https:\/\/worldplast.eu\/es\/"},{"@type":"ListItem","position":2,"name":"m\u00e1quinas de moldeo por inyecci\u00f3n"}]},{"@type":"WebSite","@id":"https:\/\/worldplast.eu\/es\/#website","url":"https:\/\/worldplast.eu\/es\/","name":"Worldplast","description":"","publisher":{"@id":"https:\/\/worldplast.eu\/es\/#organization"},"potentialAction":[{"@type":"SearchAction","target":{"@type":"EntryPoint","urlTemplate":"https:\/\/worldplast.eu\/es\/?s={search_term_string}"},"query-input":"required name=search_term_string"}],"inLanguage":"es"},{"@type":"Organization","@id":"https:\/\/worldplast.eu\/es\/#organization","name":"Worldplast","url":"https:\/\/worldplast.eu\/es\/","logo":{"@type":"ImageObject","inLanguage":"es","@id":"https:\/\/worldplast.eu\/es\/#\/schema\/logo\/image\/","url":"https:\/\/worldplast.eu\/wp-content\/uploads\/2023\/10\/logo-1066x251-1-1024x241-1.jpg","contentUrl":"https:\/\/worldplast.eu\/wp-content\/uploads\/2023\/10\/logo-1066x251-1-1024x241-1.jpg","width":1024,"height":241,"caption":"Worldplast"},"image":{"@id":"https:\/\/worldplast.eu\/es\/#\/schema\/logo\/image\/"}}]}},"_links":{"self":[{"href":"https:\/\/worldplast.eu\/es\/wp-json\/wp\/v2\/pages\/342","targetHints":{"allow":["GET"]}}],"collection":[{"href":"https:\/\/worldplast.eu\/es\/wp-json\/wp\/v2\/pages"}],"about":[{"href":"https:\/\/worldplast.eu\/es\/wp-json\/wp\/v2\/types\/page"}],"author":[{"embeddable":true,"href":"https:\/\/worldplast.eu\/es\/wp-json\/wp\/v2\/users\/1"}],"replies":[{"embeddable":true,"href":"https:\/\/worldplast.eu\/es\/wp-json\/wp\/v2\/comments?post=342"}],"version-history":[{"count":14,"href":"https:\/\/worldplast.eu\/es\/wp-json\/wp\/v2\/pages\/342\/revisions"}],"predecessor-version":[{"id":880,"href":"https:\/\/worldplast.eu\/es\/wp-json\/wp\/v2\/pages\/342\/revisions\/880"}],"wp:attachment":[{"href":"https:\/\/worldplast.eu\/es\/wp-json\/wp\/v2\/media?parent=342"}],"curies":[{"name":"wp","href":"https:\/\/api.w.org\/{rel}","templated":true}]}}