{"id":8,"date":"2023-10-27T11:54:27","date_gmt":"2023-10-27T09:54:27","guid":{"rendered":"https:\/\/worldplast.eu\/?page_id=8"},"modified":"2024-02-21T11:24:18","modified_gmt":"2024-02-21T10:24:18","slug":"maschinen-transport","status":"publish","type":"page","link":"https:\/\/worldplast.eu\/de\/maschinen-transport\/","title":{"rendered":"Maschinen Transport"},"content":{"rendered":"\n<section class=\"banner\" style=\"height: 600px\">\n\t\n\t\n\t\t\t<div class=\"slide\" style=\"height: 600px\">\n\n\t\t\t\t<img decoding=\"async\" src=\"https:\/\/worldplast.eu\/wp-content\/uploads\/2023\/12\/Bild2-scaled.jpg\" alt=\"Spritzgie\u00dfmaschinen Transport Worldplast\">\n\n\t\t\t\t<div class=\"slide_overlay\">\n\n\t\t\t\t\t<div class=\"container h-100\">\n\n\t\t\t\t\t\t<div class=\"row h-100\">\n\n\t\t\t\t\t\t\t<div class=\"col-lg-12\">\n\n\t\t\t\t\t\t\t\t<span class=\"banner-headline\">Maschinen Transport<\/span>\n\n\t\t\t\t\t\t\t\t<span class=\"banner-subline\"><\/span>\n\n\t\t\t\t\t\t\t\t<a class=\"banner-link button\" target=\"\" href=\"https:\/\/worldplast.eu\/de\/kontakt\/\">Kontakt<\/a>\n\n\t\t\t\t\t\t\t<\/div>\n\n\t\t\t\t\t\t<\/div>\n\n\t\t\t\t\t<\/div>\n\n\t\t\t\t<\/div>\n\n\t\t\t<\/div>\n\n\t\t\n<\/section>\n\n\t\t\t\t\t\n\n\n\n<div class=\"outer-wrapper \" style=\"background-color: rgba(243,248,254,1);\">\n\n\t<div class=\"wrapper container\" style=\"padding:    ;\">\n\n\t\t\n\n<div class=\"row\">\n\n\t<div class=\"col-lg-12\">\n\n\t\t<div class=\"textwrap\" style=\"column-count: 1\">\n\n\t\t\t<p>Unsere Erfahrung in der Maschinenrelokation basiert auf zahlreichen Dienstleistungen im Zusammenhang mit dem Transport sowohl einzelner Maschinen als auch von mehreren Dutzend kompletten Spritzgie\u00dfereien und Produktionsst\u00e4tten in Deutschland und im Ausland. Wir haben auch wiederholt Spritzgie\u00dfmaschinen f\u00fcr den Seetransport vorbereitet.<\/p>\n<p><strong>Leistungen<\/strong><\/p>\n<p>Der gesamte Prozess von der Anfrage des Kunden bis zur Auftragsabwicklung findet in st\u00e4ndigem Kontakt mit dem Auftraggeber statt. Es erfolgt eine vollst\u00e4ndige \u00dcbermittlung von analytischen, angebotsbezogenen, logistischen Informationen sowie der Art und Weise der Durchf\u00fchrung der Umsiedlung.<br \/>\nProfessionelles und modernes Equipment, das f\u00fcr diese Art von Transporten geeignet ist und sich in unserer Ausstattung befindet, erm\u00f6glicht den Transport von Maschinen schnell und effizient, auch unter schwierigsten Bedingungen.<\/p>\n<p>Ein erfahrenes Team von Ingenieuren garantiert die sichere und professionelle Demontage der Maschine und die Vorbereitung zum Transport.<\/p>\n<p>Wir bieten eine detaillierte Kostensch\u00e4tzung f\u00fcr die geplante Dienstleistung, die auf der Analyse der Transportbedingungen, der Parameter f\u00fcr den Transport und des Ortes der Ausf\u00fchrung der Dienstleistung basiert.<\/p>\n<p><strong>Equipment<\/strong><\/p>\n<p>Gleichzeitig m\u00f6chten wir Ihnen versichern, dass wir \u00fcber einen vollst\u00e4ndigen Paket an Schulungen, Versicherungen, Berechtigungen und Genehmigungen verf\u00fcgen, die f\u00fcr die Durchf\u00fchrung dieser Art von Arbeiten erforderlich sind.<\/p>\n<p><em>Bei der Umsetzung der Arbeit nutzen wir:<\/em><\/p>\n<ul>\n<li>Industriekr\u00e4ne und Hebezeuge<\/li>\n<li>Spezialger\u00e4te f\u00fcr die Maschinenrelokation<\/li>\n<li>Hebeb\u00fchnen und Hubarbeitsb\u00fchnen<\/li>\n<li>Gabelstapler<\/li>\n<li>Kr\u00e4ne<\/li>\n<li>Lastwagen<\/li>\n<li>\u00dcbergro\u00dfe Lastwagen<\/li>\n<\/ul>\n<p><strong>Qualit\u00e4t<\/strong><\/p>\n<p>Unsere oberste Eigenschaft ist die Sorgfalt um Details, Genauigkeit und Professionalit\u00e4t, was zu zufriedenen Kunden f\u00fchrt, die uns mehrfach beauftragen.<\/p>\n<p>In diesem Zusammenhang m\u00f6chten wir Sie herzlich einladen, unsere Dienste in Anspruch zu nehmen.<\/p>\n\n\t\t<\/div>\n\n\t<\/div>\n\n<\/div>\n\n\t<\/div>\n\n<\/div>","protected":false},"excerpt":{"rendered":"","protected":false},"author":1,"featured_media":0,"parent":0,"menu_order":0,"comment_status":"closed","ping_status":"closed","template":"","meta":{"_acf_changed":false,"footnotes":""},"class_list":["post-8","page","type-page","status-publish","hentry"],"acf":[],"yoast_head":"<!-- This site is optimized with the Yoast SEO plugin v22.7 - https:\/\/yoast.com\/wordpress\/plugins\/seo\/ -->\n<title>Maschinen Transport - Worldplast<\/title>\n<meta name=\"description\" content=\"Professionelle Maschinenrelokation: Sichere Transporte von Spritzgie\u00dfmaschinen und Produktionsst\u00e4tten weltweit\" \/>\n<meta name=\"robots\" content=\"index, follow, max-snippet:-1, max-image-preview:large, max-video-preview:-1\" \/>\n<link rel=\"canonical\" href=\"https:\/\/worldplast.eu\/de\/maschinen-transport\/\" \/>\n<meta property=\"og:locale\" content=\"de_DE\" \/>\n<meta property=\"og:type\" content=\"article\" \/>\n<meta property=\"og:title\" content=\"Maschinen Transport - Worldplast\" \/>\n<meta property=\"og:description\" content=\"Professionelle Maschinenrelokation: Sichere Transporte von Spritzgie\u00dfmaschinen und Produktionsst\u00e4tten weltweit\" \/>\n<meta property=\"og:url\" content=\"https:\/\/worldplast.eu\/de\/maschinen-transport\/\" \/>\n<meta property=\"og:site_name\" content=\"Worldplast\" \/>\n<meta property=\"article:modified_time\" content=\"2024-02-21T10:24:18+00:00\" \/>\n<meta name=\"twitter:card\" content=\"summary_large_image\" \/>\n<meta name=\"twitter:label1\" content=\"Gesch\u00e4tzte Lesezeit\" \/>\n\t<meta name=\"twitter:data1\" content=\"2\u00a0Minuten\" \/>\n<script type=\"application\/ld+json\" class=\"yoast-schema-graph\">{\"@context\":\"https:\/\/schema.org\",\"@graph\":[{\"@type\":\"WebPage\",\"@id\":\"https:\/\/worldplast.eu\/de\/maschinen-transport\/\",\"url\":\"https:\/\/worldplast.eu\/de\/maschinen-transport\/\",\"name\":\"Maschinen Transport - Worldplast\",\"isPartOf\":{\"@id\":\"https:\/\/worldplast.eu\/de\/#website\"},\"datePublished\":\"2023-10-27T09:54:27+00:00\",\"dateModified\":\"2024-02-21T10:24:18+00:00\",\"description\":\"Professionelle Maschinenrelokation: Sichere Transporte von Spritzgie\u00dfmaschinen und Produktionsst\u00e4tten weltweit\",\"breadcrumb\":{\"@id\":\"https:\/\/worldplast.eu\/de\/maschinen-transport\/#breadcrumb\"},\"inLanguage\":\"de\",\"potentialAction\":[{\"@type\":\"ReadAction\",\"target\":[\"https:\/\/worldplast.eu\/de\/maschinen-transport\/\"]}]},{\"@type\":\"BreadcrumbList\",\"@id\":\"https:\/\/worldplast.eu\/de\/maschinen-transport\/#breadcrumb\",\"itemListElement\":[{\"@type\":\"ListItem\",\"position\":1,\"name\":\"Startseite\",\"item\":\"https:\/\/worldplast.eu\/de\/\"},{\"@type\":\"ListItem\",\"position\":2,\"name\":\"Maschinen Transport\"}]},{\"@type\":\"WebSite\",\"@id\":\"https:\/\/worldplast.eu\/de\/#website\",\"url\":\"https:\/\/worldplast.eu\/de\/\",\"name\":\"Worldplast\",\"description\":\"\",\"publisher\":{\"@id\":\"https:\/\/worldplast.eu\/de\/#organization\"},\"potentialAction\":[{\"@type\":\"SearchAction\",\"target\":{\"@type\":\"EntryPoint\",\"urlTemplate\":\"https:\/\/worldplast.eu\/de\/?s={search_term_string}\"},\"query-input\":\"required name=search_term_string\"}],\"inLanguage\":\"de\"},{\"@type\":\"Organization\",\"@id\":\"https:\/\/worldplast.eu\/de\/#organization\",\"name\":\"Worldplast\",\"url\":\"https:\/\/worldplast.eu\/de\/\",\"logo\":{\"@type\":\"ImageObject\",\"inLanguage\":\"de\",\"@id\":\"https:\/\/worldplast.eu\/de\/#\/schema\/logo\/image\/\",\"url\":\"https:\/\/worldplast.eu\/wp-content\/uploads\/2023\/10\/logo-1066x251-1-1024x241-1.jpg\",\"contentUrl\":\"https:\/\/worldplast.eu\/wp-content\/uploads\/2023\/10\/logo-1066x251-1-1024x241-1.jpg\",\"width\":1024,\"height\":241,\"caption\":\"Worldplast\"},\"image\":{\"@id\":\"https:\/\/worldplast.eu\/de\/#\/schema\/logo\/image\/\"}}]}<\/script>\n<!-- \/ Yoast SEO plugin. -->","yoast_head_json":{"title":"Maschinen Transport - Worldplast","description":"Professionelle Maschinenrelokation: Sichere Transporte von Spritzgie\u00dfmaschinen und Produktionsst\u00e4tten weltweit","robots":{"index":"index","follow":"follow","max-snippet":"max-snippet:-1","max-image-preview":"max-image-preview:large","max-video-preview":"max-video-preview:-1"},"canonical":"https:\/\/worldplast.eu\/de\/maschinen-transport\/","og_locale":"de_DE","og_type":"article","og_title":"Maschinen Transport - Worldplast","og_description":"Professionelle Maschinenrelokation: Sichere Transporte von Spritzgie\u00dfmaschinen und Produktionsst\u00e4tten weltweit","og_url":"https:\/\/worldplast.eu\/de\/maschinen-transport\/","og_site_name":"Worldplast","article_modified_time":"2024-02-21T10:24:18+00:00","twitter_card":"summary_large_image","twitter_misc":{"Gesch\u00e4tzte Lesezeit":"2\u00a0Minuten"},"schema":{"@context":"https:\/\/schema.org","@graph":[{"@type":"WebPage","@id":"https:\/\/worldplast.eu\/de\/maschinen-transport\/","url":"https:\/\/worldplast.eu\/de\/maschinen-transport\/","name":"Maschinen Transport - Worldplast","isPartOf":{"@id":"https:\/\/worldplast.eu\/de\/#website"},"datePublished":"2023-10-27T09:54:27+00:00","dateModified":"2024-02-21T10:24:18+00:00","description":"Professionelle Maschinenrelokation: Sichere Transporte von Spritzgie\u00dfmaschinen und Produktionsst\u00e4tten weltweit","breadcrumb":{"@id":"https:\/\/worldplast.eu\/de\/maschinen-transport\/#breadcrumb"},"inLanguage":"de","potentialAction":[{"@type":"ReadAction","target":["https:\/\/worldplast.eu\/de\/maschinen-transport\/"]}]},{"@type":"BreadcrumbList","@id":"https:\/\/worldplast.eu\/de\/maschinen-transport\/#breadcrumb","itemListElement":[{"@type":"ListItem","position":1,"name":"Startseite","item":"https:\/\/worldplast.eu\/de\/"},{"@type":"ListItem","position":2,"name":"Maschinen Transport"}]},{"@type":"WebSite","@id":"https:\/\/worldplast.eu\/de\/#website","url":"https:\/\/worldplast.eu\/de\/","name":"Worldplast","description":"","publisher":{"@id":"https:\/\/worldplast.eu\/de\/#organization"},"potentialAction":[{"@type":"SearchAction","target":{"@type":"EntryPoint","urlTemplate":"https:\/\/worldplast.eu\/de\/?s={search_term_string}"},"query-input":"required name=search_term_string"}],"inLanguage":"de"},{"@type":"Organization","@id":"https:\/\/worldplast.eu\/de\/#organization","name":"Worldplast","url":"https:\/\/worldplast.eu\/de\/","logo":{"@type":"ImageObject","inLanguage":"de","@id":"https:\/\/worldplast.eu\/de\/#\/schema\/logo\/image\/","url":"https:\/\/worldplast.eu\/wp-content\/uploads\/2023\/10\/logo-1066x251-1-1024x241-1.jpg","contentUrl":"https:\/\/worldplast.eu\/wp-content\/uploads\/2023\/10\/logo-1066x251-1-1024x241-1.jpg","width":1024,"height":241,"caption":"Worldplast"},"image":{"@id":"https:\/\/worldplast.eu\/de\/#\/schema\/logo\/image\/"}}]}},"_links":{"self":[{"href":"https:\/\/worldplast.eu\/de\/wp-json\/wp\/v2\/pages\/8","targetHints":{"allow":["GET"]}}],"collection":[{"href":"https:\/\/worldplast.eu\/de\/wp-json\/wp\/v2\/pages"}],"about":[{"href":"https:\/\/worldplast.eu\/de\/wp-json\/wp\/v2\/types\/page"}],"author":[{"embeddable":true,"href":"https:\/\/worldplast.eu\/de\/wp-json\/wp\/v2\/users\/1"}],"replies":[{"embeddable":true,"href":"https:\/\/worldplast.eu\/de\/wp-json\/wp\/v2\/comments?post=8"}],"version-history":[{"count":24,"href":"https:\/\/worldplast.eu\/de\/wp-json\/wp\/v2\/pages\/8\/revisions"}],"predecessor-version":[{"id":1289,"href":"https:\/\/worldplast.eu\/de\/wp-json\/wp\/v2\/pages\/8\/revisions\/1289"}],"wp:attachment":[{"href":"https:\/\/worldplast.eu\/de\/wp-json\/wp\/v2\/media?parent=8"}],"curies":[{"name":"wp","href":"https:\/\/api.w.org\/{rel}","templated":true}]}}