{"id":6,"date":"2023-10-27T11:54:14","date_gmt":"2023-10-27T09:54:14","guid":{"rendered":"https:\/\/worldplast.eu\/?page_id=6"},"modified":"2024-03-01T16:16:04","modified_gmt":"2024-03-01T15:16:04","slug":"spritzgiessmaschinentransporte","status":"publish","type":"page","link":"https:\/\/worldplast.eu\/de\/","title":{"rendered":"Startseite"},"content":{"rendered":"\n<section class=\"banner\" style=\"height: 800px\">\n\t\n\t\n\t\t\t<div class=\"slide\" style=\"height: 800px\">\n\n\t\t\t\t<img decoding=\"async\" src=\"https:\/\/worldplast.eu\/wp-content\/uploads\/2023\/12\/Bild1-1.webp\" alt=\"Spritzgie\u00dfmaschinen Transport\">\n\n\t\t\t\t<div class=\"slide_overlay\">\n\n\t\t\t\t\t<div class=\"container h-100\">\n\n\t\t\t\t\t\t<div class=\"row h-100\">\n\n\t\t\t\t\t\t\t<div class=\"col-lg-12\">\n\n\t\t\t\t\t\t\t\t<span class=\"banner-headline\">Worldplast Spritzgie\u00dfmaschinentransport<\/span>\n\n\t\t\t\t\t\t\t\t<span class=\"banner-subline\">Spritzgie\u00dfmaschinentransport in Europa \u2013 sicher und zuverl\u00e4ssig<\/span>\n\n\t\t\t\t\t\t\t\t<a class=\"banner-link button\" target=\"\" href=\"https:\/\/worldplast.eu\/de\/maschinen-transport\/\">Mehr \u00fcber uns<\/a>\n\n\t\t\t\t\t\t\t<\/div>\n\n\t\t\t\t\t\t<\/div>\n\n\t\t\t\t\t<\/div>\n\n\t\t\t\t<\/div>\n\n\t\t\t<\/div>\n\n\t\t\n\t\t\t<div class=\"slide\" style=\"height: 800px\">\n\n\t\t\t\t<img decoding=\"async\" src=\"https:\/\/worldplast.eu\/wp-content\/uploads\/2023\/12\/seite-haupt.webp\" alt=\"Worldplast Relokation von Produktionsanlagen\">\n\n\t\t\t\t<div class=\"slide_overlay\">\n\n\t\t\t\t\t<div class=\"container h-100\">\n\n\t\t\t\t\t\t<div class=\"row h-100\">\n\n\t\t\t\t\t\t\t<div class=\"col-lg-12\">\n\n\t\t\t\t\t\t\t\t<span class=\"banner-headline\">Worldplast Relokation von Produktions&shy;st\u00e4tten<\/span>\n\n\t\t\t\t\t\t\t\t<span class=\"banner-subline\">Wir bieten Umz\u00fcge von einzelnen Maschinen, Spritzgie\u00dfanlagen und Produktionsst\u00e4tten in ganz Europa an. Unser Team verf\u00fcgt \u00fcber langj\u00e4hrige Erfahrung und Expertise in diesem Bereich. Wir sorgen daf\u00fcr, dass Ihr Umzug reibungslos und sicher abl\u00e4uft.<\/span>\n\n\t\t\t\t\t\t\t\t<a class=\"banner-link button\" target=\"\" href=\"https:\/\/worldplast.eu\/maschinen-transport\/\">Mehr \u00fcber uns<\/a>\n\n\t\t\t\t\t\t\t<\/div>\n\n\t\t\t\t\t\t<\/div>\n\n\t\t\t\t\t<\/div>\n\n\t\t\t\t<\/div>\n\n\t\t\t<\/div>\n\n\t\t\n\t\t\t<div class=\"slide\" style=\"height: 800px\">\n\n\t\t\t\t<img decoding=\"async\" src=\"https:\/\/worldplast.eu\/wp-content\/uploads\/2023\/12\/Bild8_hoeher.webp\" alt=\"Spritzgie\u00dfmaschine transportieren\">\n\n\t\t\t\t<div class=\"slide_overlay\">\n\n\t\t\t\t\t<div class=\"container h-100\">\n\n\t\t\t\t\t\t<div class=\"row h-100\">\n\n\t\t\t\t\t\t\t<div class=\"col-lg-12\">\n\n\t\t\t\t\t\t\t\t<span class=\"banner-headline\">Worldplast Maschinen&shy;umzug<\/span>\n\n\t\t\t\t\t\t\t\t<span class=\"banner-subline\">Wir f\u00fchren Umz\u00fcge von einzelnen Maschinen sowie von kompletten Spritzgie\u00dfanlagen und Produktionsst\u00e4tten in ganz Europa durch!<\/span>\n\n\t\t\t\t\t\t\t\t<a class=\"banner-link button\" target=\"\" href=\"https:\/\/worldplast.eu\/maschinen-transport\/\">Mehr \u00fcber uns<\/a>\n\n\t\t\t\t\t\t\t<\/div>\n\n\t\t\t\t\t\t<\/div>\n\n\t\t\t\t\t<\/div>\n\n\t\t\t\t<\/div>\n\n\t\t\t<\/div>\n\n\t\t\n<\/section>\n\n\n\t<div class=\"bannerbox\">\n\n\t\t<div class=\"container\">\n\n\t\t\t<div class=\"row\">\n\n\t\t\t\t<div class=\"col-lg-12\">\n\n\t\t\t\t\t<div class=\"bannerbox_inner\">\n\n\t\t\t\t\t\t<div class=\"row\">\n\n\t\t\t\t\t\t\t\n\t\t\t\t\t\t\t\t<div class=\"bannerbox_column col-lg-4\" >\n\n\t\t\t\t\t\t\t\t\t<div class=\"bannerbox_column_single\">\n\n\t\t\t\t\t\t\t\t\t\t<div class=\"bannerbox_icon\">\n\n\t\t\t\t\t\t\t\t\t\t\t<i class=\"fas fa-user\"><\/i>\n\t\t\t\t\t\t\t\t\t\t<\/div>\n\n\t\t\t\t\t\t\t\t\t\t<div class=\"bannerbox_text\">\n\n\t\t\t\t\t\t\t\t\t\t\t<strong>Erfahrener Service<\/strong>\n\n\t\t\t\t\t\t\t\t\t\t\t<span>Langj\u00e4hrige Erfahrung im Maschinentransport<\/span>\n\n\t\t\t\t\t\t\t\t\t\t<\/div>\n\n\t\t\t\t\t\t\t\t\t<\/div>\n\n\t\t\t\t\t\t\t\t<\/div>\n\n\t\t\t\t\t\t\t\n\t\t\t\t\t\t\t\t<div class=\"bannerbox_column col-lg-4\" >\n\n\t\t\t\t\t\t\t\t\t<div class=\"bannerbox_column_single\">\n\n\t\t\t\t\t\t\t\t\t\t<div class=\"bannerbox_icon\">\n\n\t\t\t\t\t\t\t\t\t\t\t<i class=\"fas fa-headphones\"><\/i>\n\t\t\t\t\t\t\t\t\t\t<\/div>\n\n\t\t\t\t\t\t\t\t\t\t<div class=\"bannerbox_text\">\n\n\t\t\t\t\t\t\t\t\t\t\t<strong>24\/7-Kontakt<\/strong>\n\n\t\t\t\t\t\t\t\t\t\t\t<span>\u2028+49 241 609 522 50<\/span>\n\n\t\t\t\t\t\t\t\t\t\t<\/div>\n\n\t\t\t\t\t\t\t\t\t<\/div>\n\n\t\t\t\t\t\t\t\t<\/div>\n\n\t\t\t\t\t\t\t\n\t\t\t\t\t\t\t\t<div class=\"bannerbox_column col-lg-4\" >\n\n\t\t\t\t\t\t\t\t\t<div class=\"bannerbox_column_single\">\n\n\t\t\t\t\t\t\t\t\t\t<div class=\"bannerbox_icon\">\n\n\t\t\t\t\t\t\t\t\t\t\t<i class=\"fas fa-trophy\"><\/i>\n\t\t\t\t\t\t\t\t\t\t<\/div>\n\n\t\t\t\t\t\t\t\t\t\t<div class=\"bannerbox_text\">\n\n\t\t\t\t\t\t\t\t\t\t\t<strong>Professionelles Team<\/strong>\n\n\t\t\t\t\t\t\t\t\t\t\t<span>Erfahrenes Team vonTechnikern<\/span>\n\n\t\t\t\t\t\t\t\t\t\t<\/div>\n\n\t\t\t\t\t\t\t\t\t<\/div>\n\n\t\t\t\t\t\t\t\t<\/div>\n\n\t\t\t\t\t\t\t\n\t\t\t\t\t\t<\/div>\n\n\t\t\t\t\t<\/div>\n\n\t\t\t\t<\/div>\n\n\t\t\t<\/div>\n\n\t\t<\/div>\n\n\t<\/div>\n\n\n\n\n<div class=\"outer-wrapper \" style=\"background-color: rgba(0,0,0,0);\">\n\n\t<div class=\"wrapper container\" style=\"padding:    ;\">\n\n\t\t\n<section class=\"headline\">\n\t\n\t<div class=\"container\">\n\n\t\t<div class=\"row\">\n\n\t\t\t<div class=\"col-lg-12\">\n\n\t\t\t\t<div class=\"subline\">\n\n\t\t\t\t\t<span>Unsere Leistungen<\/span>\n\n\t\t\t\t<\/div>\n\n\t\t\t\t<div class=\"headline\">\n\n\t\t\t\t\t<h2>Ihr professioneller Partner f\u00fcr den Umzug von Kunststoffmaschinen<\/h2>\n\n\t\t\t\t<\/div>\n\n\t\t\t<\/div>\n\n\t\t<\/div>\n\n\t<\/div>\n\n<\/section>\n\n\n<div style=\"height:50px\" aria-hidden=\"true\" class=\"wp-block-spacer\"><\/div>\n\n\n\n<div class=\"row \">\n\n\t\n\t\t\t<div class=\"teaser_single col-lg-3 col-md-4 col-sm-6\">\n\n\t\t\t\t\n\t\t\t\t<div class=\"teaser_inner\">\n\n\t\t\t\t\t<img decoding=\"async\" src=\"https:\/\/worldplast.eu\/wp-content\/uploads\/2023\/12\/Bild7-1.webp\" alt=\"Spritzgie\u00dfmaschinen Attraktive Preise\">\n\n\t\t\t\t\t<div class=\"teaser_content\">\n\n\t\t\t\t\t\t<span class=\"teaser_headline\">Atraktive Preise<\/span>\n\n\t\t\t\t\t\t<span class=\"teaser_description\">Durch unsere Effizienz und Spezialisierung k\u00f6nnen wir Ihnen g\u00fcnstige Preise bieten, ohne dabei an Qualit\u00e4t zu verlieren.<\/span>\n\n\t\t\t\t\t\t\n\t\t\t\t\t<\/div>\n\n\t\t\t\t<\/div>\n\n\t\t\t\t\n\t\t\t<\/div>\n\n\t\t\n\t\t\t<div class=\"teaser_single col-lg-3 col-md-4 col-sm-6\">\n\n\t\t\t\t\n\t\t\t\t<div class=\"teaser_inner\">\n\n\t\t\t\t\t<img decoding=\"async\" src=\"https:\/\/worldplast.eu\/wp-content\/uploads\/2023\/10\/relokacja-maszyn-4.jpg\" alt=\"Umfassende Dienstleistungen Worldplast Maschinentransport\">\n\n\t\t\t\t\t<div class=\"teaser_content\">\n\n\t\t\t\t\t\t<span class=\"teaser_headline\">Umfassende Dienstleistungen<\/span>\n\n\t\t\t\t\t\t<span class=\"teaser_description\">Wir f\u00fchren Auftr\u00e4ge vom Planungsprozess \u00fcber die Ausf\u00fchrung der Arbeiten bis zur Unterst\u00fctzung bei der Inbetriebnahme der Maschinen durch.<\/span>\n\n\t\t\t\t\t\t\n\t\t\t\t\t<\/div>\n\n\t\t\t\t<\/div>\n\n\t\t\t\t\n\t\t\t<\/div>\n\n\t\t\n\t\t\t<div class=\"teaser_single col-lg-3 col-md-4 col-sm-6\">\n\n\t\t\t\t\n\t\t\t\t<div class=\"teaser_inner\">\n\n\t\t\t\t\t<img decoding=\"async\" src=\"https:\/\/worldplast.eu\/wp-content\/uploads\/2023\/12\/bILD\u00a7.webp\" alt=\"Maschinentransport\">\n\n\t\t\t\t\t<div class=\"teaser_content\">\n\n\t\t\t\t\t\t<span class=\"teaser_headline\">Sicherheit w\u00e4hrend der Projektdurchf\u00fchrung<\/span>\n\n\t\t\t\t\t\t<span class=\"teaser_description\">Die Gew\u00e4hrleistung der Sicherheit w\u00e4hrend der Projektdurchf\u00fchrung ist unser oberstes Gebot. Regelm\u00e4\u00dfige Schulungen und eine angemessene Versicherung sind f\u00fcr uns Standardverfahren.<\/span>\n\n\t\t\t\t\t\t\n\t\t\t\t\t<\/div>\n\n\t\t\t\t<\/div>\n\n\t\t\t\t\n\t\t\t<\/div>\n\n\t\t\n\t\t\t<div class=\"teaser_single col-lg-3 col-md-4 col-sm-6\">\n\n\t\t\t\t\n\t\t\t\t<div class=\"teaser_inner\">\n\n\t\t\t\t\t<img decoding=\"async\" src=\"https:\/\/worldplast.eu\/wp-content\/uploads\/2023\/12\/Bild6.webp\" alt=\"Spezialisten Maschineneumzug Worldplast\">\n\n\t\t\t\t\t<div class=\"teaser_content\">\n\n\t\t\t\t\t\t<span class=\"teaser_headline\">Qualifizierte Spezialisten<\/span>\n\n\t\t\t\t\t\t<span class=\"teaser_description\">Unser eingespieltes und erfahrenes Team ist der Schl\u00fcssel zum erfolgreichen Abschluss jeder Aufgabe im Zusammenhang mit dem Umzug von Maschinen.<\/span>\n\n\t\t\t\t\t\t\n\t\t\t\t\t<\/div>\n\n\t\t\t\t<\/div>\n\n\t\t\t\t\n\t\t\t<\/div>\n\n\t\t\n<\/div>\n\n\t<\/div>\n\n<\/div>\n\n<section class=\"divider\">\n\t\n\t<div class=\"container\">\n\n\t\t<div class=\"row\">\n\n\t\t\t<div class=\"col-lg-12\">\n\n\t\t\t\t<h2>Fragen Sie nach unseren Maschinentransport-Dienstleistungen!<\/h2>\n<h1>Worldplast Spritzgie\u00dfmaschinenumzug<\/h1>\n<p>Worldplast ist ein erfahrenes Unternehmen, das sich auf den Umzug von Maschinen mit einer Schlie\u00dfkraft von bis zu 4500 Tonnen sowie den Umzug von Werken in ganz Europa spezialisiert hat.<\/p>\n\n\t\t\t\t\n\t\t\t\t\t<a class=\"button\" href=\"https:\/\/worldplast.eu\/kontakt\/\">\n\t\t\t\t\t\tKontakt\t\t\n\t\t\t\t\t<\/a>\n\n\t\t\t\t\n\t\t\t<\/div>\n\n\t\t<\/div>\n\n\t<\/div>\n\n<\/section>\n\n\n<div class=\"outer-wrapper \" style=\"background-color: rgba(243,248,254,1);\">\n\n\t<div class=\"wrapper container-fluid container-fluid-small\" style=\"padding:    ;\">\n\n\t\t\n<section class=\"headline\">\n\t\n\t<div class=\"container\">\n\n\t\t<div class=\"row\">\n\n\t\t\t<div class=\"col-lg-12\">\n\n\t\t\t\t<div class=\"subline\">\n\n\t\t\t\t\t<span>Blog Worldplast<\/span>\n\n\t\t\t\t<\/div>\n\n\t\t\t\t<div class=\"headline\">\n\n\t\t\t\t\t<h2>Neueste Nachrichten<\/h2>\n\n\t\t\t\t<\/div>\n\n\t\t\t<\/div>\n\n\t\t<\/div>\n\n\t<\/div>\n\n<\/section>\n\n\n<div style=\"height:50px\" aria-hidden=\"true\" class=\"wp-block-spacer\"><\/div>\n\n\n<div class=\"news\">\n\n\t\n\t<div class=\"row \">\n\n\t\t\n\t\t\t\t<div class=\"news-single\">\n\n\t\t\t\t\t<div class=\"news-single-inner\">\n\n\t\t\t\t\t\t\n\t\t\t\t\t\t\t<a href=\"https:\/\/worldplast.eu\/de\/neue-ergaenzung-unseres-maschinenportfolios-arburg-allrounder-270c\/\" class=\"news-image\">\n\n\t\t\t\t\t\t\t\t<img loading=\"lazy\" decoding=\"async\" width=\"1284\" height=\"2271\" src=\"https:\/\/worldplast.eu\/wp-content\/uploads\/2025\/01\/IMG_7714.jpg\" class=\"attachment-post-thumbnail size-post-thumbnail wp-post-image\" alt=\"\" srcset=\"https:\/\/worldplast.eu\/wp-content\/uploads\/2025\/01\/IMG_7714.jpg 1284w, https:\/\/worldplast.eu\/wp-content\/uploads\/2025\/01\/IMG_7714-170x300.jpg 170w, https:\/\/worldplast.eu\/wp-content\/uploads\/2025\/01\/IMG_7714-579x1024.jpg 579w, https:\/\/worldplast.eu\/wp-content\/uploads\/2025\/01\/IMG_7714-768x1358.jpg 768w, https:\/\/worldplast.eu\/wp-content\/uploads\/2025\/01\/IMG_7714-868x1536.jpg 868w, https:\/\/worldplast.eu\/wp-content\/uploads\/2025\/01\/IMG_7714-1158x2048.jpg 1158w\" sizes=\"auto, (max-width: 1284px) 100vw, 1284px\" \/>\n\t\t\t\t\t\t\t<\/a>\n\n\t\t\t\t\t\t\n\t\t\t\t\t\t<div class=\"news-single-content\">\n\n\t\t\t\t\t\t\t<strong class=\"news-headline\">Neue Erg\u00e4nzung unseres Maschinenportfolios: Arburg Allrounder 270C<\/strong>\n\n\t\t\t\t\t\t\t\n\t\t\t\t\t\t\t<div class=\"news-excerpt\">\n\n\t\t\t\t\t\t\t\t\n\t\t\t\t\t\t\t<\/div>\n\n\t\t\t\t\t\t\t<a class=\"button\" href=\"https:\/\/worldplast.eu\/de\/neue-ergaenzung-unseres-maschinenportfolios-arburg-allrounder-270c\/\">weiterlesen<\/a>\n\n\t\t\t\t\t\t<\/div>\n\n\t\t\t\t\t<\/div>\n\n\t\t\t\t<\/div>\n\n\t\t\t\n\t\t\t\t<div class=\"news-single\">\n\n\t\t\t\t\t<div class=\"news-single-inner\">\n\n\t\t\t\t\t\t\n\t\t\t\t\t\t\t<a href=\"https:\/\/worldplast.eu\/de\/erfolgreiche-demontage-und-verladung-einer-3200-tonnen-spritzgiessmaschine\/\" class=\"news-image\">\n\n\t\t\t\t\t\t\t\t<img loading=\"lazy\" decoding=\"async\" width=\"2560\" height=\"1440\" src=\"https:\/\/worldplast.eu\/wp-content\/uploads\/2024\/04\/worldpalst-scaled.jpg\" class=\"attachment-post-thumbnail size-post-thumbnail wp-post-image\" alt=\"\" srcset=\"https:\/\/worldplast.eu\/wp-content\/uploads\/2024\/04\/worldpalst-scaled.jpg 2560w, https:\/\/worldplast.eu\/wp-content\/uploads\/2024\/04\/worldpalst-300x169.jpg 300w, https:\/\/worldplast.eu\/wp-content\/uploads\/2024\/04\/worldpalst-1024x576.jpg 1024w, https:\/\/worldplast.eu\/wp-content\/uploads\/2024\/04\/worldpalst-768x432.jpg 768w, https:\/\/worldplast.eu\/wp-content\/uploads\/2024\/04\/worldpalst-1536x864.jpg 1536w, https:\/\/worldplast.eu\/wp-content\/uploads\/2024\/04\/worldpalst-2048x1152.jpg 2048w\" sizes=\"auto, (max-width: 2560px) 100vw, 2560px\" \/>\n\t\t\t\t\t\t\t<\/a>\n\n\t\t\t\t\t\t\n\t\t\t\t\t\t<div class=\"news-single-content\">\n\n\t\t\t\t\t\t\t<strong class=\"news-headline\">Erfolgreiche Demontage und Verladung einer 3200-Tonnen-Spritzgie\u00dfmaschine<\/strong>\n\n\t\t\t\t\t\t\t\n\t\t\t\t\t\t\t<div class=\"news-excerpt\">\n\n\t\t\t\t\t\t\t\t<p>Wir haben erfolgreich eine enorme 3200-Tonnen-Spritzgie\u00dfmaschine demontiert und zum Transport vorbereitet. Unser Team bewies w\u00e4hrend des gesamten Ablaufs au\u00dfergew\u00f6hnliche F\u00e4higkeiten und Genauigkeit, was einen reibungslosen und sicheren Prozess gew\u00e4hrleistete. Da der Lagerplatz beim Auftraggeber sehr begrenzt war, war es notwendig, alle Teile unmittelbar nach der Demontage zu verladen, was eine erhebliche logistische Herausforderung darstellte. Zun\u00e4chst [&hellip;]<\/p>\n\n\t\t\t\t\t\t\t<\/div>\n\n\t\t\t\t\t\t\t<a class=\"button\" href=\"https:\/\/worldplast.eu\/de\/erfolgreiche-demontage-und-verladung-einer-3200-tonnen-spritzgiessmaschine\/\">weiterlesen<\/a>\n\n\t\t\t\t\t\t<\/div>\n\n\t\t\t\t\t<\/div>\n\n\t\t\t\t<\/div>\n\n\t\t\t\n\t\t\t\t<div class=\"news-single\">\n\n\t\t\t\t\t<div class=\"news-single-inner\">\n\n\t\t\t\t\t\t\n\t\t\t\t\t\t<div class=\"news-single-content\">\n\n\t\t\t\t\t\t\t<strong class=\"news-headline\">Entladen einer zweikomponentigen Spritzgie\u00dfmaschine Battenfeld<\/strong>\n\n\t\t\t\t\t\t\t\n\t\t\t\t\t\t\t<div class=\"news-excerpt\">\n\n\t\t\t\t\t\t\t\t<p>Wir m\u00f6chten Ihnen die Entladung der Zweikomponenten-Spritzgie\u00dfmaschine Battenfeld 5500\/2800 vorstellen.<\/p>\n<p>In diesem Video sehen Sie, wie wir den ersten Teil der Spritzmaschine \u2013 das Schlie\u00dfsystem \u2013 entladen.<br \/>\nIm zweiten Video pr\u00e4sentieren wir das Entladen des zweiten Teils \u2013 des Einspritzsystems und der Peripherieger\u00e4te.<\/p>\n<p>https:\/\/www.youtube.com\/watch?v=gXi0sBO6tEY\\<br \/>\nBattenfeld 5500\/2800 Entladen<\/p>\n\n\t\t\t\t\t\t\t<\/div>\n\n\t\t\t\t\t\t\t<a class=\"button\" href=\"https:\/\/worldplast.eu\/de\/entladen-einer-zweikomponentigen-spritzgiessmaschine\/\">weiterlesen<\/a>\n\n\t\t\t\t\t\t<\/div>\n\n\t\t\t\t\t<\/div>\n\n\t\t\t\t<\/div>\n\n\t\t\t\n\t\t\t\t<div class=\"news-single\">\n\n\t\t\t\t\t<div class=\"news-single-inner\">\n\n\t\t\t\t\t\t\n\t\t\t\t\t\t\t<a href=\"https:\/\/worldplast.eu\/de\/internationaler-umzug-spanien-polen\/\" class=\"news-image\">\n\n\t\t\t\t\t\t\t\t<img loading=\"lazy\" decoding=\"async\" width=\"600\" height=\"451\" src=\"https:\/\/worldplast.eu\/wp-content\/uploads\/2023\/10\/Blog1-Kopie.webp\" class=\"attachment-post-thumbnail size-post-thumbnail wp-post-image\" alt=\"Internationaler Umzug Spritzgie\u00dfmaschinen\" srcset=\"https:\/\/worldplast.eu\/wp-content\/uploads\/2023\/10\/Blog1-Kopie.webp 600w, https:\/\/worldplast.eu\/wp-content\/uploads\/2023\/10\/Blog1-Kopie-300x226.webp 300w\" sizes=\"auto, (max-width: 600px) 100vw, 600px\" \/>\n\t\t\t\t\t\t\t<\/a>\n\n\t\t\t\t\t\t\n\t\t\t\t\t\t<div class=\"news-single-content\">\n\n\t\t\t\t\t\t\t<strong class=\"news-headline\">Internationaler Umzug: Spanien \u2013 Polen<\/strong>\n\n\t\t\t\t\t\t\t\n\t\t\t\t\t\t\t<div class=\"news-excerpt\">\n\n\t\t\t\t\t\t\t\t<p>In diesem Artikel stellen wir einen der zahlreichen Umz\u00fcge vor, die wir in letzter Zeit durchgef\u00fchrt haben. Geplant war ein Transport von Spanien nach Polen und unsere Aufgabe bestand darin, zwei riesige Spritzgie\u00dfmaschinen quer durch halb Europa zu transportieren:<\/p>\n\n\t\t\t\t\t\t\t<\/div>\n\n\t\t\t\t\t\t\t<a class=\"button\" href=\"https:\/\/worldplast.eu\/de\/internationaler-umzug-spanien-polen\/\">weiterlesen<\/a>\n\n\t\t\t\t\t\t<\/div>\n\n\t\t\t\t\t<\/div>\n\n\t\t\t\t<\/div>\n\n\t\t\t\n\t<\/div>\n\n\t\n\t\n\t<div class=\"row news_more-button\">\n\n\t\t<div class=\"col-lg-12\">\n\n\t\t\t<a class=\"button\" href=\"https:\/\/worldplast.eu\/de\/blog\/\">Weitere Beitr\u00e4ge<\/a>\n\n\t\t<\/div>\n\n\t<\/div>\n\n<\/div>\n\n\t<\/div>\n\n<\/div>","protected":false},"excerpt":{"rendered":"","protected":false},"author":1,"featured_media":217,"parent":0,"menu_order":0,"comment_status":"closed","ping_status":"closed","template":"","meta":{"_acf_changed":false,"footnotes":""},"class_list":["post-6","page","type-page","status-publish","has-post-thumbnail","hentry"],"acf":[],"yoast_head":"<!-- This site is optimized with the Yoast SEO plugin v22.7 - https:\/\/yoast.com\/wordpress\/plugins\/seo\/ -->\n<title>Spritzgie\u00dfmaschinentransport<\/title>\n<meta name=\"description\" content=\"Verladung, Entladung und Umlagerung von Spritzgie\u00dfmaschinen in ganz Europa. Komplette Umz\u00fcge von\u00a0ganzen\u00a0Werken.\" \/>\n<meta name=\"robots\" content=\"index, follow, max-snippet:-1, max-image-preview:large, max-video-preview:-1\" \/>\n<link rel=\"canonical\" href=\"https:\/\/worldplast.eu\/de\/\" \/>\n<meta property=\"og:locale\" content=\"de_DE\" \/>\n<meta property=\"og:type\" content=\"article\" \/>\n<meta property=\"og:title\" content=\"Spritzgie\u00dfmaschinentransport\" \/>\n<meta property=\"og:description\" content=\"Verladung, Entladung und Umlagerung von Spritzgie\u00dfmaschinen in ganz Europa. Komplette Umz\u00fcge von\u00a0ganzen\u00a0Werken.\" \/>\n<meta property=\"og:url\" content=\"https:\/\/worldplast.eu\/de\/\" \/>\n<meta property=\"og:site_name\" content=\"Worldplast\" \/>\n<meta property=\"article:modified_time\" content=\"2024-03-01T15:16:04+00:00\" \/>\n<meta property=\"og:image\" content=\"https:\/\/worldplast.eu\/wp-content\/uploads\/2023\/10\/cropped-favicon_worldplast.png\" \/>\n\t<meta property=\"og:image:width\" content=\"512\" \/>\n\t<meta property=\"og:image:height\" content=\"512\" \/>\n\t<meta property=\"og:image:type\" content=\"image\/png\" \/>\n<meta name=\"twitter:card\" content=\"summary_large_image\" \/>\n<meta name=\"twitter:label1\" content=\"Gesch\u00e4tzte Lesezeit\" \/>\n\t<meta name=\"twitter:data1\" content=\"3\u00a0Minuten\" \/>\n<script type=\"application\/ld+json\" class=\"yoast-schema-graph\">{\"@context\":\"https:\/\/schema.org\",\"@graph\":[{\"@type\":\"WebPage\",\"@id\":\"https:\/\/worldplast.eu\/de\/\",\"url\":\"https:\/\/worldplast.eu\/de\/\",\"name\":\"Spritzgie\u00dfmaschinentransport\",\"isPartOf\":{\"@id\":\"https:\/\/worldplast.eu\/de\/#website\"},\"primaryImageOfPage\":{\"@id\":\"https:\/\/worldplast.eu\/de\/#primaryimage\"},\"image\":{\"@id\":\"https:\/\/worldplast.eu\/de\/#primaryimage\"},\"thumbnailUrl\":\"https:\/\/worldplast.eu\/wp-content\/uploads\/2023\/10\/cropped-favicon_worldplast.png\",\"datePublished\":\"2023-10-27T09:54:14+00:00\",\"dateModified\":\"2024-03-01T15:16:04+00:00\",\"description\":\"Verladung, Entladung und Umlagerung von Spritzgie\u00dfmaschinen in ganz Europa. Komplette Umz\u00fcge von\u00a0ganzen\u00a0Werken.\",\"breadcrumb\":{\"@id\":\"https:\/\/worldplast.eu\/de\/#breadcrumb\"},\"inLanguage\":\"de\",\"potentialAction\":[{\"@type\":\"ReadAction\",\"target\":[\"https:\/\/worldplast.eu\/de\/\"]}]},{\"@type\":\"ImageObject\",\"inLanguage\":\"de\",\"@id\":\"https:\/\/worldplast.eu\/de\/#primaryimage\",\"url\":\"https:\/\/worldplast.eu\/wp-content\/uploads\/2023\/10\/cropped-favicon_worldplast.png\",\"contentUrl\":\"https:\/\/worldplast.eu\/wp-content\/uploads\/2023\/10\/cropped-favicon_worldplast.png\",\"width\":512,\"height\":512},{\"@type\":\"BreadcrumbList\",\"@id\":\"https:\/\/worldplast.eu\/de\/#breadcrumb\",\"itemListElement\":[{\"@type\":\"ListItem\",\"position\":1,\"name\":\"Startseite\",\"item\":\"https:\/\/worldplast.eu\/de\/\"},{\"@type\":\"ListItem\",\"position\":2,\"name\":\"Startseite\"}]},{\"@type\":\"WebSite\",\"@id\":\"https:\/\/worldplast.eu\/de\/#website\",\"url\":\"https:\/\/worldplast.eu\/de\/\",\"name\":\"Worldplast\",\"description\":\"\",\"publisher\":{\"@id\":\"https:\/\/worldplast.eu\/de\/#organization\"},\"potentialAction\":[{\"@type\":\"SearchAction\",\"target\":{\"@type\":\"EntryPoint\",\"urlTemplate\":\"https:\/\/worldplast.eu\/de\/?s={search_term_string}\"},\"query-input\":\"required name=search_term_string\"}],\"inLanguage\":\"de\"},{\"@type\":\"Organization\",\"@id\":\"https:\/\/worldplast.eu\/de\/#organization\",\"name\":\"Worldplast\",\"url\":\"https:\/\/worldplast.eu\/de\/\",\"logo\":{\"@type\":\"ImageObject\",\"inLanguage\":\"de\",\"@id\":\"https:\/\/worldplast.eu\/de\/#\/schema\/logo\/image\/\",\"url\":\"https:\/\/worldplast.eu\/wp-content\/uploads\/2023\/10\/logo-1066x251-1-1024x241-1.jpg\",\"contentUrl\":\"https:\/\/worldplast.eu\/wp-content\/uploads\/2023\/10\/logo-1066x251-1-1024x241-1.jpg\",\"width\":1024,\"height\":241,\"caption\":\"Worldplast\"},\"image\":{\"@id\":\"https:\/\/worldplast.eu\/de\/#\/schema\/logo\/image\/\"}}]}<\/script>\n<!-- \/ Yoast SEO plugin. -->","yoast_head_json":{"title":"Spritzgie\u00dfmaschinentransport","description":"Verladung, Entladung und Umlagerung von Spritzgie\u00dfmaschinen in ganz Europa. Komplette Umz\u00fcge von\u00a0ganzen\u00a0Werken.","robots":{"index":"index","follow":"follow","max-snippet":"max-snippet:-1","max-image-preview":"max-image-preview:large","max-video-preview":"max-video-preview:-1"},"canonical":"https:\/\/worldplast.eu\/de\/","og_locale":"de_DE","og_type":"article","og_title":"Spritzgie\u00dfmaschinentransport","og_description":"Verladung, Entladung und Umlagerung von Spritzgie\u00dfmaschinen in ganz Europa. Komplette Umz\u00fcge von\u00a0ganzen\u00a0Werken.","og_url":"https:\/\/worldplast.eu\/de\/","og_site_name":"Worldplast","article_modified_time":"2024-03-01T15:16:04+00:00","og_image":[{"width":512,"height":512,"url":"https:\/\/worldplast.eu\/wp-content\/uploads\/2023\/10\/cropped-favicon_worldplast.png","type":"image\/png"}],"twitter_card":"summary_large_image","twitter_misc":{"Gesch\u00e4tzte Lesezeit":"3\u00a0Minuten"},"schema":{"@context":"https:\/\/schema.org","@graph":[{"@type":"WebPage","@id":"https:\/\/worldplast.eu\/de\/","url":"https:\/\/worldplast.eu\/de\/","name":"Spritzgie\u00dfmaschinentransport","isPartOf":{"@id":"https:\/\/worldplast.eu\/de\/#website"},"primaryImageOfPage":{"@id":"https:\/\/worldplast.eu\/de\/#primaryimage"},"image":{"@id":"https:\/\/worldplast.eu\/de\/#primaryimage"},"thumbnailUrl":"https:\/\/worldplast.eu\/wp-content\/uploads\/2023\/10\/cropped-favicon_worldplast.png","datePublished":"2023-10-27T09:54:14+00:00","dateModified":"2024-03-01T15:16:04+00:00","description":"Verladung, Entladung und Umlagerung von Spritzgie\u00dfmaschinen in ganz Europa. Komplette Umz\u00fcge von\u00a0ganzen\u00a0Werken.","breadcrumb":{"@id":"https:\/\/worldplast.eu\/de\/#breadcrumb"},"inLanguage":"de","potentialAction":[{"@type":"ReadAction","target":["https:\/\/worldplast.eu\/de\/"]}]},{"@type":"ImageObject","inLanguage":"de","@id":"https:\/\/worldplast.eu\/de\/#primaryimage","url":"https:\/\/worldplast.eu\/wp-content\/uploads\/2023\/10\/cropped-favicon_worldplast.png","contentUrl":"https:\/\/worldplast.eu\/wp-content\/uploads\/2023\/10\/cropped-favicon_worldplast.png","width":512,"height":512},{"@type":"BreadcrumbList","@id":"https:\/\/worldplast.eu\/de\/#breadcrumb","itemListElement":[{"@type":"ListItem","position":1,"name":"Startseite","item":"https:\/\/worldplast.eu\/de\/"},{"@type":"ListItem","position":2,"name":"Startseite"}]},{"@type":"WebSite","@id":"https:\/\/worldplast.eu\/de\/#website","url":"https:\/\/worldplast.eu\/de\/","name":"Worldplast","description":"","publisher":{"@id":"https:\/\/worldplast.eu\/de\/#organization"},"potentialAction":[{"@type":"SearchAction","target":{"@type":"EntryPoint","urlTemplate":"https:\/\/worldplast.eu\/de\/?s={search_term_string}"},"query-input":"required name=search_term_string"}],"inLanguage":"de"},{"@type":"Organization","@id":"https:\/\/worldplast.eu\/de\/#organization","name":"Worldplast","url":"https:\/\/worldplast.eu\/de\/","logo":{"@type":"ImageObject","inLanguage":"de","@id":"https:\/\/worldplast.eu\/de\/#\/schema\/logo\/image\/","url":"https:\/\/worldplast.eu\/wp-content\/uploads\/2023\/10\/logo-1066x251-1-1024x241-1.jpg","contentUrl":"https:\/\/worldplast.eu\/wp-content\/uploads\/2023\/10\/logo-1066x251-1-1024x241-1.jpg","width":1024,"height":241,"caption":"Worldplast"},"image":{"@id":"https:\/\/worldplast.eu\/de\/#\/schema\/logo\/image\/"}}]}},"_links":{"self":[{"href":"https:\/\/worldplast.eu\/de\/wp-json\/wp\/v2\/pages\/6","targetHints":{"allow":["GET"]}}],"collection":[{"href":"https:\/\/worldplast.eu\/de\/wp-json\/wp\/v2\/pages"}],"about":[{"href":"https:\/\/worldplast.eu\/de\/wp-json\/wp\/v2\/types\/page"}],"author":[{"embeddable":true,"href":"https:\/\/worldplast.eu\/de\/wp-json\/wp\/v2\/users\/1"}],"replies":[{"embeddable":true,"href":"https:\/\/worldplast.eu\/de\/wp-json\/wp\/v2\/comments?post=6"}],"version-history":[{"count":101,"href":"https:\/\/worldplast.eu\/de\/wp-json\/wp\/v2\/pages\/6\/revisions"}],"predecessor-version":[{"id":1308,"href":"https:\/\/worldplast.eu\/de\/wp-json\/wp\/v2\/pages\/6\/revisions\/1308"}],"wp:featuredmedia":[{"embeddable":true,"href":"https:\/\/worldplast.eu\/de\/wp-json\/wp\/v2\/media\/217"}],"wp:attachment":[{"href":"https:\/\/worldplast.eu\/de\/wp-json\/wp\/v2\/media?parent=6"}],"curies":[{"name":"wp","href":"https:\/\/api.w.org\/{rel}","templated":true}]}}