{"id":1461,"date":"2025-01-31T11:55:13","date_gmt":"2025-01-31T10:55:13","guid":{"rendered":"https:\/\/worldplast.eu\/?page_id=1461"},"modified":"2025-01-31T12:00:18","modified_gmt":"2025-01-31T11:00:18","slug":"agb","status":"publish","type":"page","link":"https:\/\/worldplast.eu\/de\/agb\/","title":{"rendered":"AGB"},"content":{"rendered":"\n<div class=\"outer-wrapper \" style=\"background-color: rgba(0,0,0,0);\">\n\n\t<div class=\"wrapper container\" style=\"padding:    ;\">\n\n\t\t\n\n<div class=\"row\">\n\n\t<div class=\"col-lg-12\">\n\n\t\t<div class=\"textwrap\" style=\"column-count: 1\">\n\n\t\t\t<h4>AGB<\/h4>\n<h5>Verkaufs- und Lieferbedingungen<br \/>\nder Worldplast Sp. z o.o.<\/h5>\n<p>Verbindlichkeit und Vertragsabschluss<br \/>\nLieferungen und Leistungen erfolgen ausschlie\u00dflich aufgrund dieser Bedingungen der Worldplast Sp. z o.o., im Folgenden Worldplast. Sie sind wesentlicher Bestandteil der Liefervertr\u00e4ge und gelten durch Auftragserteilung als anerkannt. Sie gelten bei st\u00e4ndigen Gesch\u00e4ftsbeziehungen auch f\u00fcr die zuk\u00fcnftigen Vertr\u00e4ge. Abweichende\/entgegenstehende Gesch\u00e4ftsbedingungen unserer Vertragspartner sind nur dann g\u00fcltig, wenn Worldplast ausdr\u00fccklich\/schriftlich ihrer Geltung zugestimmt hat. Sollte der Vertragspartner hiermit nicht einverstanden sein, muss Worldplast hierauf sofort schriftlich hingewiesen werden. F\u00fcr diesen Fall beh\u00e4lt sich Worldplast vor, seine Angebote zur\u00fcckzuziehen, ohne dass gegen Worldplast Anspr\u00fcche irgendwelcher Art erhoben werden k\u00f6nnen. Soweit Lieferungen au\u00dfenwirtschaftlichen Verpflichtungen, (gem. AWG, AWV, Dual-Use-VO, KWKG, (US) Exportkontrollrecht\/Embargo-Recht) unterliegen, wird der K\u00e4ufer eigenverantwortlich s\u00e4mtliche Bestimmungen beachten. Erforderliche Genehmigungen wird der K\u00e4ufer einholen.<\/p>\n<p>Angebote<br \/>\na) Angebote sind freibleibend, unverbindlich und gelten vorbehaltlich Materialeindeckungsm\u00f6glichkeiten. Der Zwischenverkauf und Irrtum bleiben vorbehalten. Preise gelten nur dann als Festpreis, wenn dies im Einzelfall ausdr\u00fccklich vereinbart ist.<br \/>\nb) Die zu dem Angebot geh\u00f6renden Unterlagen wie Abbildungen, Zeichnungen, Gewichts- und Ma\u00dfangaben sind nur ann\u00e4hernd ma\u00dfgebend, soweit sie nicht ausdr\u00fccklich als verbindlich bezeichnet sind.<br \/>\nc) Hilfe bei Inbetriebnahme:<br \/>\nWorldplast entsendet einen Techniker, der den Kunden bei der Inbetriebnahme der Maschine im Trockenlauf mit seinem Fachwissen unterst\u00fctzt. Die Verantwortung f\u00fcr die Inbetriebnahme liegt allein beim Kunden. Die Entsendung erfolgt f\u00fcr maximal einen Tag, bei Gro\u00dfmaschinen ab einer Tonnage von 200 Tonnen zwei Tage. Unterst\u00fctzung bei Inbetriebnahme beinhaltet die Funktionst\u00fcchtigkeit im Handbetrieb der Komponenten Schlie\u00dfeinheit und Spritzeinheit. Sollte im Trockenlauf festgestellt werden, dass Teile ausgetauscht werden m\u00fcssen oder zus\u00e4tzlich erforderlich sind, tr\u00e4gt s\u00e4mtliche in diesem Zusammenhang entstehenden Kosten der Kunde.<br \/>\nd) Inbetriebnahme:<br \/>\nWorldplast entsendet einen oder mehrere Techniker, der verantwortlich die Maschine im Trockenlauf in Betrieb nimmt. Da es sich um eine Gebrauchtmaschine handelt, kann es vorkommen, dass Schl\u00e4uche, Dichtungen und andere Verschlei\u00dfteile nicht in einem neuwertigen Zustand sind. Weisen diese einen Defekt auf, werden diese auf Kosten der Worldplast ausgetauscht.<\/p>\n<p>Preise<br \/>\na) Die Preise verstehen sich, wenn nicht anders vereinbart, in EURO ab Werk einschlie\u00dflich Verladung im Werk jeweils zuz\u00fcglich der zum Zeitpunkt der Rechnungsstellung geltenden Umsatzsteuer. Z\u00f6lle und sonstiger \u00f6ffentlicher Abgaben, soweit solche anfallen.<br \/>\nb) Lieferungen werden ausschlie\u00dflich auf Anweisung und auf Kosten des K\u00e4ufers transportiert, verpackt und (transport)versichert. Auf Verlangen ist das Verpackungsmaterial und leihweise zur Verf\u00fcgung gestellte Hilfsger\u00e4te unverz\u00fcglich fracht- und kostenfrei zur\u00fcckzusenden.<\/p>\n<p>Auftr\u00e4ge<br \/>\nNach Bestellung \/ Auftragseingang erstellt der Verk\u00e4ufer an den Besteller eine Proforma-Rechnung \/ Rechnung. Die Zahlung des Rechnungsbetrages ist, soweit nicht anders vereinbart, sofort f\u00e4llig. Erfolgt innerhalb von 5 (f\u00fcnf) Werktagen ab dem Ausstellungsdatum der Proforma-Rechnung \/ Rechnung bzw. der vereinbarten F\u00e4lligkeitsfrist kein Zahlungseingang auf das ausgewiesene Bankkonto des Verk\u00e4ufers, wird gegen\u00fcber dem Besteller die Reservierung der Ware aufgehoben. Die Annahme eines Auftrages verpflichtet den Verk\u00e4ufer nicht zur Annahme von Anschlussauftr\u00e4gen zu gleichen Konditionen.<\/p>\n<p>R\u00fccknahme<br \/>\nEine R\u00fccknahme gelieferter Maschinen, Teile wird ausgeschlossen.<\/p>\n<p>Lieferumfang und Lieferzeit<br \/>\na) Die Lieferungen erfolgen, soweit nichts anderes vereinbart ist, ab Werk, frei LKW verladen.<br \/>\nb) Bis zum Versand der Lieferung sind (geringf\u00fcgige) technische \u00c4nderungen\/Verbesserungen gestattet. Insbesondere sind solche technischen \u00c4nderungen zul\u00e4ssig, die bei Vertragsabschluss noch nicht vorhersehbar waren und auf die Erbringung des vereinbarten Leistungsumfanges positive Auswirkungen haben. Die Lieferzeiten ergeben sich aus den Vereinbarungen der Vertragsparteien und sind ann\u00e4hernd. Ihre Einhaltung durch Worldplast setzt voraus, dass alle kaufm\u00e4nnischen\/technischen Fragen zwischen den Vertragspartnern gekl\u00e4rt sind und der K\u00e4ufer alle ihm obliegenden Verpflichtungen, wie z.B. Beibringung der erforderlichen Bescheinigungen\/Genehmigungen, die Leistung der vereinbarten Zahlung und rechtzeitige Materialbeistellungen, erbracht hat; ist dies nicht der Fall, so verl\u00e4ngert sich die Lieferzeit angemessen. Dies gilt nicht, soweit Worldplast die Verz\u00f6gerung zu vertreten hat.<br \/>\nc) Die Einhaltung der Lieferfrist steht unter dem Vorbehalt richtiger\/rechtzeitiger Selbstbelieferung. Bei nicht fristgerechter Lieferung durch Zulieferer von Worldplast ist auch Worldplast von der Einhaltung der Lieferfrist entsprechend entbunden; dies setzt voraus, dass Worldplast ordnungsgem\u00e4\u00df bestellt hat.<\/p>\n<p>d) Die Lieferfrist ist eingehalten, wenn der Liefergegenstand bis zu ihrem Ablauf das Werk Worldplast verlassen hat oder Versandbereitschaft gemeldet ist.<\/p>\n<p>Gefahr\u00fcbergang<br \/>\nDie Gefahr geht auf den K\u00e4ufer \u00fcber, sobald der Liefergegenstand das Lager des Verk\u00e4ufers oder den Ladeort verlassen hat.<\/p>\n<p>Eigentumsvorbehalt<br \/>\nWorldplast beh\u00e4lt sich das Eigentum an s\u00e4mtlichen Liefergegenst\u00e4nden bis zur vollst\u00e4ndigen Kaufpreiszahlung vor.<\/p>\n<p>Gew\u00e4hrleistung<br \/>\nF\u00fcr gebrauchte Maschinen und Teile ist eine Gew\u00e4hrleistung ausgeschlossen.<\/p>\n<p>Haftung (Schadenersatz\/Aufwendungsersatz)<br \/>\nWorldplast haftet nur unter bestimmten Bedingungen f\u00fcr Sch\u00e4den.<\/p>\n<p>Zahlungen<br \/>\nSoweit nicht anders vereinbart, sind die Rechnungen des Verk\u00e4ufers vor Verladung bzw. Versand der Ware ohne Abzug zahlbar.<\/p>\n<p>Anwendbares Recht\/Erf\u00fcllungsort und Gerichtsstand<br \/>\nF\u00fcr diese Gesch\u00e4ftsbedingungen und die gesamten Rechtsbeziehungen zwischen Verk\u00e4ufer und K\u00e4ufer gilt das Recht der Bundesrepublik Deutschland. Erf\u00fcllungsort f\u00fcr alle gegenseitigen Anspr\u00fcche ist Aachen. Als Gerichtsstand gilt Aachen.<\/p>\n<p>Rechtswirksamkeit, Datenschutz<br \/>\nSollte eine der Bestimmungen dieser Allgemeinen Verkaufs- und Lieferbedingungen unwirksam sein oder werden, bleibt der Vertrag im \u00dcbrigen wirksam.<\/p>\n<p>Sonstiges<br \/>\nDie Parteien vereinbaren f\u00fcr alle etwa zu treffenden Abreden Schriftform. Der K\u00e4ufer hat Worldplast auf Eigenschaften der Liefergegenst\u00e4nde gesondert hinzuweisen.<\/p>\n\n\t\t<\/div>\n\n\t<\/div>\n\n<\/div>\n\n\t<\/div>\n\n<\/div>","protected":false},"excerpt":{"rendered":"","protected":false},"author":1,"featured_media":0,"parent":0,"menu_order":0,"comment_status":"closed","ping_status":"closed","template":"","meta":{"_acf_changed":false,"footnotes":""},"class_list":["post-1461","page","type-page","status-publish","hentry"],"acf":[],"yoast_head":"<!-- This site is optimized with the Yoast SEO plugin v22.7 - https:\/\/yoast.com\/wordpress\/plugins\/seo\/ -->\n<title>AGB - Worldplast<\/title>\n<meta name=\"robots\" content=\"index, follow, max-snippet:-1, max-image-preview:large, max-video-preview:-1\" \/>\n<link rel=\"canonical\" href=\"https:\/\/worldplast.eu\/de\/agb\/\" \/>\n<meta property=\"og:locale\" content=\"de_DE\" \/>\n<meta property=\"og:type\" content=\"article\" \/>\n<meta property=\"og:title\" content=\"AGB - Worldplast\" \/>\n<meta property=\"og:url\" content=\"https:\/\/worldplast.eu\/de\/agb\/\" \/>\n<meta property=\"og:site_name\" content=\"Worldplast\" \/>\n<meta property=\"article:modified_time\" content=\"2025-01-31T11:00:18+00:00\" \/>\n<meta name=\"twitter:card\" content=\"summary_large_image\" \/>\n<meta name=\"twitter:label1\" content=\"Gesch\u00e4tzte Lesezeit\" \/>\n\t<meta name=\"twitter:data1\" content=\"5\u00a0Minuten\" \/>\n<script type=\"application\/ld+json\" class=\"yoast-schema-graph\">{\"@context\":\"https:\/\/schema.org\",\"@graph\":[{\"@type\":\"WebPage\",\"@id\":\"https:\/\/worldplast.eu\/de\/agb\/\",\"url\":\"https:\/\/worldplast.eu\/de\/agb\/\",\"name\":\"AGB - Worldplast\",\"isPartOf\":{\"@id\":\"https:\/\/worldplast.eu\/de\/#website\"},\"datePublished\":\"2025-01-31T10:55:13+00:00\",\"dateModified\":\"2025-01-31T11:00:18+00:00\",\"breadcrumb\":{\"@id\":\"https:\/\/worldplast.eu\/de\/agb\/#breadcrumb\"},\"inLanguage\":\"de\",\"potentialAction\":[{\"@type\":\"ReadAction\",\"target\":[\"https:\/\/worldplast.eu\/de\/agb\/\"]}]},{\"@type\":\"BreadcrumbList\",\"@id\":\"https:\/\/worldplast.eu\/de\/agb\/#breadcrumb\",\"itemListElement\":[{\"@type\":\"ListItem\",\"position\":1,\"name\":\"Startseite\",\"item\":\"https:\/\/worldplast.eu\/de\/\"},{\"@type\":\"ListItem\",\"position\":2,\"name\":\"AGB\"}]},{\"@type\":\"WebSite\",\"@id\":\"https:\/\/worldplast.eu\/de\/#website\",\"url\":\"https:\/\/worldplast.eu\/de\/\",\"name\":\"Worldplast\",\"description\":\"\",\"publisher\":{\"@id\":\"https:\/\/worldplast.eu\/de\/#organization\"},\"potentialAction\":[{\"@type\":\"SearchAction\",\"target\":{\"@type\":\"EntryPoint\",\"urlTemplate\":\"https:\/\/worldplast.eu\/de\/?s={search_term_string}\"},\"query-input\":\"required name=search_term_string\"}],\"inLanguage\":\"de\"},{\"@type\":\"Organization\",\"@id\":\"https:\/\/worldplast.eu\/de\/#organization\",\"name\":\"Worldplast\",\"url\":\"https:\/\/worldplast.eu\/de\/\",\"logo\":{\"@type\":\"ImageObject\",\"inLanguage\":\"de\",\"@id\":\"https:\/\/worldplast.eu\/de\/#\/schema\/logo\/image\/\",\"url\":\"https:\/\/worldplast.eu\/wp-content\/uploads\/2023\/10\/logo-1066x251-1-1024x241-1.jpg\",\"contentUrl\":\"https:\/\/worldplast.eu\/wp-content\/uploads\/2023\/10\/logo-1066x251-1-1024x241-1.jpg\",\"width\":1024,\"height\":241,\"caption\":\"Worldplast\"},\"image\":{\"@id\":\"https:\/\/worldplast.eu\/de\/#\/schema\/logo\/image\/\"}}]}<\/script>\n<!-- \/ Yoast SEO plugin. -->","yoast_head_json":{"title":"AGB - Worldplast","robots":{"index":"index","follow":"follow","max-snippet":"max-snippet:-1","max-image-preview":"max-image-preview:large","max-video-preview":"max-video-preview:-1"},"canonical":"https:\/\/worldplast.eu\/de\/agb\/","og_locale":"de_DE","og_type":"article","og_title":"AGB - Worldplast","og_url":"https:\/\/worldplast.eu\/de\/agb\/","og_site_name":"Worldplast","article_modified_time":"2025-01-31T11:00:18+00:00","twitter_card":"summary_large_image","twitter_misc":{"Gesch\u00e4tzte Lesezeit":"5\u00a0Minuten"},"schema":{"@context":"https:\/\/schema.org","@graph":[{"@type":"WebPage","@id":"https:\/\/worldplast.eu\/de\/agb\/","url":"https:\/\/worldplast.eu\/de\/agb\/","name":"AGB - Worldplast","isPartOf":{"@id":"https:\/\/worldplast.eu\/de\/#website"},"datePublished":"2025-01-31T10:55:13+00:00","dateModified":"2025-01-31T11:00:18+00:00","breadcrumb":{"@id":"https:\/\/worldplast.eu\/de\/agb\/#breadcrumb"},"inLanguage":"de","potentialAction":[{"@type":"ReadAction","target":["https:\/\/worldplast.eu\/de\/agb\/"]}]},{"@type":"BreadcrumbList","@id":"https:\/\/worldplast.eu\/de\/agb\/#breadcrumb","itemListElement":[{"@type":"ListItem","position":1,"name":"Startseite","item":"https:\/\/worldplast.eu\/de\/"},{"@type":"ListItem","position":2,"name":"AGB"}]},{"@type":"WebSite","@id":"https:\/\/worldplast.eu\/de\/#website","url":"https:\/\/worldplast.eu\/de\/","name":"Worldplast","description":"","publisher":{"@id":"https:\/\/worldplast.eu\/de\/#organization"},"potentialAction":[{"@type":"SearchAction","target":{"@type":"EntryPoint","urlTemplate":"https:\/\/worldplast.eu\/de\/?s={search_term_string}"},"query-input":"required name=search_term_string"}],"inLanguage":"de"},{"@type":"Organization","@id":"https:\/\/worldplast.eu\/de\/#organization","name":"Worldplast","url":"https:\/\/worldplast.eu\/de\/","logo":{"@type":"ImageObject","inLanguage":"de","@id":"https:\/\/worldplast.eu\/de\/#\/schema\/logo\/image\/","url":"https:\/\/worldplast.eu\/wp-content\/uploads\/2023\/10\/logo-1066x251-1-1024x241-1.jpg","contentUrl":"https:\/\/worldplast.eu\/wp-content\/uploads\/2023\/10\/logo-1066x251-1-1024x241-1.jpg","width":1024,"height":241,"caption":"Worldplast"},"image":{"@id":"https:\/\/worldplast.eu\/de\/#\/schema\/logo\/image\/"}}]}},"_links":{"self":[{"href":"https:\/\/worldplast.eu\/de\/wp-json\/wp\/v2\/pages\/1461","targetHints":{"allow":["GET"]}}],"collection":[{"href":"https:\/\/worldplast.eu\/de\/wp-json\/wp\/v2\/pages"}],"about":[{"href":"https:\/\/worldplast.eu\/de\/wp-json\/wp\/v2\/types\/page"}],"author":[{"embeddable":true,"href":"https:\/\/worldplast.eu\/de\/wp-json\/wp\/v2\/users\/1"}],"replies":[{"embeddable":true,"href":"https:\/\/worldplast.eu\/de\/wp-json\/wp\/v2\/comments?post=1461"}],"version-history":[{"count":3,"href":"https:\/\/worldplast.eu\/de\/wp-json\/wp\/v2\/pages\/1461\/revisions"}],"predecessor-version":[{"id":1465,"href":"https:\/\/worldplast.eu\/de\/wp-json\/wp\/v2\/pages\/1461\/revisions\/1465"}],"wp:attachment":[{"href":"https:\/\/worldplast.eu\/de\/wp-json\/wp\/v2\/media?parent=1461"}],"curies":[{"name":"wp","href":"https:\/\/api.w.org\/{rel}","templated":true}]}}