{"id":126,"date":"2023-10-30T07:33:32","date_gmt":"2023-10-30T06:33:32","guid":{"rendered":"https:\/\/worldplast.eu\/?page_id=126"},"modified":"2024-02-21T12:14:32","modified_gmt":"2024-02-21T11:14:32","slug":"gebrauchte-spritzgiessmaschinen","status":"publish","type":"page","link":"https:\/\/worldplast.eu\/de\/gebrauchte-spritzgiessmaschinen\/","title":{"rendered":"gebrauchte Spritzgie\u00dfmaschinen"},"content":{"rendered":"\n<section class=\"banner\" style=\"height: 600px\">\n\t\n\t\n\t\t\t<div class=\"slide\" style=\"height: 600px\">\n\n\t\t\t\t<img decoding=\"async\" src=\"https:\/\/worldplast.eu\/wp-content\/uploads\/2023\/11\/Bild3-scaled.jpg\" alt=\"gebrauchte Spritzgie\u00dfmaschinen Europnet\">\n\n\t\t\t\t<div class=\"slide_overlay\">\n\n\t\t\t\t\t<div class=\"container h-100\">\n\n\t\t\t\t\t\t<div class=\"row h-100\">\n\n\t\t\t\t\t\t\t<div class=\"col-lg-12\">\n\n\t\t\t\t\t\t\t\t<span class=\"banner-headline\">Gebrauchte Spritzgie\u00dfmaschinen kaufen und verkaufen mit Europnet<\/span>\n\n\t\t\t\t\t\t\t\t<span class=\"banner-subline\"><\/span>\n\n\t\t\t\t\t\t\t\t<a class=\"banner-link button\" target=\"_blank\" href=\"https:\/\/europnet.eu\/\">Mit Europnet Kontakt aufnehmen<\/a>\n\n\t\t\t\t\t\t\t<\/div>\n\n\t\t\t\t\t\t<\/div>\n\n\t\t\t\t\t<\/div>\n\n\t\t\t\t<\/div>\n\n\t\t\t<\/div>\n\n\t\t\n<\/section>\n\n\t\t\t\t\t\n\n\n\n<div class=\"outer-wrapper \" style=\"background-color: rgba(243,248,254,1);\">\n\n\t<div class=\"wrapper container\" style=\"padding:    ;\">\n\n\t\t\n\n<div class=\"row\">\n\n\t<div class=\"col-lg-12\">\n\n\t\t<div class=\"textwrap\" style=\"column-count: 1\">\n\n\t\t\t<p>Sie suchen eine gebrauchte Spritzgie\u00dfmaschine? Oder m\u00f6chten Sie Ihre alte Maschine verkaufen? Dann sind Sie bei Europnet genau richtig. Europnet ist ein f\u00fchrender Anbieter von gebrauchten Spritzgie\u00dfmaschinen in Europa.<\/p>\n<p><strong>Angebot<\/strong><\/p>\n<p>Eine breite Palette von gebrauchten Spritzgie\u00dfmaschinen f\u00fcr verschiedene Anwendungen wird von Europnet angeboten, von kleinen Labormaschinen bis hin zu gro\u00dfen Produktionsanlagen. Die Maschinen sind in einem guten Zustand und werden von erfahrenen Technikern gewartet und gepr\u00fcft.<\/p>\n<p><strong>Spritzgie\u00dfmaschine kaufen<\/strong><\/p>\n<p>Wenn Sie eine gebrauchte Spritzgie\u00dfmaschine kaufen m\u00f6chten, steht Ihnen ein umfassender Service zur Verf\u00fcgung. Ihnen wird bei der Auswahl der geeigneten Maschine, der Finanzierung und der Lieferung geholfen.<\/p>\n<p><strong>Spritzgie\u00dfmaschine verkaufen<\/strong><\/p>\n<p>Wenn Sie Ihre alte Spritzgie\u00dfmaschine verkaufen m\u00f6chten, bietet Europnet Ihnen eine kostenlose Bewertung und einen fairen Preis. Es wird sich ebenso \u00fcber den Transport und die Verladung gek\u00fcmmert.<\/p>\n<p>Europnet hilft Ihnen gerne, die richtige Maschine f\u00fcr Ihre Bed\u00fcrfnisse\u00a0zu\u00a0finden.<\/p>\n<p><a href=\"https:\/\/europnet.eu\/\" target=\"_blank\"><img decoding=\"async\" style=\"width: 400px; height: auto; max-width: 100%; object-fit: contain; display: block; margin: 30px auto 0 auto;\" src=\"https:\/\/worldplast.eu\/wp-content\/uploads\/2023\/11\/europnet_logonew-scaled-1.png\" alt=\"\"><\/a><\/p>\n\n\t\t<\/div>\n\n\t<\/div>\n\n<\/div>\n\n\t<\/div>\n\n<\/div>","protected":false},"excerpt":{"rendered":"","protected":false},"author":1,"featured_media":0,"parent":0,"menu_order":0,"comment_status":"closed","ping_status":"closed","template":"","meta":{"_acf_changed":false,"footnotes":""},"class_list":["post-126","page","type-page","status-publish","hentry"],"acf":[],"yoast_head":"<!-- This site is optimized with the Yoast SEO plugin v22.7 - https:\/\/yoast.com\/wordpress\/plugins\/seo\/ -->\n<title>gebrauchte Spritzgie\u00dfmaschinen - Worldplast<\/title>\n<meta name=\"description\" content=\"Europnet, mit mehr als 20 Jahren Erfahrung, ist Ihr idealer Partner beim Kauf oder Verkauf gebrauchter Spritzgie\u00dfmaschinen.\" \/>\n<meta name=\"robots\" content=\"index, follow, max-snippet:-1, max-image-preview:large, max-video-preview:-1\" \/>\n<link rel=\"canonical\" href=\"https:\/\/worldplast.eu\/de\/gebrauchte-spritzgiessmaschinen\/\" \/>\n<meta property=\"og:locale\" content=\"de_DE\" \/>\n<meta property=\"og:type\" content=\"article\" \/>\n<meta property=\"og:title\" content=\"gebrauchte Spritzgie\u00dfmaschinen - Worldplast\" \/>\n<meta property=\"og:description\" content=\"Europnet, mit mehr als 20 Jahren Erfahrung, ist Ihr idealer Partner beim Kauf oder Verkauf gebrauchter Spritzgie\u00dfmaschinen.\" \/>\n<meta property=\"og:url\" content=\"https:\/\/worldplast.eu\/de\/gebrauchte-spritzgiessmaschinen\/\" \/>\n<meta property=\"og:site_name\" content=\"Worldplast\" \/>\n<meta property=\"article:modified_time\" content=\"2024-02-21T11:14:32+00:00\" \/>\n<meta name=\"twitter:card\" content=\"summary_large_image\" \/>\n<meta name=\"twitter:label1\" content=\"Gesch\u00e4tzte Lesezeit\" \/>\n\t<meta name=\"twitter:data1\" content=\"2\u00a0Minuten\" \/>\n<script type=\"application\/ld+json\" class=\"yoast-schema-graph\">{\"@context\":\"https:\/\/schema.org\",\"@graph\":[{\"@type\":\"WebPage\",\"@id\":\"https:\/\/worldplast.eu\/de\/gebrauchte-spritzgiessmaschinen\/\",\"url\":\"https:\/\/worldplast.eu\/de\/gebrauchte-spritzgiessmaschinen\/\",\"name\":\"gebrauchte Spritzgie\u00dfmaschinen - Worldplast\",\"isPartOf\":{\"@id\":\"https:\/\/worldplast.eu\/de\/#website\"},\"datePublished\":\"2023-10-30T06:33:32+00:00\",\"dateModified\":\"2024-02-21T11:14:32+00:00\",\"description\":\"Europnet, mit mehr als 20 Jahren Erfahrung, ist Ihr idealer Partner beim Kauf oder Verkauf gebrauchter Spritzgie\u00dfmaschinen.\",\"breadcrumb\":{\"@id\":\"https:\/\/worldplast.eu\/de\/gebrauchte-spritzgiessmaschinen\/#breadcrumb\"},\"inLanguage\":\"de\",\"potentialAction\":[{\"@type\":\"ReadAction\",\"target\":[\"https:\/\/worldplast.eu\/de\/gebrauchte-spritzgiessmaschinen\/\"]}]},{\"@type\":\"BreadcrumbList\",\"@id\":\"https:\/\/worldplast.eu\/de\/gebrauchte-spritzgiessmaschinen\/#breadcrumb\",\"itemListElement\":[{\"@type\":\"ListItem\",\"position\":1,\"name\":\"Startseite\",\"item\":\"https:\/\/worldplast.eu\/de\/\"},{\"@type\":\"ListItem\",\"position\":2,\"name\":\"gebrauchte Spritzgie\u00dfmaschinen\"}]},{\"@type\":\"WebSite\",\"@id\":\"https:\/\/worldplast.eu\/de\/#website\",\"url\":\"https:\/\/worldplast.eu\/de\/\",\"name\":\"Worldplast\",\"description\":\"\",\"publisher\":{\"@id\":\"https:\/\/worldplast.eu\/de\/#organization\"},\"potentialAction\":[{\"@type\":\"SearchAction\",\"target\":{\"@type\":\"EntryPoint\",\"urlTemplate\":\"https:\/\/worldplast.eu\/de\/?s={search_term_string}\"},\"query-input\":\"required name=search_term_string\"}],\"inLanguage\":\"de\"},{\"@type\":\"Organization\",\"@id\":\"https:\/\/worldplast.eu\/de\/#organization\",\"name\":\"Worldplast\",\"url\":\"https:\/\/worldplast.eu\/de\/\",\"logo\":{\"@type\":\"ImageObject\",\"inLanguage\":\"de\",\"@id\":\"https:\/\/worldplast.eu\/de\/#\/schema\/logo\/image\/\",\"url\":\"https:\/\/worldplast.eu\/wp-content\/uploads\/2023\/10\/logo-1066x251-1-1024x241-1.jpg\",\"contentUrl\":\"https:\/\/worldplast.eu\/wp-content\/uploads\/2023\/10\/logo-1066x251-1-1024x241-1.jpg\",\"width\":1024,\"height\":241,\"caption\":\"Worldplast\"},\"image\":{\"@id\":\"https:\/\/worldplast.eu\/de\/#\/schema\/logo\/image\/\"}}]}<\/script>\n<!-- \/ Yoast SEO plugin. -->","yoast_head_json":{"title":"gebrauchte Spritzgie\u00dfmaschinen - Worldplast","description":"Europnet, mit mehr als 20 Jahren Erfahrung, ist Ihr idealer Partner beim Kauf oder Verkauf gebrauchter Spritzgie\u00dfmaschinen.","robots":{"index":"index","follow":"follow","max-snippet":"max-snippet:-1","max-image-preview":"max-image-preview:large","max-video-preview":"max-video-preview:-1"},"canonical":"https:\/\/worldplast.eu\/de\/gebrauchte-spritzgiessmaschinen\/","og_locale":"de_DE","og_type":"article","og_title":"gebrauchte Spritzgie\u00dfmaschinen - Worldplast","og_description":"Europnet, mit mehr als 20 Jahren Erfahrung, ist Ihr idealer Partner beim Kauf oder Verkauf gebrauchter Spritzgie\u00dfmaschinen.","og_url":"https:\/\/worldplast.eu\/de\/gebrauchte-spritzgiessmaschinen\/","og_site_name":"Worldplast","article_modified_time":"2024-02-21T11:14:32+00:00","twitter_card":"summary_large_image","twitter_misc":{"Gesch\u00e4tzte Lesezeit":"2\u00a0Minuten"},"schema":{"@context":"https:\/\/schema.org","@graph":[{"@type":"WebPage","@id":"https:\/\/worldplast.eu\/de\/gebrauchte-spritzgiessmaschinen\/","url":"https:\/\/worldplast.eu\/de\/gebrauchte-spritzgiessmaschinen\/","name":"gebrauchte Spritzgie\u00dfmaschinen - Worldplast","isPartOf":{"@id":"https:\/\/worldplast.eu\/de\/#website"},"datePublished":"2023-10-30T06:33:32+00:00","dateModified":"2024-02-21T11:14:32+00:00","description":"Europnet, mit mehr als 20 Jahren Erfahrung, ist Ihr idealer Partner beim Kauf oder Verkauf gebrauchter Spritzgie\u00dfmaschinen.","breadcrumb":{"@id":"https:\/\/worldplast.eu\/de\/gebrauchte-spritzgiessmaschinen\/#breadcrumb"},"inLanguage":"de","potentialAction":[{"@type":"ReadAction","target":["https:\/\/worldplast.eu\/de\/gebrauchte-spritzgiessmaschinen\/"]}]},{"@type":"BreadcrumbList","@id":"https:\/\/worldplast.eu\/de\/gebrauchte-spritzgiessmaschinen\/#breadcrumb","itemListElement":[{"@type":"ListItem","position":1,"name":"Startseite","item":"https:\/\/worldplast.eu\/de\/"},{"@type":"ListItem","position":2,"name":"gebrauchte Spritzgie\u00dfmaschinen"}]},{"@type":"WebSite","@id":"https:\/\/worldplast.eu\/de\/#website","url":"https:\/\/worldplast.eu\/de\/","name":"Worldplast","description":"","publisher":{"@id":"https:\/\/worldplast.eu\/de\/#organization"},"potentialAction":[{"@type":"SearchAction","target":{"@type":"EntryPoint","urlTemplate":"https:\/\/worldplast.eu\/de\/?s={search_term_string}"},"query-input":"required name=search_term_string"}],"inLanguage":"de"},{"@type":"Organization","@id":"https:\/\/worldplast.eu\/de\/#organization","name":"Worldplast","url":"https:\/\/worldplast.eu\/de\/","logo":{"@type":"ImageObject","inLanguage":"de","@id":"https:\/\/worldplast.eu\/de\/#\/schema\/logo\/image\/","url":"https:\/\/worldplast.eu\/wp-content\/uploads\/2023\/10\/logo-1066x251-1-1024x241-1.jpg","contentUrl":"https:\/\/worldplast.eu\/wp-content\/uploads\/2023\/10\/logo-1066x251-1-1024x241-1.jpg","width":1024,"height":241,"caption":"Worldplast"},"image":{"@id":"https:\/\/worldplast.eu\/de\/#\/schema\/logo\/image\/"}}]}},"_links":{"self":[{"href":"https:\/\/worldplast.eu\/de\/wp-json\/wp\/v2\/pages\/126","targetHints":{"allow":["GET"]}}],"collection":[{"href":"https:\/\/worldplast.eu\/de\/wp-json\/wp\/v2\/pages"}],"about":[{"href":"https:\/\/worldplast.eu\/de\/wp-json\/wp\/v2\/types\/page"}],"author":[{"embeddable":true,"href":"https:\/\/worldplast.eu\/de\/wp-json\/wp\/v2\/users\/1"}],"replies":[{"embeddable":true,"href":"https:\/\/worldplast.eu\/de\/wp-json\/wp\/v2\/comments?post=126"}],"version-history":[{"count":30,"href":"https:\/\/worldplast.eu\/de\/wp-json\/wp\/v2\/pages\/126\/revisions"}],"predecessor-version":[{"id":1171,"href":"https:\/\/worldplast.eu\/de\/wp-json\/wp\/v2\/pages\/126\/revisions\/1171"}],"wp:attachment":[{"href":"https:\/\/worldplast.eu\/de\/wp-json\/wp\/v2\/media?parent=126"}],"curies":[{"name":"wp","href":"https:\/\/api.w.org\/{rel}","templated":true}]}}